{"id":16790,"date":"2024-10-16T22:43:36","date_gmt":"2024-10-16T12:43:36","guid":{"rendered":"https:\/\/standify.org\/shop\/roronoa-zoro-three-sword-style-haki-action-figure-one-piece-collectible-16-cm\/"},"modified":"2026-04-13T05:46:24","modified_gmt":"2026-04-12T19:46:24","slug":"roronoa-zoro-three-sword-style-haki-action-figure-one-piece-collectible-16-cm","status":"publish","type":"product","link":"https:\/\/standify.org\/fr\/boutique\/roronoa-zoro-three-sword-style-haki-action-figure-one-piece-collectible-16-cm\/","title":{"rendered":"Roronoa Zoro Three-Sword Style Haki Action Figure - One Piece Pi\u00e8ce de collection (16 cm)"},"content":{"rendered":"<p>\ud83d\udd25 <strong>Rejoignez des milliers de fans de One Piece !<\/strong> Le pr\u00e9sent <strong>Roronoa Zoro<\/strong> est l'une des pr\u00e9f\u00e9r\u00e9es des fans ! Les collectionneurs et les amateurs ne tarissent pas d'\u00e9loges sur les d\u00e9tails incroyables et la qualit\u00e9 de fabrication ! Ne manquez pas d'ajouter cette pi\u00e8ce embl\u00e9matique \u00e0 votre collection ! \ud83d\ude0d<\/p>\n<p><strong>\ud83c\udf1f Pourquoi vous avez besoin de cette figure \u00e9pique :<\/strong><\/p>\n<ul>\n<li>\ud83d\udde1\ufe0f <strong>Trois \u00e9p\u00e9es l\u00e9gendaires<\/strong> - Wado Ichimonji, Sandai Kitetsu et Enma, tous parfaitement recr\u00e9\u00e9s !<\/li>\n<li>\ud83d\udca5 <strong>Infus\u00e9 avec le Haki de la puissance<\/strong> - Sentez l'intensit\u00e9 du Haki de Zoro rayonner de chaque lame !<\/li>\n<li>\ud83d\udcaa <strong>Pose d'action dynamique<\/strong> - Capture le Santoryu (style des trois \u00e9p\u00e9es) de Zoro dans toute sa splendeur !<\/li>\n<li>\ud83c\udfa8 <strong>Un savoir-faire sup\u00e9rieur<\/strong> - Des d\u00e9tails m\u00e9ticuleux, de ses cicatrices de combat \u00e0 sa posture puissante !<\/li>\n<li>\ud83c\udfaf <strong>16 cm de pur bonheur<\/strong> - Une taille parfaite pour une pr\u00e9sentation sur une \u00e9tag\u00e8re ou un bureau !<\/li>\n<\/ul>\n<p><strong>Ce qu'en disent les fans :<\/strong> \ud83d\udcac <em>\"Cette figurine est si r\u00e9aliste que l'on peut presque sentir la force de Zoro !<\/em><br \/>\n\ud83d\udcac <em>\"Un must absolu pour tous les amoureux de One Piece !<\/em><br \/>\n\ud83d\udcac <em>\"Les d\u00e9tails sont incroyables, en particulier l'effet Haki sur les \u00e9p\u00e9es !<\/em><\/p>\n<p>\ud83c\udff4\u200d\u2620\ufe0f <strong>Faites partie de l'\u00e9quipe !<\/strong> Que vous soyez un fan inconditionnel de One Piece ou un collectionneur de figurines \u00e9piques, cette statue de Zoro est un ajout essentiel \u00e0 votre collection. La force, la d\u00e9termination et la loyaut\u00e9 l\u00e9gendaires de Zoro sont captur\u00e9es dans cette pose impressionnante ! \u2694\ufe0f<\/p>\n<p>\ud83d\udca5 <strong>Stock limit\u00e9 - N'attendez pas !<\/strong> Cliquez sur \"Ajouter au panier\" maintenant et revendiquez votre place parmi les milliers de personnes qui ont d\u00e9j\u00e0 fait de cette figurine de Zoro le joyau de leur collection !<\/p>","protected":false},"excerpt":{"rendered":"<p>Rejoignez des milliers de fans de One Piece ! Cette figurine de Zoro Roronoa est l'une des pr\u00e9f\u00e9r\u00e9es des fans ! Les collectionneurs et les amateurs s'extasient<\/p>","protected":false},"featured_media":16767,"comment_status":"open","ping_status":"closed","template":"","meta":[],"product_brand":[],"product_cat":[696,18],"product_tag":[683],"class_list":{"0":"post-16790","1":"product","2":"type-product","3":"status-publish","4":"has-post-thumbnail","6":"product_cat-one-piece","7":"product_cat-action-figure","8":"product_tag-one-piece","10":"first","11":"instock","12":"sale","13":"taxable","14":"shipping-taxable","15":"purchasable","16":"product-type-simple"},"jetpack_sharing_enabled":true,"_links":{"self":[{"href":"https:\/\/standify.org\/fr\/wp-json\/wp\/v2\/product\/16790","targetHints":{"allow":["GET"]}}],"collection":[{"href":"https:\/\/standify.org\/fr\/wp-json\/wp\/v2\/product"}],"about":[{"href":"https:\/\/standify.org\/fr\/wp-json\/wp\/v2\/types\/product"}],"replies":[{"embeddable":true,"href":"https:\/\/standify.org\/fr\/wp-json\/wp\/v2\/comments?post=16790"}],"version-history":[{"count":2,"href":"https:\/\/standify.org\/fr\/wp-json\/wp\/v2\/product\/16790\/revisions"}],"predecessor-version":[{"id":16887,"href":"https:\/\/standify.org\/fr\/wp-json\/wp\/v2\/product\/16790\/revisions\/16887"}],"wp:featuredmedia":[{"embeddable":true,"href":"https:\/\/standify.org\/fr\/wp-json\/wp\/v2\/media\/16767"}],"wp:attachment":[{"href":"https:\/\/standify.org\/fr\/wp-json\/wp\/v2\/media?parent=16790"}],"wp:term":[{"taxonomy":"product_brand","embeddable":true,"href":"https:\/\/standify.org\/fr\/wp-json\/wp\/v2\/product_brand?post=16790"},{"taxonomy":"product_cat","embeddable":true,"href":"https:\/\/standify.org\/fr\/wp-json\/wp\/v2\/product_cat?post=16790"},{"taxonomy":"product_tag","embeddable":true,"href":"https:\/\/standify.org\/fr\/wp-json\/wp\/v2\/product_tag?post=16790"}],"curies":[{"name":"wp","href":"https:\/\/api.w.org\/{rel}","templated":true}]}}