{"id":16775,"date":"2024-10-16T22:43:30","date_gmt":"2024-10-16T12:43:30","guid":{"rendered":"https:\/\/standify.org\/shop\/monkey-d-luffy-gear-5-awakening-figurine\/"},"modified":"2026-03-29T18:34:10","modified_gmt":"2026-03-29T08:34:10","slug":"monkey-d-luffy-gear-5-awakening-figurine","status":"publish","type":"product","link":"https:\/\/standify.org\/fr\/boutique\/monkey-d-luffy-gear-5-awakening-figurine\/","title":{"rendered":"Monkey D. Luffy Gear 5 Awakening Figurine"},"content":{"rendered":"<p>\ud83c\udf1f <strong>Rejoignez l'\u00e9quipage avec la figurine Gear 5 de Luffy !<\/strong> \ud83c\udf1f<\/p>\n<p>\ud83d\udca5 Pr\u00e9parez-vous \u00e0 faire partie de l'aventure avec <strong>Monkey D. Luffy<\/strong> - le futur roi des pirates et capitaine du l\u00e9gendaire navire de la <strong>Pirates \u00e0 chapeau de paille<\/strong>! \ud83d\udcaa<\/p>\n<p>\u26a1 <strong>Cette figurine \u00e9pique pr\u00e9sente les caract\u00e9ristiques suivantes<\/strong><\/p>\n<ul>\n<li>\ud83c\udf0a <strong>Luffy dans la transformation de Gear 5<\/strong> - La r\u00e9incarnation de <strong>Gar\u00e7on de joie<\/strong> avec une puissance in\u00e9gal\u00e9e !<\/li>\n<li>\ud83d\udd25 <strong>Incroyable taille de 10 cm<\/strong> - Compact mais plein d'action !<\/li>\n<li>\ud83c\udfa8 <strong>Conception haut de gamme<\/strong> - Con\u00e7ue pour rester fid\u00e8le \u00e0 l'univers de la <strong>Une pi\u00e8ce<\/strong>.<\/li>\n<\/ul>\n<p><strong>Pourquoi cette figurine est indispensable :<\/strong> Luffy's <strong>Engrenages 5<\/strong> a fait ses d\u00e9buts lors de l'embl\u00e9matique <strong>Guerre d'Onigashima<\/strong>, repr\u00e9sentant son <strong>les pouvoirs du Fruit du Diable \u00e9veill\u00e9s<\/strong>! C'est plus qu'une simple figurine, c'est un morceau de l'histoire de l'humanit\u00e9. <strong>L'univers de One Piece<\/strong>! \ud83c\udf0d<\/p>\n<p>Rejoignez les milliers de fans qui transforment leur chambre en un v\u00e9ritable lieu de vie. <strong>Sanctuaires Shonen<\/strong>! \ud83c\udff4\u200d\u2620\ufe0f Ressentez l'esprit d'aventure en incarnant Luffy, couvert de <strong>Haki<\/strong> et d\u00e9termination, se bat pour lib\u00e9rer les mers. \ud83c\udf0a<\/p>\n<p>\ud83d\udd25 <strong>Pr\u00eat \u00e0 rejoindre l'\u00e9quipe ?<\/strong> Ajoutez cette figurine de Luffy \u00e0 votre collection d\u00e8s aujourd'hui et entrez dans la l\u00e9gende des pirates ! \ud83c\udff4\u200d\u2620\ufe0f<\/p>","protected":false},"excerpt":{"rendered":"<p>\ud83c\udf1f Rejoignez l'\u00e9quipage avec la figurine Gear 5 de Luffy ! \ud83c\udf1f \ud83d\udca5 Pr\u00e9parez-vous \u00e0 faire partie de l'aventure avec la figurine Gear 5 de Luffy.<\/p>","protected":false},"featured_media":16726,"comment_status":"open","ping_status":"closed","template":"","meta":[],"product_brand":[],"product_cat":[696,18],"product_tag":[684,683],"class_list":{"0":"post-16775","1":"product","2":"type-product","3":"status-publish","4":"has-post-thumbnail","6":"product_cat-one-piece","7":"product_cat-action-figure","8":"product_tag-luffy","9":"product_tag-one-piece","11":"first","12":"instock","13":"sale","14":"taxable","15":"shipping-taxable","16":"purchasable","17":"product-type-simple"},"jetpack_sharing_enabled":true,"_links":{"self":[{"href":"https:\/\/standify.org\/fr\/wp-json\/wp\/v2\/product\/16775","targetHints":{"allow":["GET"]}}],"collection":[{"href":"https:\/\/standify.org\/fr\/wp-json\/wp\/v2\/product"}],"about":[{"href":"https:\/\/standify.org\/fr\/wp-json\/wp\/v2\/types\/product"}],"replies":[{"embeddable":true,"href":"https:\/\/standify.org\/fr\/wp-json\/wp\/v2\/comments?post=16775"}],"version-history":[{"count":2,"href":"https:\/\/standify.org\/fr\/wp-json\/wp\/v2\/product\/16775\/revisions"}],"predecessor-version":[{"id":16893,"href":"https:\/\/standify.org\/fr\/wp-json\/wp\/v2\/product\/16775\/revisions\/16893"}],"wp:featuredmedia":[{"embeddable":true,"href":"https:\/\/standify.org\/fr\/wp-json\/wp\/v2\/media\/16726"}],"wp:attachment":[{"href":"https:\/\/standify.org\/fr\/wp-json\/wp\/v2\/media?parent=16775"}],"wp:term":[{"taxonomy":"product_brand","embeddable":true,"href":"https:\/\/standify.org\/fr\/wp-json\/wp\/v2\/product_brand?post=16775"},{"taxonomy":"product_cat","embeddable":true,"href":"https:\/\/standify.org\/fr\/wp-json\/wp\/v2\/product_cat?post=16775"},{"taxonomy":"product_tag","embeddable":true,"href":"https:\/\/standify.org\/fr\/wp-json\/wp\/v2\/product_tag?post=16775"}],"curies":[{"name":"wp","href":"https:\/\/api.w.org\/{rel}","templated":true}]}}