{"id":16753,"date":"2024-10-16T22:42:49","date_gmt":"2024-10-16T12:42:49","guid":{"rendered":"https:\/\/standify.org\/shop\/luffy-5th-gear-ultimate-edition-figure\/"},"modified":"2026-04-10T00:52:43","modified_gmt":"2026-04-09T14:52:43","slug":"luffy-5th-gear-ultimate-edition-figure","status":"publish","type":"product","link":"https:\/\/standify.org\/fr\/boutique\/luffy-5th-gear-ultimate-edition-figure\/","title":{"rendered":"Figurine Luffy 5th Gear ULTIMATE EDITION"},"content":{"rendered":"<p>\ud83c\udf00 <strong>Lib\u00e9rez le pouvoir du futur roi pirate !<\/strong> \ud83c\udf00<\/p>\n<p>\ud83d\udd25 <strong>Monkey D. Luffy Figurine Gear 5<\/strong> \ud83d\udd25<\/p>\n<p>\ud83d\udc51 Rejoignez l'aventure avec la figure ultime du <strong>Luffy<\/strong>Le futur roi des pirates, issu de la l\u00e9gendaire \"famille des pirates\", est une figure de proue de l'histoire des pirates. <strong>One Piece\u2122<\/strong> s\u00e9rie ! \ud83d\udcaa Pr\u00e9parez-vous \u00e0 vivre la magie de son <strong>Transformation de l'engrenage 5<\/strong>, le <strong>r\u00e9incarnation de Joy Boy<\/strong>Le prix de cette pi\u00e8ce de collection haut de gamme est tr\u00e8s \u00e9lev\u00e9.<\/p>\n<p><strong>\ud83c\udf1f Caract\u00e9ristiques principales :<\/strong><\/p>\n<ul>\n<li>\ud83d\udccf <strong>Taille :<\/strong> 16 cm de pure g\u00e9n\u00e9rosit\u00e9 de Luffy<\/li>\n<li>\ud83c\udfa8 <strong>Conception :<\/strong> Authentique au manga, capturant chaque d\u00e9tail de sa transformation !<\/li>\n<li>\ud83d\udce6 <strong>Emballage :<\/strong> Vient dans le <strong>Bo\u00eete d'origine<\/strong>-Parfait pour les collectionneurs !<\/li>\n<li>\ud83d\udcaf <strong>Qualit\u00e9 :<\/strong> Une construction haut de gamme pour les vrais fans de One Piece \ud83d\udd1d<\/li>\n<\/ul>\n<p><strong>\ud83d\ude80 Why You'll Love It :<\/strong><\/p>\n<ul>\n<li><strong>Personnage embl\u00e9matique :<\/strong> Monkey D. Luffy, alias <strong>\"Mugiwara<\/strong>est l'inarr\u00eatable capitaine de l'\u00e9quipe de football de l'Union europ\u00e9enne. <strong>Pirates \u00e0 chapeau de paille<\/strong>qui rivalise d\u00e9sormais avec le Yonko le plus fort du monde ! \ud83c\udff4\u200d\u2620\ufe0f<\/li>\n<li><strong>Transformation \u00e9pique :<\/strong> Le Gear 5 de Luffy est son plus grand <strong>forme puissante<\/strong>en combinant la force de <strong>Armement Haki<\/strong> et le <strong>Haki du roi<\/strong>! \u2694\ufe0f<\/li>\n<li><strong>Le voyage d'un h\u00e9ros :<\/strong> De l'ingestion accidentelle du <strong>Gomu Gomu no Mi<\/strong> Devenir une force de la nature, l'histoire de Luffy est l\u00e9gendaire ! \ud83c\udf0a<\/li>\n<\/ul>\n<p><strong>\ud83d\udca5 Pourquoi la preuve sociale est importante :<\/strong><\/p>\n<ul>\n<li>\ud83c\udf10 <strong>Une pi\u00e8ce<\/strong> a conquis le c\u0153ur de millions de personnes dans le monde entier - rejoignez les innombrables fans qui ont d\u00e9j\u00e0 ajout\u00e9 cette figurine \u00e0 leur collection ! \ud83d\udca5<\/li>\n<li>\ud83c\udfc6 Luffy's Gear 5 is a <strong>incontournable<\/strong> pour les collectionneurs qui aiment la <strong>L'arc de la guerre d'Onigashima<\/strong>-Une v\u00e9ritable pi\u00e8ce ma\u00eetresse !<\/li>\n<\/ul>\n<p><strong>\ud83c\udf0a Pr\u00eat \u00e0 prendre la mer ?<\/strong> Cette figurine fera ressortir votre collection et transformera votre chambre en un monde de Shonen ! Ne manquez pas de vous procurer votre <strong>Monkey D. Luffy Figurine Gear 5<\/strong> aujourd'hui !<\/p>\n<p>\u26a1 <strong>Rejoindre l'\u00e9quipe<\/strong> et canalise le pouvoir du Roi Pirate ! \u26a1<\/p>","protected":false},"excerpt":{"rendered":"<p>\ud83c\udf00 Lib\u00e9rez le pouvoir du futur roi pirate ! \ud83c\udf00 \ud83d\udd25 Monkey D. Luffy Gear 5 Figurine \ud83d\udd25 \ud83d\udc51 Rejoindre<\/p>","protected":false},"featured_media":16747,"comment_status":"open","ping_status":"closed","template":"","meta":[],"product_brand":[],"product_cat":[696,18],"product_tag":[683,684],"class_list":{"0":"post-16753","1":"product","2":"type-product","3":"status-publish","4":"has-post-thumbnail","6":"product_cat-one-piece","7":"product_cat-action-figure","8":"product_tag-one-piece","9":"product_tag-luffy","11":"first","12":"instock","13":"sale","14":"taxable","15":"shipping-taxable","16":"purchasable","17":"product-type-simple"},"jetpack_sharing_enabled":true,"_links":{"self":[{"href":"https:\/\/standify.org\/fr\/wp-json\/wp\/v2\/product\/16753","targetHints":{"allow":["GET"]}}],"collection":[{"href":"https:\/\/standify.org\/fr\/wp-json\/wp\/v2\/product"}],"about":[{"href":"https:\/\/standify.org\/fr\/wp-json\/wp\/v2\/types\/product"}],"replies":[{"embeddable":true,"href":"https:\/\/standify.org\/fr\/wp-json\/wp\/v2\/comments?post=16753"}],"version-history":[{"count":2,"href":"https:\/\/standify.org\/fr\/wp-json\/wp\/v2\/product\/16753\/revisions"}],"predecessor-version":[{"id":16891,"href":"https:\/\/standify.org\/fr\/wp-json\/wp\/v2\/product\/16753\/revisions\/16891"}],"wp:featuredmedia":[{"embeddable":true,"href":"https:\/\/standify.org\/fr\/wp-json\/wp\/v2\/media\/16747"}],"wp:attachment":[{"href":"https:\/\/standify.org\/fr\/wp-json\/wp\/v2\/media?parent=16753"}],"wp:term":[{"taxonomy":"product_brand","embeddable":true,"href":"https:\/\/standify.org\/fr\/wp-json\/wp\/v2\/product_brand?post=16753"},{"taxonomy":"product_cat","embeddable":true,"href":"https:\/\/standify.org\/fr\/wp-json\/wp\/v2\/product_cat?post=16753"},{"taxonomy":"product_tag","embeddable":true,"href":"https:\/\/standify.org\/fr\/wp-json\/wp\/v2\/product_tag?post=16753"}],"curies":[{"name":"wp","href":"https:\/\/api.w.org\/{rel}","templated":true}]}}