{"id":16746,"date":"2024-10-16T22:42:43","date_gmt":"2024-10-16T12:42:43","guid":{"rendered":"https:\/\/standify.org\/shop\/luffy-gear-action-led-figure-lamp-one-piece-collectors-edition\/"},"modified":"2026-04-13T05:46:24","modified_gmt":"2026-04-12T19:46:24","slug":"luffy-gear-action-led-figure-lamp-one-piece-collectors-edition","status":"publish","type":"product","link":"https:\/\/standify.org\/fr\/boutique\/luffy-gear-action-led-figure-lamp-one-piece-collectors-edition\/","title":{"rendered":"Luffy Gear Action Figure LED Lamp - One Piece Collector's Edition"},"content":{"rendered":"<p>\ud83c\udf1f <strong>Rejoignez l'\u00e9quipe des clients heureux !<\/strong> \ud83c\udf1f<br \/>\nMilliers d'euros <strong>Les fans de One Piece<\/strong> Les jeunes de l'Union europ\u00e9enne illuminent leur chambre avec cette <strong>Lampe pour figurine de Luffy<\/strong>! Faites partie des fans qui apportent l'esprit d'aventure dans leur espace.<\/p>\n<p>\ud83d\udd2e <strong>Pourquoi vous l'aimerez :<\/strong><\/p>\n<ul>\n<li>\ud83d\ude80 <em>La pose embl\u00e9matique de Luffy<\/em> - un design dynamique et plein d'action !<\/li>\n<li>\ud83c\udf15 <em>Effet de lumi\u00e8re au clair de lune<\/em> - parfait comme veilleuse ou comme pi\u00e8ce ma\u00eetresse de collection.<\/li>\n<li>\ud83c\udfa8 <em>D\u00e9tails de haute qualit\u00e9<\/em> - Peint \u00e0 la main avec des mat\u00e9riaux de premi\u00e8re qualit\u00e9 pour des couleurs durables.<\/li>\n<li>\ud83d\udecb\ufe0f <em>Id\u00e9al pour les d\u00e9cors anim\u00e9s<\/em> - ajoute une touche audacieuse \u00e0 n'importe quelle pi\u00e8ce ou bureau.<\/li>\n<\/ul>\n<p>\ud83e\uddd1\u200d\ud83e\udd1d\u200d\ud83e\uddd1 <strong>Ce qu'en disent les fans :<\/strong><\/p>\n<ul>\n<li>\u2b50\ufe0f\u2b50\ufe0f\u2b50\ufe0f\u2b50\ufe0f\u2b50\ufe0f \"Qualit\u00e9 incroyable, ressemble \u00e0 Luffy dans l'anime !\"<\/li>\n<li>\u2b50\ufe0f\u2b50\ufe0f\u2b50\ufe0f\u2b50\ufe0f\u2b50\ufe0f \"J'adore la douce lueur qu'il \u00e9met la nuit !\"<\/li>\n<li>\u2b50\ufe0f\u2b50\ufe0f\u2b50\ufe0f\u2b50\ufe0f\u2b50\ufe0f \"Cadeau id\u00e9al pour tout amateur de One Piece\".<\/li>\n<\/ul>\n<p>\ud83d\udccf <strong>D\u00e9tails \u00e0 conna\u00eetre :<\/strong><\/p>\n<ul>\n<li>\ud83e\udded <strong>Taille :<\/strong> 14 cm - compact et facile \u00e0 placer n'importe o\u00f9.<\/li>\n<li>\ud83d\udca1 <strong>Fonction :<\/strong> Lampe LED et figurine combin\u00e9es !<\/li>\n<li>\ud83c\udf81 <strong>Emballage pr\u00eat \u00e0 \u00eatre offert<\/strong> - parfait pour les anniversaires, les vacances ou tout simplement parce que !<\/li>\n<\/ul>\n<p>\ud83d\uded2 <strong>Prenez le v\u00f4tre d\u00e8s aujourd'hui<\/strong> - et rejoignez les rangs des milliers de collectionneurs heureux de One Piece ! \ud83c\udf0a<\/p>","protected":false},"excerpt":{"rendered":"<p>\ud83c\udf1f Join the Crew of Happy Customers! \ud83c\udf1f Thousands of One Piece fans are lighting up their rooms with this<\/p>","protected":false},"featured_media":16734,"comment_status":"open","ping_status":"closed","template":"","meta":[],"product_brand":[],"product_cat":[696,699,18],"product_tag":[683,684],"class_list":{"0":"post-16746","1":"product","2":"type-product","3":"status-publish","4":"has-post-thumbnail","6":"product_cat-one-piece","7":"product_cat-figurine-lamps","8":"product_cat-action-figure","9":"product_tag-one-piece","10":"product_tag-luffy","12":"first","13":"instock","14":"sale","15":"taxable","16":"shipping-taxable","17":"purchasable","18":"product-type-simple"},"jetpack_sharing_enabled":true,"_links":{"self":[{"href":"https:\/\/standify.org\/fr\/wp-json\/wp\/v2\/product\/16746","targetHints":{"allow":["GET"]}}],"collection":[{"href":"https:\/\/standify.org\/fr\/wp-json\/wp\/v2\/product"}],"about":[{"href":"https:\/\/standify.org\/fr\/wp-json\/wp\/v2\/types\/product"}],"replies":[{"embeddable":true,"href":"https:\/\/standify.org\/fr\/wp-json\/wp\/v2\/comments?post=16746"}],"version-history":[{"count":2,"href":"https:\/\/standify.org\/fr\/wp-json\/wp\/v2\/product\/16746\/revisions"}],"predecessor-version":[{"id":16906,"href":"https:\/\/standify.org\/fr\/wp-json\/wp\/v2\/product\/16746\/revisions\/16906"}],"wp:featuredmedia":[{"embeddable":true,"href":"https:\/\/standify.org\/fr\/wp-json\/wp\/v2\/media\/16734"}],"wp:attachment":[{"href":"https:\/\/standify.org\/fr\/wp-json\/wp\/v2\/media?parent=16746"}],"wp:term":[{"taxonomy":"product_brand","embeddable":true,"href":"https:\/\/standify.org\/fr\/wp-json\/wp\/v2\/product_brand?post=16746"},{"taxonomy":"product_cat","embeddable":true,"href":"https:\/\/standify.org\/fr\/wp-json\/wp\/v2\/product_cat?post=16746"},{"taxonomy":"product_tag","embeddable":true,"href":"https:\/\/standify.org\/fr\/wp-json\/wp\/v2\/product_tag?post=16746"}],"curies":[{"name":"wp","href":"https:\/\/api.w.org\/{rel}","templated":true}]}}