{"id":1613,"date":"2023-10-05T16:47:25","date_gmt":"2023-10-05T16:47:25","guid":{"rendered":"https:\/\/standify.org\/?product=samurai-controller-stand"},"modified":"2026-03-01T19:52:50","modified_gmt":"2026-03-01T09:52:50","slug":"for-ghost-of-tsushima-gaming-controller-holder-one-more-life-controller-holder-figure-headphone-stand-for-ps5-ps4-ns-k7a5","status":"publish","type":"product","link":"https:\/\/standify.org\/fr\/boutique\/for-ghost-of-tsushima-gaming-controller-holder-one-more-life-controller-holder-figure-headphone-stand-for-ps5-ps4-ns-k7a5\/","title":{"rendered":"Support de manette Ghost Tsushima"},"content":{"rendered":"<p>Am\u00e9liorez votre configuration de jeu avec cet exquis support de manette Samurai ! \ud83c\udf8c Non seulement il tient solidement votre manette, mais il sert aussi d'ornement captivant, mettant en valeur votre passion pour le jeu \u00e9pique. \ud83d\udde1\ufe0f<\/p>\n<p><strong>\ud83c\udfa8 Distinct Design :<\/strong> Inspir\u00e9 par la beaut\u00e9 envo\u00fbtante de Tsushima, ce support capture l'essence du jeu.<br \/>\n<strong>\ud83d\udd04 Double usage :<\/strong> Un support pratique et une pi\u00e8ce d\u00e9corative \u00e0 la fois.<br \/>\n<strong>\ud83c\udf81 Pr\u00eat pour le cadeau :<\/strong> Id\u00e9al pour le joueur passionn\u00e9 dans votre vie ou pour vous faire plaisir.<\/p>\n<p>D\u00e9couvrez la fusion de la fonctionnalit\u00e9 et de l'art. \ud83c\udf1f Am\u00e9liorez votre espace de jeu avec le support de manette Samurai d\u00e8s aujourd'hui ! \u2694\ufe0f<\/p>\n<p>Compatibilit\u00e9 universelle incluant PS5\/4, Xbox, Switch<\/p>\n<p>Taille de la base : 13,8 x 8,5 x 7,0cm \/ 5.4\u2033 x 3.3in x 2.7in<\/p>","protected":false},"excerpt":{"rendered":"<p>Am\u00e9liorez votre configuration de jeu avec cet exquis support de manette Samurai ! \ud83c\udf8c Non seulement il maintient votre manette en toute s\u00e9curit\u00e9, mais<\/p>","protected":false},"featured_media":1615,"comment_status":"open","ping_status":"closed","template":"","meta":[],"product_brand":[],"product_cat":[16,25],"product_tag":[24],"class_list":{"0":"post-1613","1":"product","2":"type-product","3":"status-publish","4":"has-post-thumbnail","6":"product_cat-standify","7":"product_cat-controller-stand","8":"product_tag-controller-stand","10":"first","11":"instock","12":"sale","13":"taxable","14":"shipping-taxable","15":"purchasable","16":"product-type-simple"},"jetpack_sharing_enabled":true,"_links":{"self":[{"href":"https:\/\/standify.org\/fr\/wp-json\/wp\/v2\/product\/1613","targetHints":{"allow":["GET"]}}],"collection":[{"href":"https:\/\/standify.org\/fr\/wp-json\/wp\/v2\/product"}],"about":[{"href":"https:\/\/standify.org\/fr\/wp-json\/wp\/v2\/types\/product"}],"replies":[{"embeddable":true,"href":"https:\/\/standify.org\/fr\/wp-json\/wp\/v2\/comments?post=1613"}],"version-history":[{"count":0,"href":"https:\/\/standify.org\/fr\/wp-json\/wp\/v2\/product\/1613\/revisions"}],"wp:featuredmedia":[{"embeddable":true,"href":"https:\/\/standify.org\/fr\/wp-json\/wp\/v2\/media\/1615"}],"wp:attachment":[{"href":"https:\/\/standify.org\/fr\/wp-json\/wp\/v2\/media?parent=1613"}],"wp:term":[{"taxonomy":"product_brand","embeddable":true,"href":"https:\/\/standify.org\/fr\/wp-json\/wp\/v2\/product_brand?post=1613"},{"taxonomy":"product_cat","embeddable":true,"href":"https:\/\/standify.org\/fr\/wp-json\/wp\/v2\/product_cat?post=1613"},{"taxonomy":"product_tag","embeddable":true,"href":"https:\/\/standify.org\/fr\/wp-json\/wp\/v2\/product_tag?post=1613"}],"curies":[{"name":"wp","href":"https:\/\/api.w.org\/{rel}","templated":true}]}}