{"id":15888,"date":"2024-07-11T23:53:35","date_gmt":"2024-07-11T13:53:35","guid":{"rendered":"https:\/\/standify.org\/?post_type=product&#038;p=15888"},"modified":"2025-11-30T00:51:45","modified_gmt":"2025-11-29T14:51:45","slug":"gold-goku-iphone-case","status":"publish","type":"product","link":"https:\/\/standify.org\/fr\/boutique\/gold-goku-iphone-case\/","title":{"rendered":"\u00c9tui Goku en or pour iPhone"},"content":{"rendered":"<ul>\n<li>Exp\u00e9dition dans le monde entier.<\/li>\n<li>Tous les envois sont assur\u00e9s avec un num\u00e9ro de suivi.<\/li>\n<li>Utilisant la technologie de l'argent \u00e9lectrod\u00e9pos\u00e9, il est \u00e0 la fois durable et beau.<\/li>\n<li><b>Standify\u2122 GARANTIE<\/b><\/li>\n<\/ul>\n<ul>\n<li>Nous sommes tr\u00e8s fiers de la qualit\u00e9 de nos produits et nous vous garantissons que vous serez satisfaits 100% de tout ce que vous ach\u00e8terez chez nous.\u00a0<b>standify.org<\/b><\/li>\n<li>Si, pour quelque raison que ce soit, vous n'\u00eates pas enti\u00e8rement satisfait de votre achat, nous ferons en sorte que vous soyez rembours\u00e9, sans poser de questions, dans les d\u00e9lais impartis.<\/li>\n<\/ul>","protected":false},"excerpt":{"rendered":"<p>Exp\u00e9dition dans le monde entier. Tous les envois sont assur\u00e9s avec num\u00e9ro de suivi. Gr\u00e2ce \u00e0 la technologie de l'argent galvanis\u00e9, il est durable et beau \u00e0 la fois.<\/p>","protected":false},"featured_media":15889,"comment_status":"open","ping_status":"closed","template":"","meta":[],"product_brand":[],"product_cat":[658,641,20],"product_tag":[],"class_list":{"0":"post-15888","1":"product","2":"type-product","3":"status-publish","4":"has-post-thumbnail","6":"product_cat-phone-cases","7":"product_cat-dragon-ball-z-super-saiyan","8":"product_cat-apparel","10":"first","11":"instock","12":"sale","13":"taxable","14":"shipping-taxable","15":"purchasable","16":"product-type-variable","17":"has-default-attributes"},"jetpack_sharing_enabled":true,"_links":{"self":[{"href":"https:\/\/standify.org\/fr\/wp-json\/wp\/v2\/product\/15888","targetHints":{"allow":["GET"]}}],"collection":[{"href":"https:\/\/standify.org\/fr\/wp-json\/wp\/v2\/product"}],"about":[{"href":"https:\/\/standify.org\/fr\/wp-json\/wp\/v2\/types\/product"}],"replies":[{"embeddable":true,"href":"https:\/\/standify.org\/fr\/wp-json\/wp\/v2\/comments?post=15888"}],"version-history":[{"count":0,"href":"https:\/\/standify.org\/fr\/wp-json\/wp\/v2\/product\/15888\/revisions"}],"wp:featuredmedia":[{"embeddable":true,"href":"https:\/\/standify.org\/fr\/wp-json\/wp\/v2\/media\/15889"}],"wp:attachment":[{"href":"https:\/\/standify.org\/fr\/wp-json\/wp\/v2\/media?parent=15888"}],"wp:term":[{"taxonomy":"product_brand","embeddable":true,"href":"https:\/\/standify.org\/fr\/wp-json\/wp\/v2\/product_brand?post=15888"},{"taxonomy":"product_cat","embeddable":true,"href":"https:\/\/standify.org\/fr\/wp-json\/wp\/v2\/product_cat?post=15888"},{"taxonomy":"product_tag","embeddable":true,"href":"https:\/\/standify.org\/fr\/wp-json\/wp\/v2\/product_tag?post=15888"}],"curies":[{"name":"wp","href":"https:\/\/api.w.org\/{rel}","templated":true}]}}