{"id":1533,"date":"2024-02-28T13:11:58","date_gmt":"2024-02-28T13:11:58","guid":{"rendered":"https:\/\/standify.org\/?post_type=product&#038;p=1533"},"modified":"2024-11-19T03:38:16","modified_gmt":"2024-11-18T17:38:16","slug":"premium-goku-college-varsity-jacket","status":"publish","type":"product","link":"https:\/\/standify.org\/fr\/boutique\/premium-goku-college-varsity-jacket\/","title":{"rendered":"Premium Goku College Varsity Jacket"},"content":{"rendered":"<p>Lib\u00e9rez votre style Saiyan gr\u00e2ce \u00e0 notre veste premium DBZ Varsity Jacket ! \ud83d\udd25<\/p>\n<ul>\n<li><strong>Embl\u00e8mes \u00e9piques de DBZ :<\/strong> Devant et derri\u00e8re pour un impact maximal ! \ud83d\udc09<\/li>\n<li><strong>Couleurs vives :<\/strong> Combinaison orange et bleu accrocheuse ! \ud83c\udfa8<\/li>\n<li><strong>Une qualit\u00e9 irr\u00e9prochable :<\/strong> Durable et confortable pour une utilisation quotidienne ! \ud83d\udcaa<\/li>\n<li><strong>Cool Varsity Vibe :<\/strong> Faites-le vibrer \u00e0 l'\u00e9cole, aux matchs ou aux rencontres de fans ! \ud83c\udfeb\ud83c\udfc8<\/li>\n<li><strong>Pour tous les fans :<\/strong> Design unisexe pour tous les guerriers Saiyan ! \ud83d\udc55<\/li>\n<\/ul>\n<p><strong>Allez-y, vite !<\/strong> Stock limit\u00e9 ! \ud83d\udecd\ufe0f<\/p>\n<ul>\n<li><strong>Entretien facile :<\/strong> Laver et porter sans se d\u00e9colorer. \ud83e\uddfc<\/li>\n<li><strong>Pocket-Plus :<\/strong> S\u00e9curisez votre mat\u00e9riel lors de vos d\u00e9placements. \ud83d\udcf1\ud83d\udcbc<\/li>\n<li><strong>Taille-It-Right :<\/strong> S \u00e0 XL pour un ajustement parfait. \ud83d\udccf<\/li>\n<\/ul>\n<p><strong>Soyez le h\u00e9ros de votre histoire - Achetez cette veste d\u00e8s maintenant !<\/strong> \ud83d\uded2\ud83d\udca8<\/p>","protected":false},"excerpt":{"rendered":"<p>Unleash your Saiyan style with our Premium DBZ Varsity Jacket! \ud83d\udd25 Epic DBZ Emblems: Front &amp; back for maximum impact!<\/p>","protected":false},"featured_media":1569,"comment_status":"open","ping_status":"closed","template":"","meta":[],"product_brand":[],"product_cat":[641,16,20],"product_tag":[19,27],"class_list":{"0":"post-1533","1":"product","2":"type-product","3":"status-publish","4":"has-post-thumbnail","6":"product_cat-dragon-ball-z-super-saiyan","7":"product_cat-standify","8":"product_cat-apparel","9":"product_tag-clothing","10":"product_tag-upsell","12":"first","13":"instock","14":"taxable","15":"shipping-taxable","16":"purchasable","17":"product-type-variable","18":"has-default-attributes"},"jetpack_sharing_enabled":true,"_links":{"self":[{"href":"https:\/\/standify.org\/fr\/wp-json\/wp\/v2\/product\/1533","targetHints":{"allow":["GET"]}}],"collection":[{"href":"https:\/\/standify.org\/fr\/wp-json\/wp\/v2\/product"}],"about":[{"href":"https:\/\/standify.org\/fr\/wp-json\/wp\/v2\/types\/product"}],"replies":[{"embeddable":true,"href":"https:\/\/standify.org\/fr\/wp-json\/wp\/v2\/comments?post=1533"}],"version-history":[{"count":0,"href":"https:\/\/standify.org\/fr\/wp-json\/wp\/v2\/product\/1533\/revisions"}],"wp:featuredmedia":[{"embeddable":true,"href":"https:\/\/standify.org\/fr\/wp-json\/wp\/v2\/media\/1569"}],"wp:attachment":[{"href":"https:\/\/standify.org\/fr\/wp-json\/wp\/v2\/media?parent=1533"}],"wp:term":[{"taxonomy":"product_brand","embeddable":true,"href":"https:\/\/standify.org\/fr\/wp-json\/wp\/v2\/product_brand?post=1533"},{"taxonomy":"product_cat","embeddable":true,"href":"https:\/\/standify.org\/fr\/wp-json\/wp\/v2\/product_cat?post=1533"},{"taxonomy":"product_tag","embeddable":true,"href":"https:\/\/standify.org\/fr\/wp-json\/wp\/v2\/product_tag?post=1533"}],"curies":[{"name":"wp","href":"https:\/\/api.w.org\/{rel}","templated":true}]}}