{"id":15306,"date":"2024-07-08T21:38:08","date_gmt":"2024-07-08T11:38:08","guid":{"rendered":"https:\/\/standify.org\/shop\/dbz-goku-3d-holographic-magsafe-iphone-case-2\/"},"modified":"2026-04-07T13:58:19","modified_gmt":"2026-04-07T03:58:19","slug":"dbz-goku-3d-holographic-magsafe-iphone-case-2","status":"publish","type":"product","link":"https:\/\/standify.org\/fr\/boutique\/dbz-goku-3d-holographic-magsafe-iphone-case-2\/","title":{"rendered":"DBZ Goku 3D Holographic Magsafe iPhone Case"},"content":{"rendered":"<p>Alimentez votre t\u00e9l\u00e9phone avec Dragon Ball Z ! \ud83d\udc09\ud83d\udca5<\/p>\n<p>Transformez votre appareil en Super Saiyan avec notre collection \u00e9pique d'\u00e9tuis DBZ :<\/p>\n<p>\ud83d\udd25 Motifs accrocheurs repr\u00e9sentant des personnages embl\u00e9matiques \ud83d\udee1\ufe0f Protection durable digne d'un Z-Fighter \ud83c\udfa8 Couleurs vives qui \u00e9clatent comme un Kamehameha<\/p>\n<p>Pourquoi ces cas sont remarquables :<\/p>\n<ol>\n<li>Se d\u00e9marquer<\/li>\n<li>Revivez vos moments pr\u00e9f\u00e9r\u00e9s de DBZ<\/li>\n<li>Susciter des conversations avec d'autres fans<\/li>\n<li>Prot\u00e9gez votre t\u00e9l\u00e9phone avec style<\/li>\n<\/ol>\n<p>Am\u00e9liorez votre appareil ! \ud83d\udcf1\u2b06\ufe0f Ne vous contentez pas d'un \u00e9tui ennuyeux. Affichez votre niveau de puissance et votre passion pour les anime partout o\u00f9 vous allez !<\/p>\n<p>Pr\u00eat \u00e0 devenir un Super Saiyan ? Attrapez votre \u00e9tui DBZ d\u00e8s maintenant et laissez votre t\u00e9l\u00e9phone atteindre sa forme finale ! \ud83d\udd25\ud83d\udc4a<\/p>","protected":false},"excerpt":{"rendered":"<p>Alimentez votre t\u00e9l\u00e9phone avec Dragon Ball Z ! \ud83d\udc09\ud83d\udca5 Transformez votre appareil en Super Saiyan avec notre \u00e9pique DBZ.<\/p>","protected":false},"featured_media":15295,"comment_status":"open","ping_status":"closed","template":"","meta":[],"product_brand":[],"product_cat":[641,658,20],"product_tag":[143,660,661],"class_list":{"0":"post-15306","1":"product","2":"type-product","3":"status-publish","4":"has-post-thumbnail","6":"product_cat-dragon-ball-z-super-saiyan","7":"product_cat-phone-cases","8":"product_cat-apparel","9":"product_tag-dbz","10":"product_tag-phone-case","11":"product_tag-fashion","13":"first","14":"instock","15":"sale","16":"taxable","17":"shipping-taxable","18":"purchasable","19":"product-type-variable","20":"has-default-attributes"},"jetpack_sharing_enabled":true,"_links":{"self":[{"href":"https:\/\/standify.org\/fr\/wp-json\/wp\/v2\/product\/15306","targetHints":{"allow":["GET"]}}],"collection":[{"href":"https:\/\/standify.org\/fr\/wp-json\/wp\/v2\/product"}],"about":[{"href":"https:\/\/standify.org\/fr\/wp-json\/wp\/v2\/types\/product"}],"replies":[{"embeddable":true,"href":"https:\/\/standify.org\/fr\/wp-json\/wp\/v2\/comments?post=15306"}],"version-history":[{"count":0,"href":"https:\/\/standify.org\/fr\/wp-json\/wp\/v2\/product\/15306\/revisions"}],"wp:featuredmedia":[{"embeddable":true,"href":"https:\/\/standify.org\/fr\/wp-json\/wp\/v2\/media\/15295"}],"wp:attachment":[{"href":"https:\/\/standify.org\/fr\/wp-json\/wp\/v2\/media?parent=15306"}],"wp:term":[{"taxonomy":"product_brand","embeddable":true,"href":"https:\/\/standify.org\/fr\/wp-json\/wp\/v2\/product_brand?post=15306"},{"taxonomy":"product_cat","embeddable":true,"href":"https:\/\/standify.org\/fr\/wp-json\/wp\/v2\/product_cat?post=15306"},{"taxonomy":"product_tag","embeddable":true,"href":"https:\/\/standify.org\/fr\/wp-json\/wp\/v2\/product_tag?post=15306"}],"curies":[{"name":"wp","href":"https:\/\/api.w.org\/{rel}","templated":true}]}}