{"id":14281,"date":"2024-06-25T04:06:30","date_gmt":"2024-06-24T18:06:30","guid":{"rendered":"https:\/\/standify.org\/shop\/anime-gym-shorts\/"},"modified":"2026-05-01T06:24:44","modified_gmt":"2026-04-30T20:24:44","slug":"anime-gym-shorts","status":"publish","type":"product","link":"https:\/\/standify.org\/fr\/boutique\/anime-gym-shorts\/","title":{"rendered":"Short de gymnastique Anime"},"content":{"rendered":"<p><strong>Mati\u00e8re exceptionnelle : Le short 2 en 1 pour homme est fabriqu\u00e9 en polyester + spandex, doux et confortable. La technologie extensible dans 4 directions favorise la flexibilit\u00e9 et la libert\u00e9 de mouvement. Le tissu \u00e0 s\u00e9chage rapide n'est pas \u00e9touffant pendant l'exercice, il est frais, respirant et confortable.<\/strong><\/p>\n<p>Conception parfaite : Le cordon de serrage \u00e0 la taille peut \u00eatre ajust\u00e9 en fonction de votre silhouette, et la taille \u00e9lastiqu\u00e9e offre un confort maximal. Deux poches lat\u00e9rales, suffisantes pour transporter t\u00e9l\u00e9phone, portefeuille et autres petits objets.<\/p>\n<p>Doublure am\u00e9lior\u00e9e : La doublure int\u00e9rieure est renforc\u00e9e et plus \u00e9lastique. Vous pouvez sentir la diff\u00e9rence avec un short ordinaire lorsque vous le touchez, et vous avez une exp\u00e9rience de qualit\u00e9 sup\u00e9rieure. Le tissu est finement travaill\u00e9, d\u00e9licat et confortable, et n'offre aucune sensation d\u00e9sagr\u00e9able telle que le frottement.<\/p>\n<p>Impression unique : La conception graphique imprim\u00e9e donne un look \u00e9l\u00e9gant, inspir\u00e9 par votre personnage d'anime pr\u00e9f\u00e9r\u00e9, \u00e0 la mode et cool.<\/p>\n<p>Sc\u00e9narios d'application : Le short 2 en 1 convient \u00e0 la maison, \u00e0 la course \u00e0 pied en ext\u00e9rieur, au sport, \u00e0 la gym, \u00e0 l'exercice, au yoga, \u00e0 la plage et \u00e0 d'autres occasions, avec un grand confort, un style classique et \u00e0 la mode.<\/p>\n<p>Conseils de lavage : Peut \u00eatre lav\u00e9 \u00e0 la main ou en machine. La couleur ne s'estompe pas apr\u00e8s plusieurs lavages. Ne pas blanchir.<br \/>\n<img decoding=\"async\" src=\"https:\/\/ae01.alicdn.com\/kf\/S7696f4a1b2a7483fbbfa3933408d6b6fz.jpg?width=606&amp;height=340&amp;hash=946\" alt=\"Standify Anime Dragon Ball Z figurines et Goku Support pour \u00e9couteurs\"><br \/>\n<img decoding=\"async\" src=\"https:\/\/ae01.alicdn.com\/kf\/Sfdae12f0a0b54f5ea6f1c6e12f26aebbB.jpg?width=800&amp;height=800&amp;hash=1600\" alt=\"Standify Anime Dragon Ball Z figurines et Goku Support pour \u00e9couteurs\"><br \/>\n<strong>. <\/strong> <img decoding=\"async\" src=\"https:\/\/ae01.alicdn.com\/kf\/Sb9bc18c5b15d4a6f89911f7bb4a35161d.jpg?width=800&amp;height=800&amp;hash=1600\" alt=\"Standify Anime Dragon Ball Z figurines et Goku Support pour \u00e9couteurs\">\u00a0<img decoding=\"async\" src=\"https:\/\/ae01.alicdn.com\/kf\/Sdae5e77c1f224ec2a2765f75c49da18aQ.jpg?width=750&amp;height=1333&amp;hash=2083\" alt=\"Standify Anime Dragon Ball Z figurines et Goku Support pour \u00e9couteurs\"> <img decoding=\"async\" src=\"https:\/\/ae01.alicdn.com\/kf\/S2b118ff0eeff486c81e12e57f35b580eH.jpg?width=800&amp;height=800&amp;hash=1600\" alt=\"Standify Anime Dragon Ball Z figurines et Goku Support pour \u00e9couteurs\"> <img decoding=\"async\" src=\"https:\/\/ae01.alicdn.com\/kf\/S93043a3799ce48549641fa1c266d6e2eI.jpg?width=800&amp;height=800&amp;hash=1600\" alt=\"Standify Anime Dragon Ball Z figurines et Goku Support pour \u00e9couteurs\"> <img decoding=\"async\" src=\"https:\/\/ae01.alicdn.com\/kf\/Sf06bec503a9a47389f8fc3b8ec2d225eU.jpg?width=800&amp;height=800&amp;hash=1600\" alt=\"Standify Anime Dragon Ball Z figurines et Goku Support pour \u00e9couteurs\"> <img decoding=\"async\" src=\"https:\/\/ae01.alicdn.com\/kf\/S4a24b1b0b9bd45dca0d8c52cedde39eaW.jpg?width=800&amp;height=800&amp;hash=1600\" alt=\"Standify Anime Dragon Ball Z figurines et Goku Support pour \u00e9couteurs\"><\/p>","protected":false},"excerpt":{"rendered":"<p>Outstanding Material: The 2 In 1 men&#8217;s shorts are made of polyester + spandex upgraded fabric, soft and comfortable, the<\/p>","protected":false},"featured_media":14227,"comment_status":"open","ping_status":"closed","template":"","meta":[],"product_brand":[],"product_cat":[641,16,20],"product_tag":[],"class_list":{"0":"post-14281","1":"product","2":"type-product","3":"status-publish","4":"has-post-thumbnail","6":"product_cat-dragon-ball-z-super-saiyan","7":"product_cat-standify","8":"product_cat-apparel","10":"first","11":"instock","12":"sale","13":"taxable","14":"shipping-taxable","15":"purchasable","16":"product-type-variable"},"jetpack_sharing_enabled":true,"_links":{"self":[{"href":"https:\/\/standify.org\/fr\/wp-json\/wp\/v2\/product\/14281","targetHints":{"allow":["GET"]}}],"collection":[{"href":"https:\/\/standify.org\/fr\/wp-json\/wp\/v2\/product"}],"about":[{"href":"https:\/\/standify.org\/fr\/wp-json\/wp\/v2\/types\/product"}],"replies":[{"embeddable":true,"href":"https:\/\/standify.org\/fr\/wp-json\/wp\/v2\/comments?post=14281"}],"version-history":[{"count":0,"href":"https:\/\/standify.org\/fr\/wp-json\/wp\/v2\/product\/14281\/revisions"}],"wp:featuredmedia":[{"embeddable":true,"href":"https:\/\/standify.org\/fr\/wp-json\/wp\/v2\/media\/14227"}],"wp:attachment":[{"href":"https:\/\/standify.org\/fr\/wp-json\/wp\/v2\/media?parent=14281"}],"wp:term":[{"taxonomy":"product_brand","embeddable":true,"href":"https:\/\/standify.org\/fr\/wp-json\/wp\/v2\/product_brand?post=14281"},{"taxonomy":"product_cat","embeddable":true,"href":"https:\/\/standify.org\/fr\/wp-json\/wp\/v2\/product_cat?post=14281"},{"taxonomy":"product_tag","embeddable":true,"href":"https:\/\/standify.org\/fr\/wp-json\/wp\/v2\/product_tag?post=14281"}],"curies":[{"name":"wp","href":"https:\/\/api.w.org\/{rel}","templated":true}]}}