{"id":1391,"date":"2024-02-28T13:11:58","date_gmt":"2024-02-28T13:11:58","guid":{"rendered":"https:\/\/standify.org\/?post_type=product&#038;p=1391"},"modified":"2026-02-10T03:26:29","modified_gmt":"2026-02-09T17:26:29","slug":"playstation-premium-rgb-3mm-desk-pads-15-designs","status":"publish","type":"product","link":"https:\/\/standify.org\/fr\/boutique\/playstation-premium-rgb-3mm-desk-pads-15-designs\/","title":{"rendered":"Sous-mains Playstation Premium RGB 3mm - 16 motifs"},"content":{"rendered":"<p>Entrez dans un monde o\u00f9 l'univers embl\u00e9matique de PlayStation rencontre un design de pointe avec nos tapis de souris RGB de la s\u00e9rie PlayStation. Transformez votre bureau en une centrale de jeu qui laisse les tapis de souris ordinaires loin derri\u00e8re !<\/p>\n<p>Pourquoi c'est LE sous-main dont tous les joueurs ont besoin : \ud83d\udd25 Th\u00e8mes PlayStation in\u00e9gal\u00e9s : Choisissez parmi un large \u00e9ventail de 19 designs personnalis\u00e9s saisissants et de haute qualit\u00e9. Plongez dans l'univers de PlayStation avec des images vivantes qui distinguent votre station de jeu.<\/p>\n<p>\ud83c\udf0c RGB Excellence : \u00c9levez votre bureau avec plus que de la couleur. Profitez de l'\u00e9clairage LED RVB dynamique et personnalisable, con\u00e7u pour refl\u00e9ter chaque humeur et chaque session de jeu.<\/p>\n<p>\ud83d\uddb1\ufe0f Performance de jeu sup\u00e9rieure : Oubliez les tapis de souris minces et m\u00e9diocres. Nos tapis de bureau ont une \u00e9paisseur de 3 mm, ce qui garantit une glisse douce et amortie pour chaque mouvement de la souris, que ce soit lors de batailles de jeux intenses ou pour naviguer dans le travail.<\/p>\n<p>\u2728 Mat\u00e9riau de haute qualit\u00e9 : Fabriqu\u00e9s en caoutchouc de premier choix, ces sous-mains ne se contentent pas d'\u00eatre esth\u00e9tiques. Faites l'exp\u00e9rience d'une stabilit\u00e9 in\u00e9gal\u00e9e avec une base antid\u00e9rapante et d'une durabilit\u00e9 qui surpasse la concurrence.<\/p>\n<p>Des caract\u00e9ristiques qui nous distinguent :<\/p>\n<p>Fonctionnalit\u00e9s avanc\u00e9es de r\u00e9tro\u00e9clairage et de diodes \u00e9lectroluminescentes : Ne vous contentez pas de l'ordinaire. Illuminez vos jeux avec des effets de lumi\u00e8re brillants. Mat\u00e9riel de jeu essentiel : Plus qu'un simple tapis de souris, il s'agit d'un \u00e9l\u00e9ment essentiel de votre arsenal de jeu. Fiert\u00e9 PlayStation : Affichez votre amour pour PlayStation avec ces tapis de bureau au th\u00e8me unique. Taille optimale pour chaque configuration : Dites adieu aux petits tapis inadapt\u00e9s. Notre gamme de tailles garantit une couverture parfaite pour chaque bureau. Tailles disponibles pour tous les joueurs :<\/p>\n<p>RGB 300x600x3mm RGB 300x700x3mm RGB 250x350x3mm RGB 300x800x3mm RGB 400x900x3mm Pourquoi se contenter de l'ordinaire quand on peut atteindre l'excellence en mati\u00e8re de jeu ? Notre sous-main RGB de la s\u00e9rie PlayStation n'est pas seulement une mise \u00e0 niveau, c'est une affirmation de vos prouesses en mati\u00e8re de jeu. Ne passez pas \u00e0 c\u00f4t\u00e9 de l'accessoire de jeu ultime. Transformez votre bureau en une zone de puissance PlayStation ! \ud83c\udf1f\ud83c\udfae<\/p>","protected":false},"excerpt":{"rendered":"<p>Step into a realm where the iconic world of PlayStation meets cutting-edge design with our PlayStation Series RGB Desk Pads.<\/p>","protected":false},"featured_media":1488,"comment_status":"open","ping_status":"closed","template":"","meta":[],"product_brand":[],"product_cat":[16,28],"product_tag":[],"class_list":{"0":"post-1391","1":"product","2":"type-product","3":"status-publish","4":"has-post-thumbnail","6":"product_cat-standify","7":"product_cat-desk-pad","9":"first","10":"instock","11":"taxable","12":"shipping-taxable","13":"purchasable","14":"product-type-variable"},"jetpack_sharing_enabled":true,"_links":{"self":[{"href":"https:\/\/standify.org\/fr\/wp-json\/wp\/v2\/product\/1391","targetHints":{"allow":["GET"]}}],"collection":[{"href":"https:\/\/standify.org\/fr\/wp-json\/wp\/v2\/product"}],"about":[{"href":"https:\/\/standify.org\/fr\/wp-json\/wp\/v2\/types\/product"}],"replies":[{"embeddable":true,"href":"https:\/\/standify.org\/fr\/wp-json\/wp\/v2\/comments?post=1391"}],"version-history":[{"count":0,"href":"https:\/\/standify.org\/fr\/wp-json\/wp\/v2\/product\/1391\/revisions"}],"wp:featuredmedia":[{"embeddable":true,"href":"https:\/\/standify.org\/fr\/wp-json\/wp\/v2\/media\/1488"}],"wp:attachment":[{"href":"https:\/\/standify.org\/fr\/wp-json\/wp\/v2\/media?parent=1391"}],"wp:term":[{"taxonomy":"product_brand","embeddable":true,"href":"https:\/\/standify.org\/fr\/wp-json\/wp\/v2\/product_brand?post=1391"},{"taxonomy":"product_cat","embeddable":true,"href":"https:\/\/standify.org\/fr\/wp-json\/wp\/v2\/product_cat?post=1391"},{"taxonomy":"product_tag","embeddable":true,"href":"https:\/\/standify.org\/fr\/wp-json\/wp\/v2\/product_tag?post=1391"}],"curies":[{"name":"wp","href":"https:\/\/api.w.org\/{rel}","templated":true}]}}