{"id":1376,"date":"2023-11-07T15:23:50","date_gmt":"2023-11-07T15:23:50","guid":{"rendered":"https:\/\/standify.org\/?product=pink-crystal-controller-stand"},"modified":"2024-11-19T03:38:31","modified_gmt":"2024-11-18T17:38:31","slug":"pink-crystal-controller-stand","status":"publish","type":"product","link":"https:\/\/standify.org\/fr\/boutique\/pink-crystal-controller-stand\/","title":{"rendered":"Support de contr\u00f4leur en cristal rose"},"content":{"rendered":"<h1><\/h1>\n<p>\u00c9levez votre configuration de jeu avec une touche d'\u00e9l\u00e9gance et de fantaisie - le support de manette en cristal rose pastel est l\u00e0 pour enchanter ! \ud83c\udfae\ud83d\udc96<\/p>\n<p><strong>Chic et fort<\/strong> - Jetez un sort \u00e0 votre bureau de jeu gr\u00e2ce \u00e0 la beaut\u00e9 \u00e9th\u00e9r\u00e9e de ce support en cristal rose pastel. Imprim\u00e9 en 3D \u00e0 la perfection, il fusionne les domaines de la fantaisie et de la fonctionnalit\u00e9, offrant un sanctuaire durable \u00e0 votre manette.<\/p>\n<p><strong>Un enchantement universel<\/strong> - Con\u00e7u pour accueillir une grande vari\u00e9t\u00e9 de contr\u00f4leurs de consoles de jeu, ce support est aussi polyvalent qu'\u00e9tonnant. Votre mat\u00e9riel de jeu sera maintenu en toute s\u00e9curit\u00e9, entour\u00e9 de la douce \u00e9treinte de l'allure cristalline.<\/p>\n<p><strong>La magie du gain de place<\/strong> - Son design compact lui permet de s'int\u00e9grer parfaitement dans votre espace de jeu, offrant un affichage opulent sans encombrement.<\/p>\n<p>Ajoutez une touche de couleur douce et de charme magique \u00e0 votre environnement de jeu avec ce support de manette en cristal rose pastel, o\u00f9 le design rencontre l'utilit\u00e9 dans une fusion digne d'un conte de f\u00e9es.<\/p>","protected":false},"excerpt":{"rendered":"<p>Rehaussez votre configuration de jeu avec une touche d'\u00e9l\u00e9gance et de fantaisie - le support de manette en cristal rose pastel est l\u00e0.<\/p>","protected":false},"featured_media":1381,"comment_status":"open","ping_status":"closed","template":"","meta":[],"product_brand":[],"product_cat":[16],"product_tag":[22,24],"class_list":{"0":"post-1376","1":"product","2":"type-product","3":"status-publish","4":"has-post-thumbnail","6":"product_cat-standify","7":"product_tag-for-her","8":"product_tag-controller-stand","10":"first","11":"instock","12":"taxable","13":"shipping-taxable","14":"purchasable","15":"product-type-variable"},"jetpack_sharing_enabled":true,"_links":{"self":[{"href":"https:\/\/standify.org\/fr\/wp-json\/wp\/v2\/product\/1376","targetHints":{"allow":["GET"]}}],"collection":[{"href":"https:\/\/standify.org\/fr\/wp-json\/wp\/v2\/product"}],"about":[{"href":"https:\/\/standify.org\/fr\/wp-json\/wp\/v2\/types\/product"}],"replies":[{"embeddable":true,"href":"https:\/\/standify.org\/fr\/wp-json\/wp\/v2\/comments?post=1376"}],"version-history":[{"count":0,"href":"https:\/\/standify.org\/fr\/wp-json\/wp\/v2\/product\/1376\/revisions"}],"wp:featuredmedia":[{"embeddable":true,"href":"https:\/\/standify.org\/fr\/wp-json\/wp\/v2\/media\/1381"}],"wp:attachment":[{"href":"https:\/\/standify.org\/fr\/wp-json\/wp\/v2\/media?parent=1376"}],"wp:term":[{"taxonomy":"product_brand","embeddable":true,"href":"https:\/\/standify.org\/fr\/wp-json\/wp\/v2\/product_brand?post=1376"},{"taxonomy":"product_cat","embeddable":true,"href":"https:\/\/standify.org\/fr\/wp-json\/wp\/v2\/product_cat?post=1376"},{"taxonomy":"product_tag","embeddable":true,"href":"https:\/\/standify.org\/fr\/wp-json\/wp\/v2\/product_tag?post=1376"}],"curies":[{"name":"wp","href":"https:\/\/api.w.org\/{rel}","templated":true}]}}