{"id":13040,"date":"2024-05-05T16:34:57","date_gmt":"2024-05-05T06:34:57","guid":{"rendered":"https:\/\/standify.org\/?post_type=product&#038;p=13040"},"modified":"2025-11-07T00:00:38","modified_gmt":"2025-11-06T14:00:38","slug":"pokemon-friends-og-rug-switch-pikachu-charmander-bulbasaur-squirtle","status":"publish","type":"product","link":"https:\/\/standify.org\/fr\/boutique\/pokemon-friends-og-rug-switch-pikachu-charmander-bulbasaur-squirtle\/","title":{"rendered":"Tapis Pok\u00e9mon Friends OG"},"content":{"rendered":"<p>Entrez dans un monde o\u00f9 l'aventure vous attend \u00e0 chaque coin de rue avec notre tapis Pok\u00e9mon ! \ud83c\udf1f Transformez votre aire de jeu en champ de bataille Pok\u00e9mon ultime avec ce tapis vibrant inspir\u00e9 de la Nintendo Switch, \u00e0 l'effigie des bien-aim\u00e9s Pikachu, Charmander, Squirtle et Bulbasaur.<\/p>\n<h5>\ud83d\udc7e Pourquoi se contenter de l'ordinaire quand on peut jouer avec style ?<\/h5>\n<ul>\n<li><strong>Conception iconique<\/strong>: Appr\u00e9ciez la pr\u00e9sence des personnages pr\u00e9f\u00e9r\u00e9s de Pok\u00e9mon dans des couleurs et des d\u00e9tails \u00e9poustouflants.<\/li>\n<li><strong>Confort et style<\/strong>: Fabriqu\u00e9 avec des mat\u00e9riaux souples et durables, il est parfait pour les longues sessions de jeu.<\/li>\n<li><strong>Taille polyvalente :<\/strong> S'int\u00e8gre parfaitement dans votre chambre, votre salon ou votre espace de jeu.<\/li>\n<\/ul>\n<p><strong>\ud83c\udf1f Offre sp\u00e9ciale :<\/strong> Pour une dur\u00e9e limit\u00e9e, achetez votre Tapis Pok\u00e9mon \u00e0 prix r\u00e9duit et recevez un poster Pok\u00e9mon gratuit avec chaque achat !<\/p>\n<p>Ne vous contentez pas de jouer, vivez le jeu ! Apportez la magie de Pok\u00e9mon \u00e0 la maison et rendez chaque session de jeu l\u00e9gendaire. Cliquez ci-dessous pour commander d\u00e8s maintenant et transformez votre chambre en paradis Pok\u00e9mon ! \ud83c\udfae\u2728<\/p>\n<p>Commandez maintenant - Apportez Pok\u00e9mon dans votre chambre<\/p>","protected":false},"excerpt":{"rendered":"<p>\u2665\ufe0f vous rend heureux<br \/>\n\u2600\ufe0f Ramenez vos amis d'enfance \u00e0 la maison<br \/>\n\ud83c\udf08 Feels So Soft<\/p>","protected":false},"featured_media":13045,"comment_status":"open","ping_status":"closed","template":"","meta":[],"product_brand":[],"product_cat":[861,443,16,28,20,141],"product_tag":[413,442],"class_list":{"0":"post-13040","1":"product","2":"type-product","3":"status-publish","4":"has-post-thumbnail","6":"product_cat-pokemon","7":"product_cat-rugs","8":"product_cat-standify","9":"product_cat-desk-pad","10":"product_cat-apparel","11":"product_cat-for-her","12":"product_tag-pokemon","13":"product_tag-rug","15":"first","16":"instock","17":"sale","18":"taxable","19":"shipping-taxable","20":"purchasable","21":"product-type-variable","22":"has-default-attributes"},"jetpack_sharing_enabled":true,"_links":{"self":[{"href":"https:\/\/standify.org\/fr\/wp-json\/wp\/v2\/product\/13040","targetHints":{"allow":["GET"]}}],"collection":[{"href":"https:\/\/standify.org\/fr\/wp-json\/wp\/v2\/product"}],"about":[{"href":"https:\/\/standify.org\/fr\/wp-json\/wp\/v2\/types\/product"}],"replies":[{"embeddable":true,"href":"https:\/\/standify.org\/fr\/wp-json\/wp\/v2\/comments?post=13040"}],"version-history":[{"count":1,"href":"https:\/\/standify.org\/fr\/wp-json\/wp\/v2\/product\/13040\/revisions"}],"predecessor-version":[{"id":33445,"href":"https:\/\/standify.org\/fr\/wp-json\/wp\/v2\/product\/13040\/revisions\/33445"}],"wp:featuredmedia":[{"embeddable":true,"href":"https:\/\/standify.org\/fr\/wp-json\/wp\/v2\/media\/13045"}],"wp:attachment":[{"href":"https:\/\/standify.org\/fr\/wp-json\/wp\/v2\/media?parent=13040"}],"wp:term":[{"taxonomy":"product_brand","embeddable":true,"href":"https:\/\/standify.org\/fr\/wp-json\/wp\/v2\/product_brand?post=13040"},{"taxonomy":"product_cat","embeddable":true,"href":"https:\/\/standify.org\/fr\/wp-json\/wp\/v2\/product_cat?post=13040"},{"taxonomy":"product_tag","embeddable":true,"href":"https:\/\/standify.org\/fr\/wp-json\/wp\/v2\/product_tag?post=13040"}],"curies":[{"name":"wp","href":"https:\/\/api.w.org\/{rel}","templated":true}]}}