{"id":1254,"date":"2024-02-28T13:13:24","date_gmt":"2024-02-28T13:13:24","guid":{"rendered":"https:\/\/standify.org\/?post_type=product&#038;p=1254"},"modified":"2024-11-19T03:37:42","modified_gmt":"2024-11-18T17:37:42","slug":"holographic-dbz-stickers-25-designs%ef%bc%89","status":"publish","type":"product","link":"https:\/\/standify.org\/fr\/boutique\/holographic-dbz-stickers-25-designs%ef%bc%89\/","title":{"rendered":"Autocollants DBZ holographiques (25 designs\uff09)"},"content":{"rendered":"<p><strong>\u00a0Autocollants laser holographiques de dessins anim\u00e9s (25 mod\u00e8les)<\/p>\n<p>~Imperm\u00e9able, r\u00e9sistant aux temp\u00eates, r\u00e9sistant au soleil, n'endommageant pas la peinture de la voiture et amovible.<\/p>\n<p>~Cet autocollant est fabriqu\u00e9 en vinyle de haute qualit\u00e9.<\/p>\n<p>~Toutes nos d\u00e9calcomanies sont amovibles, mais PAS repositionnables.<\/p>\n<p>~Ces d\u00e9calcomanies sont \u00e9tonnantes et ajoutent un aspect personnalis\u00e9 !<\/p>\n<p>~Les d\u00e9calcomanies adh\u00e8rent facilement \u00e0 toute surface lisse.<\/p>\n<p>~Ordinateurs d\u00e9coup\u00e9s \u00e0 l'emporte-pi\u00e8ce. Pas d'arri\u00e8re-plan sur ces d\u00e9calcomanies.<\/p>\n<p>~Mat\u00e9riau vinyle \u00e9cologique et autocollant.<\/p>\n<p>~Imperm\u00e9able et extr\u00eamement r\u00e9sistant aux intemp\u00e9ries.<\/p>\n<p>~S'applique et s'enl\u00e8ve facilement sans r\u00e9sidus.<\/p>\n<p>Note : Les couleurs de l'article que vous recevez peuvent varier l\u00e9g\u00e8rement en raison des diff\u00e9rents r\u00e9glages du moniteur, de l'\u00e9quipement de prise de vue, des conditions d'\u00e9clairage, etc, j'esp\u00e8re que vous comprendrez.<br \/>\n<strong><strong><img decoding=\"async\" src=\"https:\/\/ae01.alicdn.com\/kf\/S24e588a3cb6b46ada3a8ff3210ae44f86.jpg?width=1200&amp;height=1200&amp;hash=2400\" alt=\"Standify Anime Dragon Ball Z figurines et Goku Support pour \u00e9couteurs\"><strong><strong><img decoding=\"async\" src=\"https:\/\/ae01.alicdn.com\/kf\/S7b2e9525279e43a2a879ca91f4d05cedX.jpg?width=1001&amp;height=1001&amp;hash=2002\" alt=\"Standify Anime Dragon Ball Z figurines et Goku Support pour \u00e9couteurs\"><\/strong><\/strong><\/strong><\/strong><\/strong><br \/>\n\u00a0<\/p>\n<p>\u00a0<\/p>\n<p>\u00a0<\/p>","protected":false},"excerpt":{"rendered":"<p>\u00a0Cartoon Holographic Anime Laser Stickers (25\u00a0designs) ~Waterproof, Storm Proof, Sun-proof, No harm to car paint &amp; Removable. ~This decal is<\/p>","protected":false},"featured_media":1280,"comment_status":"open","ping_status":"closed","template":"","meta":[],"product_brand":[],"product_cat":[641,16],"product_tag":[],"class_list":{"0":"post-1254","1":"product","2":"type-product","3":"status-publish","4":"has-post-thumbnail","6":"product_cat-dragon-ball-z-super-saiyan","7":"product_cat-standify","9":"first","10":"instock","11":"taxable","12":"shipping-taxable","13":"purchasable","14":"product-type-variable"},"jetpack_sharing_enabled":true,"_links":{"self":[{"href":"https:\/\/standify.org\/fr\/wp-json\/wp\/v2\/product\/1254","targetHints":{"allow":["GET"]}}],"collection":[{"href":"https:\/\/standify.org\/fr\/wp-json\/wp\/v2\/product"}],"about":[{"href":"https:\/\/standify.org\/fr\/wp-json\/wp\/v2\/types\/product"}],"replies":[{"embeddable":true,"href":"https:\/\/standify.org\/fr\/wp-json\/wp\/v2\/comments?post=1254"}],"version-history":[{"count":0,"href":"https:\/\/standify.org\/fr\/wp-json\/wp\/v2\/product\/1254\/revisions"}],"wp:featuredmedia":[{"embeddable":true,"href":"https:\/\/standify.org\/fr\/wp-json\/wp\/v2\/media\/1280"}],"wp:attachment":[{"href":"https:\/\/standify.org\/fr\/wp-json\/wp\/v2\/media?parent=1254"}],"wp:term":[{"taxonomy":"product_brand","embeddable":true,"href":"https:\/\/standify.org\/fr\/wp-json\/wp\/v2\/product_brand?post=1254"},{"taxonomy":"product_cat","embeddable":true,"href":"https:\/\/standify.org\/fr\/wp-json\/wp\/v2\/product_cat?post=1254"},{"taxonomy":"product_tag","embeddable":true,"href":"https:\/\/standify.org\/fr\/wp-json\/wp\/v2\/product_tag?post=1254"}],"curies":[{"name":"wp","href":"https:\/\/api.w.org\/{rel}","templated":true}]}}