{"id":1168,"date":"2024-02-28T13:13:24","date_gmt":"2024-02-28T13:13:24","guid":{"rendered":"https:\/\/standify.org\/?post_type=product&#038;p=1168"},"modified":"2026-04-06T13:36:06","modified_gmt":"2026-04-06T03:36:06","slug":"deskbuddy-fluffy-keyboard-rugs","status":"publish","type":"product","link":"https:\/\/standify.org\/fr\/boutique\/deskbuddy-fluffy-keyboard-rugs\/","title":{"rendered":"Tapis de clavier moelleux DeskBuddy"},"content":{"rendered":"<p class=\"p1\">\ud83e\udd32 <strong>Fabrication artisanale de haute qualit\u00e9 :<\/strong> Chaque point est r\u00e9alis\u00e9 avec soin, garantissant un ajout durable et magnifique \u00e0 votre bureau. \ud83d\udee0\ufe0f<\/p>\n<p class=\"p1\"><span class=\"s1\"> \ud83e\uddf8 <strong>Douceur et soutien :<\/strong> Les mat\u00e9riaux pelucheux caressent vos poignets, r\u00e9duisant la fatigue et rendant chaque minute \u00e0 votre bureau plus agr\u00e9able. \ud83c\udfae<\/span><\/p>\n<p class=\"p1\"><span class=\"s1\"> \ud83c\udfa8 <strong>Des \u0153uvres d'art vibrantes :<\/strong> Faites briller votre bureau avec les couleurs et les visages de vos h\u00e9ros d'anime et de Pok\u00e9mon pr\u00e9f\u00e9r\u00e9s ! \ud83d\uddbc\ufe0f<\/span><\/p>\n<p class=\"p1\"><span class=\"s1\"> <a href=\"https:\/\/standify.org\/wp-content\/uploads\/2024\/02\/copy_611DF126-309E-4851-9F5D-3789E50B4C51-ezgif.com-video-to-webp-converter.webp\"><img fetchpriority=\"high\" decoding=\"async\" class=\"alignnone size-full wp-image-11660\" src=\"https:\/\/standify.org\/wp-content\/uploads\/2024\/02\/copy_611DF126-309E-4851-9F5D-3789E50B4C51-ezgif.com-video-to-webp-converter.webp\" alt=\"Standify Anime Dragon Ball Z figurines et Goku Support pour \u00e9couteurs\" width=\"500\" height=\"550\" srcset=\"https:\/\/standify.org\/wp-content\/uploads\/2024\/02\/copy_611DF126-309E-4851-9F5D-3789E50B4C51-ezgif.com-video-to-webp-converter.webp 500w, https:\/\/standify.org\/wp-content\/uploads\/2024\/02\/copy_611DF126-309E-4851-9F5D-3789E50B4C51-ezgif.com-video-to-webp-converter-273x300.webp 273w, https:\/\/standify.org\/wp-content\/uploads\/2024\/02\/copy_611DF126-309E-4851-9F5D-3789E50B4C51-ezgif.com-video-to-webp-converter-150x165.webp 150w\" sizes=\"(max-width: 500px) 100vw, 500px\" \/><\/a><\/span><\/p>\n<p class=\"p1\"><span class=\"s1\">\ud83d\udcd0 <strong>Taille parfaite :<\/strong> Fits beautifully in any gaming or work setup, enhancing both aesthetics and comfort. \ud83c\udfe0<\/span><\/p>\n<p class=\"p1\"><span class=\"s1\"><a href=\"https:\/\/standify.org\/wp-content\/uploads\/2024\/02\/WhatsAppVideo2024-03-09at12.55.25_86e7e510-ezgif.com-video-to-webp-converter.webp\"><img decoding=\"async\" class=\"alignnone size-full wp-image-11662\" src=\"https:\/\/standify.org\/wp-content\/uploads\/2024\/02\/WhatsAppVideo2024-03-09at12.55.25_86e7e510-ezgif.com-video-to-webp-converter.webp\" alt=\"Standify Anime Dragon Ball Z figurines et Goku Support pour \u00e9couteurs\" width=\"360\" height=\"640\" srcset=\"https:\/\/standify.org\/wp-content\/uploads\/2024\/02\/WhatsAppVideo2024-03-09at12.55.25_86e7e510-ezgif.com-video-to-webp-converter.webp 360w, https:\/\/standify.org\/wp-content\/uploads\/2024\/02\/WhatsAppVideo2024-03-09at12.55.25_86e7e510-ezgif.com-video-to-webp-converter-169x300.webp 169w, https:\/\/standify.org\/wp-content\/uploads\/2024\/02\/WhatsAppVideo2024-03-09at12.55.25_86e7e510-ezgif.com-video-to-webp-converter-150x267.webp 150w\" sizes=\"(max-width: 360px) 100vw, 360px\" \/><\/a><\/span><\/p>\n<p class=\"p1\"><span class=\"s1\">\ud83d\udca1 <strong>Pourquoi vous devriez en prendre un :<\/strong><\/span><\/p>\n<p class=\"p1\"><span class=\"s1\"> \ud83d\ude80 Am\u00e9liorez votre configuration de jeu : S'int\u00e8gre parfaitement \u00e0 votre univers de jeu, ajoutant une touche fonctionnelle qui compl\u00e8te vos sessions de jeu intenses. \ud83c\udf08<\/span><\/p>\n<p class=\"p1\"><span class=\"s1\"> \ud83c\udf89 Affichez votre Fandom : Parfait pour exprimer votre amour pour l'anime et Pok\u00e9mon, en transformant votre passion en une c\u00e9l\u00e9bration quotidienne. \ud83c\udfc6<\/span><\/p>\n<p class=\"p1\"><span class=\"s1\"> \ud83c\udf81 Id\u00e9e de cadeau d\u00e9licieuse : Surprenez l'amateur d'anime ou de jeux vid\u00e9o dans votre vie avec un cadeau \u00e0 la fois attentionn\u00e9 et excitant. \ud83c\udf81<\/span><\/p>\n<p class=\"p1\"><span class=\"s1\">\ud83c\udf08 Imagine This :<\/span><\/p>\n<p class=\"p1\"><span class=\"s1\">Chaque fois que vous vous asseyez, ce tapis de clavier vous accueille, transformant la routine en joie. Que vous jouiez jusqu'au bout de la nuit ou que vous vous attaquiez \u00e0 des t\u00e2ches, il ajoute une touche de fantaisie et de confort \u00e0 votre journ\u00e9e. Rehaussez votre bureau avec cette d\u00e9licieuse \u0153uvre d'art fonctionnelle et laissez chaque frappe de clavier vous apporter un sourire. \ud83d\ude0a<\/span><\/p>\n<p class=\"p1\"><span class=\"s1\">Pr\u00eat \u00e0 faire de votre bureau le point fort de votre pi\u00e8ce ? Ajoutez ce tapis \u00e0 votre panier et commencez \u00e0 profiter d'une installation plus color\u00e9e et plus confortable d\u00e8s aujourd'hui ! \ud83c\udf1f<\/span><\/p>\n<p>&nbsp;<\/p>\n<p>&nbsp;<\/p>\n<p><a href=\"https:\/\/standify.org\/wp-content\/uploads\/2024\/02\/WhatsAppVideo2024-02-23at21.21.40_b54c580b-ezgif.com-video-to-webp-converter.webp\"><img decoding=\"async\" class=\"alignnone size-full wp-image-11663\" src=\"https:\/\/standify.org\/wp-content\/uploads\/2024\/02\/WhatsAppVideo2024-02-23at21.21.40_b54c580b-ezgif.com-video-to-webp-converter.webp\" alt=\"Standify Anime Dragon Ball Z figurines et Goku Support pour \u00e9couteurs\" width=\"360\" height=\"640\" srcset=\"https:\/\/standify.org\/wp-content\/uploads\/2024\/02\/WhatsAppVideo2024-02-23at21.21.40_b54c580b-ezgif.com-video-to-webp-converter.webp 360w, https:\/\/standify.org\/wp-content\/uploads\/2024\/02\/WhatsAppVideo2024-02-23at21.21.40_b54c580b-ezgif.com-video-to-webp-converter-169x300.webp 169w, https:\/\/standify.org\/wp-content\/uploads\/2024\/02\/WhatsAppVideo2024-02-23at21.21.40_b54c580b-ezgif.com-video-to-webp-converter-150x267.webp 150w\" sizes=\"(max-width: 360px) 100vw, 360px\" \/><\/a><\/p>","protected":false},"excerpt":{"rendered":"<p>\ud83c\udf08 Faites de votre bureau un espace de bonheur<br \/>\n\u2b50 Amazing Gift<br \/>\n\ud83d\udc96 Brings you Daily Joy<\/p>","protected":false},"featured_media":12676,"comment_status":"open","ping_status":"closed","template":"","meta":[],"product_brand":[],"product_cat":[199,16,28],"product_tag":[21,22],"class_list":{"0":"post-1168","1":"product","2":"type-product","3":"status-publish","4":"has-post-thumbnail","6":"product_cat-keyboard-rugs","7":"product_cat-standify","8":"product_cat-desk-pad","9":"product_tag-decoration","10":"product_tag-for-her","12":"first","13":"instock","14":"sale","15":"taxable","16":"shipping-taxable","17":"purchasable","18":"product-type-variable","19":"has-default-attributes"},"jetpack_sharing_enabled":true,"_links":{"self":[{"href":"https:\/\/standify.org\/fr\/wp-json\/wp\/v2\/product\/1168","targetHints":{"allow":["GET"]}}],"collection":[{"href":"https:\/\/standify.org\/fr\/wp-json\/wp\/v2\/product"}],"about":[{"href":"https:\/\/standify.org\/fr\/wp-json\/wp\/v2\/types\/product"}],"replies":[{"embeddable":true,"href":"https:\/\/standify.org\/fr\/wp-json\/wp\/v2\/comments?post=1168"}],"version-history":[{"count":3,"href":"https:\/\/standify.org\/fr\/wp-json\/wp\/v2\/product\/1168\/revisions"}],"predecessor-version":[{"id":18269,"href":"https:\/\/standify.org\/fr\/wp-json\/wp\/v2\/product\/1168\/revisions\/18269"}],"wp:featuredmedia":[{"embeddable":true,"href":"https:\/\/standify.org\/fr\/wp-json\/wp\/v2\/media\/12676"}],"wp:attachment":[{"href":"https:\/\/standify.org\/fr\/wp-json\/wp\/v2\/media?parent=1168"}],"wp:term":[{"taxonomy":"product_brand","embeddable":true,"href":"https:\/\/standify.org\/fr\/wp-json\/wp\/v2\/product_brand?post=1168"},{"taxonomy":"product_cat","embeddable":true,"href":"https:\/\/standify.org\/fr\/wp-json\/wp\/v2\/product_cat?post=1168"},{"taxonomy":"product_tag","embeddable":true,"href":"https:\/\/standify.org\/fr\/wp-json\/wp\/v2\/product_tag?post=1168"}],"curies":[{"name":"wp","href":"https:\/\/api.w.org\/{rel}","templated":true}]}}