{"id":10882,"date":"2024-03-08T00:31:36","date_gmt":"2024-03-07T14:31:36","guid":{"rendered":"https:\/\/standify.org\/?page_id=10882"},"modified":"2024-03-08T00:31:37","modified_gmt":"2024-03-07T14:31:37","slug":"ccpa-opt-out","status":"publish","type":"page","link":"https:\/\/standify.org\/fr\/ccpa-opt-out\/","title":{"rendered":"CCPA Opt Out"},"content":{"rendered":"<h2 class=\"wp-block-heading\">Ne pas vendre ou partager mes informations personnelles<\/h2>\n\n\n\n<p>Comme d\u00e9crit dans notre politique de confidentialit\u00e9, nous recueillons des informations personnelles lors de vos interactions avec nous et notre site web, y compris par le biais de cookies et de technologies similaires. Nous pouvons \u00e9galement partager ces informations personnelles avec des tiers, y compris des partenaires publicitaires. Nous le faisons afin de vous montrer des publicit\u00e9s sur d'autres sites web qui sont plus pertinentes par rapport \u00e0 vos int\u00e9r\u00eats et pour d'autres raisons d\u00e9crites dans notre politique de confidentialit\u00e9.<\/p>\n\n\n\n<p>Le partage d'informations personnelles \u00e0 des fins de publicit\u00e9 cibl\u00e9e en fonction de votre interaction sur diff\u00e9rents sites web peut \u00eatre consid\u00e9r\u00e9 comme une \"vente\", un \"partage\" ou une \"publicit\u00e9 cibl\u00e9e\" en vertu des lois sur la protection de la vie priv\u00e9e de certains \u00c9tats am\u00e9ricains. En fonction de votre lieu de r\u00e9sidence, vous pouvez avoir le droit de refuser ces activit\u00e9s. Si vous souhaitez exercer ce droit de retrait, veuillez suivre les instructions ci-dessous.<\/p>\n\n\n\n<p>Si vous visitez notre site web avec le signal de pr\u00e9f\u00e9rence de d\u00e9sactivation du Contr\u00f4le mondial de la protection de la vie priv\u00e9e activ\u00e9, en fonction de l'endroit o\u00f9 vous vous trouvez, nous consid\u00e9rerons cela comme une demande de d\u00e9sactivation d'une activit\u00e9 pouvant \u00eatre consid\u00e9r\u00e9e comme une \"vente\" ou un \"partage\" d'informations personnelles ou d'autres utilisations pouvant \u00eatre consid\u00e9r\u00e9es comme de la publicit\u00e9 cibl\u00e9e pour l'appareil et le navigateur que vous avez utilis\u00e9s pour visiter notre site web.<\/p>","protected":false},"excerpt":{"rendered":"<p>Ne pas vendre ou partager mes informations personnelles Comme d\u00e9crit dans notre politique de confidentialit\u00e9, nous collectons des informations personnelles \u00e0 partir de vos donn\u00e9es personnelles.<\/p>","protected":false},"author":1,"featured_media":0,"parent":0,"menu_order":0,"comment_status":"closed","ping_status":"closed","template":"","meta":{"footnotes":""},"class_list":["post-10882","page","type-page","status-publish","hentry"],"jetpack_sharing_enabled":true,"_links":{"self":[{"href":"https:\/\/standify.org\/fr\/wp-json\/wp\/v2\/pages\/10882","targetHints":{"allow":["GET"]}}],"collection":[{"href":"https:\/\/standify.org\/fr\/wp-json\/wp\/v2\/pages"}],"about":[{"href":"https:\/\/standify.org\/fr\/wp-json\/wp\/v2\/types\/page"}],"author":[{"embeddable":true,"href":"https:\/\/standify.org\/fr\/wp-json\/wp\/v2\/users\/1"}],"replies":[{"embeddable":true,"href":"https:\/\/standify.org\/fr\/wp-json\/wp\/v2\/comments?post=10882"}],"version-history":[{"count":0,"href":"https:\/\/standify.org\/fr\/wp-json\/wp\/v2\/pages\/10882\/revisions"}],"wp:attachment":[{"href":"https:\/\/standify.org\/fr\/wp-json\/wp\/v2\/media?parent=10882"}],"curies":[{"name":"wp","href":"https:\/\/api.w.org\/{rel}","templated":true}]}}