{"id":10862,"date":"2024-03-08T00:14:13","date_gmt":"2024-03-07T14:14:13","guid":{"rendered":"https:\/\/standify.org\/?page_id=10862"},"modified":"2024-03-08T00:14:16","modified_gmt":"2024-03-07T14:14:16","slug":"shipping-policy","status":"publish","type":"page","link":"https:\/\/standify.org\/fr\/shipping-policy\/","title":{"rendered":"Politique d'exp\u00e9dition"},"content":{"rendered":"<p>D\u00e9lai d'exp\u00e9dition estim\u00e9 : 1-3 jours<\/p>\n\n\n\n<p>D\u00e9lais de livraison estim\u00e9s<\/p>\n\n\n\n<p>\u00c9tats-Unis : 6-10 jours<\/p>\n\n\n\n<p>Australie : 7-12 jours<\/p>\n\n\n\n<p>France : 5-10 jours<\/p>\n\n\n\n<p>Royaume-Uni : 6-11 jours<\/p>\n\n\n\n<p>L'exp\u00e9dition assur\u00e9e garantit un remboursement en cas de marchandises endommag\u00e9es et jug\u00e9es inacceptables pendant le transport.&nbsp;<\/p>","protected":false},"excerpt":{"rendered":"<p>D\u00e9lai d'exp\u00e9dition estim\u00e9 : 1-3 jours D\u00e9lai de livraison estim\u00e9 USA : 6-10 jours Australie : 7-12 Jours France : 5-10 jours Royaume-Uni : 6-11 jours<\/p>","protected":false},"author":1,"featured_media":0,"parent":0,"menu_order":0,"comment_status":"closed","ping_status":"closed","template":"","meta":{"footnotes":""},"class_list":["post-10862","page","type-page","status-publish","hentry"],"jetpack_sharing_enabled":true,"_links":{"self":[{"href":"https:\/\/standify.org\/fr\/wp-json\/wp\/v2\/pages\/10862","targetHints":{"allow":["GET"]}}],"collection":[{"href":"https:\/\/standify.org\/fr\/wp-json\/wp\/v2\/pages"}],"about":[{"href":"https:\/\/standify.org\/fr\/wp-json\/wp\/v2\/types\/page"}],"author":[{"embeddable":true,"href":"https:\/\/standify.org\/fr\/wp-json\/wp\/v2\/users\/1"}],"replies":[{"embeddable":true,"href":"https:\/\/standify.org\/fr\/wp-json\/wp\/v2\/comments?post=10862"}],"version-history":[{"count":0,"href":"https:\/\/standify.org\/fr\/wp-json\/wp\/v2\/pages\/10862\/revisions"}],"wp:attachment":[{"href":"https:\/\/standify.org\/fr\/wp-json\/wp\/v2\/media?parent=10862"}],"curies":[{"name":"wp","href":"https:\/\/api.w.org\/{rel}","templated":true}]}}