{"id":965,"date":"2024-02-28T13:13:24","date_gmt":"2024-02-28T13:13:24","guid":{"rendered":"https:\/\/standify.org\/?post_type=product&#038;p=965"},"modified":"2026-04-17T04:45:31","modified_gmt":"2026-04-16T18:45:31","slug":"dbz-premium-rgb-3mm-desk-pads-5-sizes","status":"publish","type":"product","link":"https:\/\/standify.org\/es\/tienda\/dbz-premium-rgb-3mm-desk-pads-5-sizes\/","title":{"rendered":"DBZ Premium RGB 3mm Desk Pads - 19 Dise\u00f1os"},"content":{"rendered":"<p><img decoding=\"async\" src=\"https:\/\/cdn.shopify.com\/s\/files\/1\/0671\/5054\/5114\/files\/S018c21edb7a240aa8c1da772b569f841e_480x480.webp?v=1698503483\" alt=\"Standify Anime Dragon Ball Z figuritas y Goku soporte para auriculares\"><\/p>\n<p>Sum\u00e9rgete en una dimensi\u00f3n en la que Dragon Ball Z converge con una tecnolog\u00eda sin igual. Presentamos nuestras alfombrillas de escritorio DBZ Premium RGB, \u00a1una fuerza que har\u00e1 que cualquier otra alfombrilla de rat\u00f3n parezca insignificante!<\/p>\n<p><strong>Por qu\u00e9 este es EL bloc de escritorio que hay que tener<\/strong>: \ud83d\udd25\u00a0<strong>Dise\u00f1os DBZ sin igual<\/strong>: Elige entre 19 impresionantes dise\u00f1os personalizados de alta calidad. Sum\u00e9rgete en el poder de Goku, la ferocidad de Vegeta y la magia de DBZ, para que tu escritorio sea \u00fanico.<\/p>\n<p>\ud83c\udf0c\u00a0<strong>Brillo RGB<\/strong>: Su escritorio se merece algo m\u00e1s que un toque de color. Experimenta la sinfon\u00eda de la iluminaci\u00f3n LED RGB personalizable, meticulosamente dise\u00f1ada para marcar el tono de cada estado de \u00e1nimo y movimiento.<\/p>\n<p>\ud83d\uddb1\ufe0f\u00a0<strong>El ep\u00edtome del rendimiento<\/strong>: Olv\u00eddese de las alfombrillas de rat\u00f3n m\u00e1s finas e inferiores que no pueden seguirle el ritmo. Con un grosor superior de 3 mm, disfruta de un deslizamiento amortiguado con cada movimiento del rat\u00f3n, tanto si est\u00e1s inmerso en un juego como en el trabajo.<\/p>\n<p>\u2728\u00a0<strong>Material de primera calidad<\/strong>: Fabricado con caucho de alta calidad, no se trata s\u00f3lo de est\u00e9tica. Disfruta de la estabilidad de una base antideslizante y de una resistencia con la que solo pueden so\u00f1ar almohadillas de menor calidad.<\/p>\n<p><strong>Caracter\u00edsticas que ning\u00fan otro puede igualar<\/strong>:<\/p>\n<ul>\n<li><strong>Est\u00e9tica superior con retroiluminaci\u00f3n y LED<\/strong>: \u00bfPor qu\u00e9 conformarse con lo mundano cuando puedes iluminar tus sesiones?<\/li>\n<li><strong>Accesorios esenciales para juegos<\/strong>: Esto no es s\u00f3lo una alfombrilla de rat\u00f3n; es un cambio de juego.<\/li>\n<li><strong>Lo mejor del anime<\/strong>: Haz alarde de tu gusto y afici\u00f3n con orgullo.<\/li>\n<li><strong>Tama\u00f1o y cobertura \u00f3ptimos<\/strong>: Desp\u00eddete de las limitaciones de las almohadillas m\u00e1s peque\u00f1as y resbaladizas.<\/li>\n<\/ul>\n<p><strong>Tama\u00f1os a la medida de los campeones<\/strong>:<\/p>\n<ol>\n<li>RGB 300x600x3mm<\/li>\n<li>RGB 300x700x3mm<\/li>\n<li>RGB 250x350x3mm<\/li>\n<li>RGB 300x800x3mm<\/li>\n<li>RGB 400x900x3mm<\/li>\n<\/ol>\n<p>\u00bfPor qu\u00e9 ser ordinario cuando puedes ascender a la \u00e9lite? Con la alfombrilla de escritorio DBZ Premium RGB, no s\u00f3lo mejorar\u00e1 su configuraci\u00f3n, sino que proclamar\u00e1 su estatus. Si se conforma con menos, se est\u00e1 perdiendo lo mejor. \u00a1Aprovecha el momento y deja que tu escritorio irradie un poder\u00edo sin igual! \ud83c\udf1f\ud83d\udc09<\/p>","protected":false},"excerpt":{"rendered":"<p><strong>\u2b50 Super Peluche<br \/>\n\ud83c\udfc6 Materiales de alta calidad<br \/>\n\ud83c\udf81 Incre\u00edble regalo<\/strong><\/p>","protected":false},"featured_media":1061,"comment_status":"open","ping_status":"closed","template":"","meta":[],"product_brand":[],"product_cat":[641,16,28],"product_tag":[21,26,27],"class_list":{"0":"post-965","1":"product","2":"type-product","3":"status-publish","4":"has-post-thumbnail","6":"product_cat-dragon-ball-z-super-saiyan","7":"product_cat-standify","8":"product_cat-desk-pad","9":"product_tag-decoration","10":"product_tag-desk-pads","11":"product_tag-upsell","13":"first","14":"instock","15":"taxable","16":"shipping-taxable","17":"purchasable","18":"product-type-variable","19":"has-default-attributes"},"jetpack_sharing_enabled":true,"_links":{"self":[{"href":"https:\/\/standify.org\/es\/wp-json\/wp\/v2\/product\/965","targetHints":{"allow":["GET"]}}],"collection":[{"href":"https:\/\/standify.org\/es\/wp-json\/wp\/v2\/product"}],"about":[{"href":"https:\/\/standify.org\/es\/wp-json\/wp\/v2\/types\/product"}],"replies":[{"embeddable":true,"href":"https:\/\/standify.org\/es\/wp-json\/wp\/v2\/comments?post=965"}],"version-history":[{"count":1,"href":"https:\/\/standify.org\/es\/wp-json\/wp\/v2\/product\/965\/revisions"}],"predecessor-version":[{"id":16446,"href":"https:\/\/standify.org\/es\/wp-json\/wp\/v2\/product\/965\/revisions\/16446"}],"wp:featuredmedia":[{"embeddable":true,"href":"https:\/\/standify.org\/es\/wp-json\/wp\/v2\/media\/1061"}],"wp:attachment":[{"href":"https:\/\/standify.org\/es\/wp-json\/wp\/v2\/media?parent=965"}],"wp:term":[{"taxonomy":"product_brand","embeddable":true,"href":"https:\/\/standify.org\/es\/wp-json\/wp\/v2\/product_brand?post=965"},{"taxonomy":"product_cat","embeddable":true,"href":"https:\/\/standify.org\/es\/wp-json\/wp\/v2\/product_cat?post=965"},{"taxonomy":"product_tag","embeddable":true,"href":"https:\/\/standify.org\/es\/wp-json\/wp\/v2\/product_tag?post=965"}],"curies":[{"name":"wp","href":"https:\/\/api.w.org\/{rel}","templated":true}]}}