{"id":56,"date":"2024-03-07T12:25:21","date_gmt":"2024-03-07T12:25:21","guid":{"rendered":"https:\/\/standify.org\/?post_type=product&#038;p=56"},"modified":"2025-12-15T03:31:22","modified_gmt":"2025-12-14T17:31:22","slug":"2024-dragon-ball-high-top-sneakers-blue-oranges","status":"publish","type":"product","link":"https:\/\/standify.org\/es\/tienda\/2024-dragon-ball-high-top-sneakers-blue-oranges\/","title":{"rendered":"2026 Zapatillas altas - Azules\/Naranjas"},"content":{"rendered":"<p><img decoding=\"async\" src=\"https:\/\/ae01.alicdn.com\/kf\/S3abc446a3d5e48b8887a28a6df19ccdbN.jpg?width=800&amp;height=800&amp;hash=1600\" alt=\"Standify Anime Dragon Ball Z figuritas y Goku soporte para auriculares\">2024 Las zapatillas de Dragon Ball Z est\u00e1n encendidas \ud83d\udd25.<\/p>\n<p>Haga clic a continuaci\u00f3n para ver m\u00e1s dise\u00f1os<br \/>\n<a title=\"M\u00e1s dise\u00f1os\" href=\"https:\/\/standify.org\/es\/products\/2024-dragon-ball-high-top-sneakers-pink-purples\/\"><img decoding=\"async\" src=\"https:\/\/cdn.shopify.com\/s\/files\/1\/0671\/5054\/5114\/files\/MoreDesigns_480x480.jpg?v=1705042923\" alt=\"Standify Anime Dragon Ball Z figuritas y Goku soporte para auriculares\" data-mce-fragment=\"1\"><\/a><\/p>\n<p><a title=\"M\u00e1s dise\u00f1os\" href=\"https:\/\/standify.org\/es\/products\/2024-dbz-sneakers\/\"><img decoding=\"async\" src=\"https:\/\/standify.org\/cdn\/shop\/files\/Sf12c1292f1824b2085df82eb6c5c69af8.webp?v=1702827465&amp;width=480\" alt=\"Standify Anime Dragon Ball Z figuritas y Goku soporte para auriculares\"><\/a><\/p>","protected":false},"excerpt":{"rendered":"<p>2024 Dragon Ball Z Sneakers are lit \ud83d\udd25 Click Below for More Designs<\/p>","protected":false},"featured_media":148,"comment_status":"open","ping_status":"closed","template":"","meta":[],"product_brand":[],"product_cat":[641,16,20],"product_tag":[19],"class_list":{"0":"post-56","1":"product","2":"type-product","3":"status-publish","4":"has-post-thumbnail","6":"product_cat-dragon-ball-z-super-saiyan","7":"product_cat-standify","8":"product_cat-apparel","9":"product_tag-clothing","11":"first","12":"instock","13":"taxable","14":"shipping-taxable","15":"purchasable","16":"product-type-variable","17":"has-default-attributes"},"jetpack_sharing_enabled":true,"_links":{"self":[{"href":"https:\/\/standify.org\/es\/wp-json\/wp\/v2\/product\/56","targetHints":{"allow":["GET"]}}],"collection":[{"href":"https:\/\/standify.org\/es\/wp-json\/wp\/v2\/product"}],"about":[{"href":"https:\/\/standify.org\/es\/wp-json\/wp\/v2\/types\/product"}],"replies":[{"embeddable":true,"href":"https:\/\/standify.org\/es\/wp-json\/wp\/v2\/comments?post=56"}],"version-history":[{"count":1,"href":"https:\/\/standify.org\/es\/wp-json\/wp\/v2\/product\/56\/revisions"}],"predecessor-version":[{"id":36686,"href":"https:\/\/standify.org\/es\/wp-json\/wp\/v2\/product\/56\/revisions\/36686"}],"wp:featuredmedia":[{"embeddable":true,"href":"https:\/\/standify.org\/es\/wp-json\/wp\/v2\/media\/148"}],"wp:attachment":[{"href":"https:\/\/standify.org\/es\/wp-json\/wp\/v2\/media?parent=56"}],"wp:term":[{"taxonomy":"product_brand","embeddable":true,"href":"https:\/\/standify.org\/es\/wp-json\/wp\/v2\/product_brand?post=56"},{"taxonomy":"product_cat","embeddable":true,"href":"https:\/\/standify.org\/es\/wp-json\/wp\/v2\/product_cat?post=56"},{"taxonomy":"product_tag","embeddable":true,"href":"https:\/\/standify.org\/es\/wp-json\/wp\/v2\/product_tag?post=56"}],"curies":[{"name":"wp","href":"https:\/\/api.w.org\/{rel}","templated":true}]}}