{"id":464,"date":"2023-11-07T15:03:41","date_gmt":"2023-11-07T15:03:41","guid":{"rendered":"https:\/\/standify.org\/?product=controller-stand-zombie-hand"},"modified":"2025-12-17T03:35:32","modified_gmt":"2025-12-16T17:35:32","slug":"controller-stand-zombie-hand","status":"publish","type":"product","link":"https:\/\/standify.org\/es\/tienda\/controller-stand-zombie-hand\/","title":{"rendered":"Soporte para mando Mano de zombie"},"content":{"rendered":"<p>Libera a los muertos vivientes para que organicen tu equipo de juego con la Mano Zombie: \u00a1el mando definitivo y el soporte para auriculares que promete insuflar vida a tu estaci\u00f3n de juego!<\/p>\n<p>\ud83c\udfae <strong>Soporte para auriculares: el guardi\u00e1n de tu equipo<\/strong> Mejore su juego con un soporte que no s\u00f3lo es funcional, sino diab\u00f3licamente elegante. No es s\u00f3lo un lugar para colgar los auriculares despu\u00e9s de una agotadora sesi\u00f3n de juego; es una declaraci\u00f3n. Un faro en la noche que grita: \"\u00a1Bien jugado!\". Deja que esta mano zombi surja de las profundidades de tu escritorio para sostener tus auriculares, manteni\u00e9ndolos limpios, desenredados y siempre a mano.<\/p>\n<p>\ud83c\udfa7 <strong>Controller Haven - Abrazar las garras de los muertos vivientes<\/strong> No temas, porque este soporte no discrimina; es un soporte de igualdad de oportunidades. Tanto si eres de Xbox, PlayStation o Switch, deja que esta mano coja tu mando y lo mantenga en alto y orgulloso. Fabricado en resina resistente y meticulosamente pintado a mano, no es solo un soporte, es un trofeo que atestigua innumerables batallas y victorias. No solo est\u00e1 construido, sino forjado para la eternidad, prometiendo un apoyo inquebrantable a tus herramientas m\u00e1s nobles.<\/p>\n<p>\ud83c\udfae <strong>Soporte para tel\u00e9fono - Tu tecnolog\u00eda, agarrada por los muertos<\/strong> \u00bfAlguna vez has pensado que a tu tel\u00e9fono le vendr\u00eda bien un toque macabro? No busques m\u00e1s. Este soporte agarra tu dispositivo m\u00f3vil con las manos fr\u00edas y muertas del apocalipsis, asegurando que incluso en el fragor de la batalla, tengas una visi\u00f3n clara de tu pantalla. iPhone o Samsung, Google o cualquier otro - con o sin funda - este zombi no juzga. Simplemente sujeta... implacablemente.<\/p>\n<p>\ud83c\udfa7 <strong>El don de la tumba - Sorpresa sobrenatural para los jugadores<\/strong> \u00bfBuscas el regalo perfecto para sorprender a un aficionado a los videojuegos? El Zombie Hand viene en un embalaje dise\u00f1ado con tanto cuidado como el propio soporte, para garantizar que llegue desde el m\u00e1s all\u00e1 hasta la puerta de tu casa en condiciones impecables. Con unas dimensiones de 17x27x18,5 cm, es el lugar de descanso ideal para mandos oficiales de PS5, XBOX Series X|S y la mayor\u00eda de auriculares del mercado.<\/p>\n<p>Atr\u00e9vete a a\u00f1adir un toque extraordinario a tu configuraci\u00f3n con este accesorio de juego \u00fanico. Cada mirada a la Mano Zombie te recordar\u00e1 que, en el mundo de los jugadores corrientes, t\u00fa eres el superviviente, el \u00faltimo en pie, la envidia de la horda.<\/p>","protected":false},"excerpt":{"rendered":"<p>Libera a los muertos vivientes para organizar tu equipo de juego con la Mano Zombie: el mando y soporte para auriculares definitivo que<\/p>","protected":false},"featured_media":466,"comment_status":"open","ping_status":"closed","template":"","meta":[],"product_brand":[],"product_cat":[16,25],"product_tag":[24],"class_list":{"0":"post-464","1":"product","2":"type-product","3":"status-publish","4":"has-post-thumbnail","6":"product_cat-standify","7":"product_cat-controller-stand","8":"product_tag-controller-stand","10":"first","11":"instock","12":"sale","13":"taxable","14":"shipping-taxable","15":"purchasable","16":"product-type-simple"},"jetpack_sharing_enabled":true,"_links":{"self":[{"href":"https:\/\/standify.org\/es\/wp-json\/wp\/v2\/product\/464","targetHints":{"allow":["GET"]}}],"collection":[{"href":"https:\/\/standify.org\/es\/wp-json\/wp\/v2\/product"}],"about":[{"href":"https:\/\/standify.org\/es\/wp-json\/wp\/v2\/types\/product"}],"replies":[{"embeddable":true,"href":"https:\/\/standify.org\/es\/wp-json\/wp\/v2\/comments?post=464"}],"version-history":[{"count":0,"href":"https:\/\/standify.org\/es\/wp-json\/wp\/v2\/product\/464\/revisions"}],"wp:featuredmedia":[{"embeddable":true,"href":"https:\/\/standify.org\/es\/wp-json\/wp\/v2\/media\/466"}],"wp:attachment":[{"href":"https:\/\/standify.org\/es\/wp-json\/wp\/v2\/media?parent=464"}],"wp:term":[{"taxonomy":"product_brand","embeddable":true,"href":"https:\/\/standify.org\/es\/wp-json\/wp\/v2\/product_brand?post=464"},{"taxonomy":"product_cat","embeddable":true,"href":"https:\/\/standify.org\/es\/wp-json\/wp\/v2\/product_cat?post=464"},{"taxonomy":"product_tag","embeddable":true,"href":"https:\/\/standify.org\/es\/wp-json\/wp\/v2\/product_tag?post=464"}],"curies":[{"name":"wp","href":"https:\/\/api.w.org\/{rel}","templated":true}]}}