{"id":39,"date":"2024-03-07T12:25:24","date_gmt":"2024-03-07T12:25:24","guid":{"rendered":"https:\/\/standify.org\/?post_type=product&#038;p=39"},"modified":"2024-08-02T02:19:31","modified_gmt":"2024-08-01T16:19:31","slug":"16cm-goku-super-saiyan-electric-figurine","status":"publish","type":"product","link":"https:\/\/standify.org\/es\/tienda\/16cm-goku-super-saiyan-electric-figurine\/","title":{"rendered":"16cm Goku Super Saiyan Figura El\u00e9ctrica"},"content":{"rendered":"<p>Desata el poder del guerrero definitivo con nuestra electrizante figura \"Goku con aura de rayo\" de 16 cm. Este coleccionable de dise\u00f1o magistral es un homenaje a la fuerza e intensidad del ic\u00f3nico luchador, realzado por la din\u00e1mica oleada de electricidad que encarna su esp\u00edritu de lucha.<\/p>\n<p>\u26a1 <strong>Energ\u00eda din\u00e1mica<\/strong>: La figura est\u00e1 envuelta en efectos de rayos esculpidos, que ilustran la energ\u00eda bruta y el inmenso poder de Goku mientras se prepara para la batalla. El amarillo transl\u00facido y las texturas electrizantes simulan el aura pulsante, a\u00f1adiendo un efecto visual impresionante.<\/p>\n<p>\ud83e\udd4b <strong>Detalles intrincados<\/strong>: Meticulosamente elaborada, la figura muestra la musculosa figura de Goku, sus cicatrices de batalla y sus ropas rasgadas, que ponen de relieve la intensidad de sus numerosas batallas. Cada detalle, desde los pliegues de la ropa hasta su expresi\u00f3n decidida, est\u00e1 captado con precisi\u00f3n.<\/p>\n<p>\ud83c\udfa8 <strong>Colores vivos<\/strong>: Los vibrantes colores se han elegido cuidadosamente para reflejar el aspecto ic\u00f3nico de Goku. El contraste entre el gi naranja, el faj\u00edn y las botas azules, y el amarillo vivo del aura el\u00e9ctrica crea un aspecto llamativo que resalta en cualquier entorno.<\/p>\n<p>\ud83c\udfc6 <strong>Elecci\u00f3n del coleccionista<\/strong>: Con sus 16 cm de altura, esta estatuilla es una pieza sustancial sin ser intrusiva, ideal para exponer en una colecci\u00f3n personal, en un escritorio de oficina o en una habitaci\u00f3n tem\u00e1tica. Sus proporciones equilibradas garantizan que destaque como punto focal dondequiera que se coloque.<\/p>","protected":false},"excerpt":{"rendered":"<p>Desata el poder del guerrero definitivo con nuestra electrizante figura de 16 cm \u201cGoku con aura de rayo\u201d. Este coleccionable de dise\u00f1o magistral<\/p>","protected":false},"featured_media":41,"comment_status":"open","ping_status":"closed","template":"","meta":[],"product_brand":[],"product_cat":[641,16,18],"product_tag":[143,17],"class_list":{"0":"post-39","1":"product","2":"type-product","3":"status-publish","4":"has-post-thumbnail","6":"product_cat-dragon-ball-z-super-saiyan","7":"product_cat-standify","8":"product_cat-action-figure","9":"product_tag-dbz","10":"product_tag-figurine","12":"first","13":"instock","14":"sale","15":"taxable","16":"shipping-taxable","17":"purchasable","18":"product-type-simple"},"jetpack_sharing_enabled":true,"_links":{"self":[{"href":"https:\/\/standify.org\/es\/wp-json\/wp\/v2\/product\/39","targetHints":{"allow":["GET"]}}],"collection":[{"href":"https:\/\/standify.org\/es\/wp-json\/wp\/v2\/product"}],"about":[{"href":"https:\/\/standify.org\/es\/wp-json\/wp\/v2\/types\/product"}],"replies":[{"embeddable":true,"href":"https:\/\/standify.org\/es\/wp-json\/wp\/v2\/comments?post=39"}],"version-history":[{"count":0,"href":"https:\/\/standify.org\/es\/wp-json\/wp\/v2\/product\/39\/revisions"}],"wp:featuredmedia":[{"embeddable":true,"href":"https:\/\/standify.org\/es\/wp-json\/wp\/v2\/media\/41"}],"wp:attachment":[{"href":"https:\/\/standify.org\/es\/wp-json\/wp\/v2\/media?parent=39"}],"wp:term":[{"taxonomy":"product_brand","embeddable":true,"href":"https:\/\/standify.org\/es\/wp-json\/wp\/v2\/product_brand?post=39"},{"taxonomy":"product_cat","embeddable":true,"href":"https:\/\/standify.org\/es\/wp-json\/wp\/v2\/product_cat?post=39"},{"taxonomy":"product_tag","embeddable":true,"href":"https:\/\/standify.org\/es\/wp-json\/wp\/v2\/product_tag?post=39"}],"curies":[{"name":"wp","href":"https:\/\/api.w.org\/{rel}","templated":true}]}}