{"id":320,"date":"2024-03-07T12:25:14","date_gmt":"2024-03-07T12:25:14","guid":{"rendered":"https:\/\/standify.org\/?post_type=product&#038;p=320"},"modified":"2025-11-08T14:21:42","modified_gmt":"2025-11-08T04:21:42","slug":"7-6cm-dbz-crystal-ball-anime-figure-1-2-3-4-5-6-7-star-shenron-wish-balls-cosplay-props-collectible-desktop-decoration-toys","status":"publish","type":"product","link":"https:\/\/standify.org\/es\/tienda\/7-6cm-dbz-crystal-ball-anime-figure-1-2-3-4-5-6-7-star-shenron-wish-balls-cosplay-props-collectible-desktop-decoration-toys\/","title":{"rendered":"Bolas de drag\u00f3n de cristal de 3 pulgadas"},"content":{"rendered":"<p><strong>Desata el poder del drag\u00f3n: bolas de drag\u00f3n de 3\u2033.<\/strong><\/p>\n<p>Emb\u00e1rcate en un viaje m\u00edstico con nuestras exclusivas bolas de drag\u00f3n de cristal de 3\u2033. Elaborados a la perfecci\u00f3n, estos orbes invocan la esencia de antiguas leyendas en tu sal\u00f3n.<\/p>\n<p><strong>Caracter\u00edsticas principales:<\/strong><\/p>\n<ul>\n<li>\ud83c\udf1f <strong>Calidad superior:<\/strong> Cada bola est\u00e1 fabricada con vidrio duradero de alta calidad para una presencia m\u00edstica duradera.<\/li>\n<li>\u2728 <strong>Dise\u00f1o ic\u00f3nico:<\/strong> Tono naranja vibrante con el cl\u00e1sico dise\u00f1o de estrellas rojas, disponible de una a siete estrellas.<\/li>\n<li>\ud83d\udccf <strong>Tama\u00f1o perfecto:<\/strong> Con 3 pulgadas de di\u00e1metro, son un objeto de colecci\u00f3n ideal que no ocupa demasiado espacio.<\/li>\n<\/ul>\n<p><strong>Ventajas:<\/strong><\/p>\n<ul>\n<li>\ud83c\udf81 <strong>Ideal para regalar:<\/strong> Un art\u00edculo imprescindible para cualquier aficionado, perfecto para cumplea\u00f1os, vacaciones o como sorpresa para los fans de tu vida.<\/li>\n<li>\ud83c\udfa8 <strong>Atractivo decorativo:<\/strong> A\u00f1ade un toque de magia a cualquier habitaci\u00f3n, estanter\u00eda o escritorio.<\/li>\n<li>\ud83d\udcda <strong>Encanto coleccionable:<\/strong> Tanto si quiere coleccionar los siete como si s\u00f3lo quiere su n\u00famero favorito, estos balones son un complemento llamativo para cualquier juego.<\/li>\n<\/ul>\n<p><strong>Modo de empleo:<\/strong><\/p>\n<ol>\n<li>Exh\u00edbalos con orgullo en la caja.<\/li>\n<li>Incorp\u00f3ralos a tus pr\u00e1cticas de meditaci\u00f3n o atenci\u00f3n plena.<\/li>\n<li>Util\u00edzalos como pisapapeles o adornos de escritorio para inspirar tus aventuras diarias.<\/li>\n<\/ol>\n<p>\u26a0\ufe0f <strong>Tenga en cuenta lo siguiente:<\/strong> Aunque estas Bolas de Drag\u00f3n de cristal no invoquen a un drag\u00f3n de verdad, seguro que despiertan un sentimiento de asombro y aventura en todos los que las ven.<\/p>","protected":false},"excerpt":{"rendered":"<p>Desata el poder del drag\u00f3n: 3\u2033 Bolas de drag\u00f3n \ud83d\udc09 Emb\u00e1rcate en un viaje m\u00edstico con nuestras exclusivas 3\u2033 de cristal.<\/p>","protected":false},"featured_media":336,"comment_status":"open","ping_status":"closed","template":"","meta":[],"product_brand":[],"product_cat":[641,16,183],"product_tag":[],"class_list":{"0":"post-320","1":"product","2":"type-product","3":"status-publish","4":"has-post-thumbnail","6":"product_cat-dragon-ball-z-super-saiyan","7":"product_cat-standify","8":"product_cat-featured-items","10":"first","11":"instock","12":"taxable","13":"shipping-taxable","14":"purchasable","15":"product-type-variable"},"jetpack_sharing_enabled":true,"_links":{"self":[{"href":"https:\/\/standify.org\/es\/wp-json\/wp\/v2\/product\/320","targetHints":{"allow":["GET"]}}],"collection":[{"href":"https:\/\/standify.org\/es\/wp-json\/wp\/v2\/product"}],"about":[{"href":"https:\/\/standify.org\/es\/wp-json\/wp\/v2\/types\/product"}],"replies":[{"embeddable":true,"href":"https:\/\/standify.org\/es\/wp-json\/wp\/v2\/comments?post=320"}],"version-history":[{"count":0,"href":"https:\/\/standify.org\/es\/wp-json\/wp\/v2\/product\/320\/revisions"}],"wp:featuredmedia":[{"embeddable":true,"href":"https:\/\/standify.org\/es\/wp-json\/wp\/v2\/media\/336"}],"wp:attachment":[{"href":"https:\/\/standify.org\/es\/wp-json\/wp\/v2\/media?parent=320"}],"wp:term":[{"taxonomy":"product_brand","embeddable":true,"href":"https:\/\/standify.org\/es\/wp-json\/wp\/v2\/product_brand?post=320"},{"taxonomy":"product_cat","embeddable":true,"href":"https:\/\/standify.org\/es\/wp-json\/wp\/v2\/product_cat?post=320"},{"taxonomy":"product_tag","embeddable":true,"href":"https:\/\/standify.org\/es\/wp-json\/wp\/v2\/product_tag?post=320"}],"curies":[{"name":"wp","href":"https:\/\/api.w.org\/{rel}","templated":true}]}}