{"id":32,"date":"2024-03-07T12:25:25","date_gmt":"2024-03-07T12:25:25","guid":{"rendered":"https:\/\/standify.org\/?post_type=product&#038;p=32"},"modified":"2026-04-17T04:43:33","modified_gmt":"2026-04-16T18:43:33","slug":"10cm-son-goku-on-cloud","status":"publish","type":"product","link":"https:\/\/standify.org\/es\/tienda\/10cm-son-goku-on-cloud\/","title":{"rendered":"10cm Son Goku en la nube"},"content":{"rendered":"<p class=\"whitespace-pre-wrap break-words\">\ud83c\udf1f <strong>EL MEJOR REGALO PARA LOS AMANTES DE LA AVENTURA<\/strong> \ud83c\udf1f<\/p>\n<p class=\"whitespace-pre-wrap break-words\">\u00a1Consigue nuestra figura especial de 10 cm \"Hijo de Goku montado en una nube\"! Es perfecta para los fans que adoran las historias emocionantes y los h\u00e9roes valientes. Esta peque\u00f1a figura muestra al hijo de Goku sentado en su nube m\u00e1gica, listo para la aventura.<\/p>\n<p class=\"whitespace-pre-wrap break-words\"><strong>TAMA\u00d1O:<\/strong> \ud83d\udccf 10 cm de alto, perfecto para tu escritorio.<br \/>\n<strong>DISE\u00d1O:<\/strong> Muestra al hijo de Goku con su ropa de combate, sonriendo sobre una nube esponjosa.<\/p>\n<p class=\"whitespace-pre-wrap break-words\"><strong>QU\u00c9 TIENE DE BUENO<\/strong>:<br \/>\n\u2728 <strong>BIEN HECHO<\/strong>: Fabricado con materiales resistentes y pintado con esmero.<br \/>\n\u2600\ufe0f <strong>PARECE REAL<\/strong>: Muestra todos los peque\u00f1os detalles que hacen especial al personaje.<br \/>\n\ud83d\udc09 <strong>IDEAL PARA COLECCIONISTAS<\/strong>: Perfecto si te gusta coleccionar figuras chulas.<br \/>\n\ud83d\udd25 <strong>SE VE MUY BIEN<\/strong>: Hace que cualquier lugar en el que se coloque parezca m\u00e1s divertido y emocionante.<\/p>\n<p class=\"whitespace-pre-wrap break-words\">\u2601\ufe0f<strong>POR QU\u00c9 NECESITAS ESTA FIGURA DEL HIJO DE GOKU<\/strong><\/p>\n<ul class=\"-mt-1 list-disc space-y-2 pl-8\">\n<li class=\"whitespace-normal break-words\"><strong>Dise\u00f1o \u00fanico<\/strong>: Parece diferente de otras figuras.<\/li>\n<li class=\"whitespace-normal break-words\"><strong>Gran regalo<\/strong>: Perfecto para cumplea\u00f1os o vacaciones.<\/li>\n<li class=\"whitespace-normal break-words\"><strong>Inspira la aventura<\/strong>: Te recuerda que debes ser valiente y divertirte.<\/li>\n<\/ul>\n<p class=\"whitespace-pre-wrap break-words\">\ud83d\udea8 <strong>\u00a1NO QUEDAN MUCHOS!<\/strong> \ud83d\udea8<br \/>\nS\u00f3lo se fabrican unas pocas de estas figuras especiales, \u00a1as\u00ed que compre pronto!<\/p>\n<p class=\"whitespace-pre-wrap break-words\">\ud83d\udca5 <strong>HAZ QUE TU COLECCI\u00d3N SEA INCRE\u00cdBLE<\/strong> \ud83d\udca5<br \/>\n\u00a1Compra ahora y comienza tu propia aventura con el hijo de Goku! \ud83d\udc09\u2601\ufe0f<\/p>","protected":false},"excerpt":{"rendered":"<p>\ud83c\udf1f EL MEJOR REGALO PARA LOS AMANTES DE LAS AVENTURAS \ud83c\udf1f \u00a1Consigue nuestra figura especial de 10 cm \u201cHijo de Goku montado en una nube\u201d! Es<\/p>","protected":false},"featured_media":34,"comment_status":"open","ping_status":"closed","template":"","meta":[],"product_brand":[],"product_cat":[641,16,18],"product_tag":[17],"class_list":{"0":"post-32","1":"product","2":"type-product","3":"status-publish","4":"has-post-thumbnail","6":"product_cat-dragon-ball-z-super-saiyan","7":"product_cat-standify","8":"product_cat-action-figure","9":"product_tag-figurine","11":"first","12":"instock","13":"sale","14":"taxable","15":"shipping-taxable","16":"purchasable","17":"product-type-simple"},"jetpack_sharing_enabled":true,"_links":{"self":[{"href":"https:\/\/standify.org\/es\/wp-json\/wp\/v2\/product\/32","targetHints":{"allow":["GET"]}}],"collection":[{"href":"https:\/\/standify.org\/es\/wp-json\/wp\/v2\/product"}],"about":[{"href":"https:\/\/standify.org\/es\/wp-json\/wp\/v2\/types\/product"}],"replies":[{"embeddable":true,"href":"https:\/\/standify.org\/es\/wp-json\/wp\/v2\/comments?post=32"}],"version-history":[{"count":0,"href":"https:\/\/standify.org\/es\/wp-json\/wp\/v2\/product\/32\/revisions"}],"wp:featuredmedia":[{"embeddable":true,"href":"https:\/\/standify.org\/es\/wp-json\/wp\/v2\/media\/34"}],"wp:attachment":[{"href":"https:\/\/standify.org\/es\/wp-json\/wp\/v2\/media?parent=32"}],"wp:term":[{"taxonomy":"product_brand","embeddable":true,"href":"https:\/\/standify.org\/es\/wp-json\/wp\/v2\/product_brand?post=32"},{"taxonomy":"product_cat","embeddable":true,"href":"https:\/\/standify.org\/es\/wp-json\/wp\/v2\/product_cat?post=32"},{"taxonomy":"product_tag","embeddable":true,"href":"https:\/\/standify.org\/es\/wp-json\/wp\/v2\/product_tag?post=32"}],"curies":[{"name":"wp","href":"https:\/\/api.w.org\/{rel}","templated":true}]}}