{"id":31906,"date":"2025-07-16T22:35:55","date_gmt":"2025-07-16T12:35:55","guid":{"rendered":"https:\/\/standify.org\/shop\/pokemon-universal-game-controller-stand\/"},"modified":"2026-04-16T23:30:36","modified_gmt":"2026-04-16T13:30:36","slug":"pokemon-universal-game-controller-stand","status":"publish","type":"product","link":"https:\/\/standify.org\/es\/tienda\/pokemon-universal-game-controller-stand\/","title":{"rendered":"Soporte universal para mando de Pokemon"},"content":{"rendered":"<p><em>Lleva a tus compa\u00f1eros favoritos de Pallet Town a tu espacio de juego.<\/em><\/p>\n<p>Tanto si estrechaste lazos con la sonrisa descarada de Squirtle, sentiste el calor de la llama de la cola de Charmander, viste el primer brote de Bulbasaur, te re\u00edste con la mirada desconcertada de Psyduck o rendiste homenaje al valiente casco de Cubone, estos soportes mantienen tu mando a salvo y tu nostalgia viva.<\/p>\n<p>Por qu\u00e9 los formadores eligen la colecci\u00f3n<\/p>\n<ul>\n<li><strong>Cuna universal resistente al bamboleo<\/strong><br \/>\nSujeta con seguridad Switch Pro, DualSense, Xbox Series X|S y la mayor\u00eda de los dem\u00e1s mandos sin inclinarse.<\/li>\n<li><strong>Impresi\u00f3n 3D con personajes perfectos<\/strong><br \/>\nLas construcciones PLA bajo demanda capturan todos los detalles -las crestas del caparaz\u00f3n de Scquirtle, la cola enroscada de Charmander, el dosel de hojas de Bulbasaur, los ojos grandes de Psyduck, la cresta \u00f3sea de Cubone- en colores vivos y precisos de Pok\u00e9mon.<\/li>\n<li><strong>Almohadillas de soporte de TPU blando<\/strong><br \/>\nLas inserciones integradas amortiguan los joysticks y los botones, protegiendo los acabados de ara\u00f1azos.<\/li>\n<li><strong>Producci\u00f3n respetuosa con el medio ambiente<\/strong><br \/>\nImpreso por pedido para eliminar el exceso de existencias y los residuos: local, sostenible y aprobado por los formadores.<\/li>\n<\/ul>\n<p>Nostalgia y funcionalidad<\/p>\n<p>Cada soporte no es solo decoraci\u00f3n: es un portal de vuelta a tu primera batalla en el gimnasio, tu primer intercambio, tu primera victoria. Conecta tu mando y siente la chispa que te convirti\u00f3 en Entrenador. Y si tu compa\u00f1ero no ilumina tu configuraci\u00f3n, nuestro <strong>30 d\u00edas de garant\u00eda Indigo Plateau<\/strong> te tiene cubierto, sin preguntas.<\/p>\n<blockquote><p>\u201cMi soporte para Bulbasaur es incre\u00edble, me hace muy feliz con solo mirarlo, y mi mando se adapta muy bien\u201d.\u201d<br \/>\n- Riley, Entrenador verificado \u2b50\u2b50\u2b50\u2b50\u2b50<\/p><\/blockquote>\n<hr \/>\n<h3>\ud83d\udecd\ufe0f Recoge y ahorra: Compra 2 y consigue 10% de descuento<\/h3>\n<p>Mezcla y combina dos de ellos: crea la plantilla de tus sue\u00f1os y observa <strong>10%<\/strong> en la caja autom\u00e1ticamente.<\/p>\n<p><strong>\u00bfListo para dejar que tus compa\u00f1eros de Kanto custodien tu pr\u00f3xima aventura?<\/strong><br \/>\nHit <strong>A\u00d1ADIR AL CARRITO<\/strong> ahora y potencia tu espacio de juego con Pok\u00e9-orgullo.<\/p>\n<p><em>No afiliado a Nintendo. Creado con pasi\u00f3n por otros entrenadores.<\/em><\/p>","protected":false},"excerpt":{"rendered":"<p>Lleva a tus compa\u00f1eros favoritos de Ciudad Paleta a tu espacio de juego. Tanto si te has encari\u00f1ado con la sonrisa descarada de Squirtle, como si has sentido la<\/p>","protected":false},"featured_media":34622,"comment_status":"open","ping_status":"closed","template":"","meta":[],"product_brand":[],"product_cat":[25,861,16],"product_tag":[21,24,413],"class_list":{"0":"post-31906","1":"product","2":"type-product","3":"status-publish","4":"has-post-thumbnail","6":"product_cat-controller-stand","7":"product_cat-pokemon","8":"product_cat-standify","9":"product_tag-decoration","10":"product_tag-controller-stand","11":"product_tag-pokemon","13":"first","14":"instock","15":"sale","16":"taxable","17":"shipping-taxable","18":"purchasable","19":"product-type-variable","20":"has-default-attributes"},"jetpack_sharing_enabled":true,"_links":{"self":[{"href":"https:\/\/standify.org\/es\/wp-json\/wp\/v2\/product\/31906","targetHints":{"allow":["GET"]}}],"collection":[{"href":"https:\/\/standify.org\/es\/wp-json\/wp\/v2\/product"}],"about":[{"href":"https:\/\/standify.org\/es\/wp-json\/wp\/v2\/types\/product"}],"replies":[{"embeddable":true,"href":"https:\/\/standify.org\/es\/wp-json\/wp\/v2\/comments?post=31906"}],"version-history":[{"count":3,"href":"https:\/\/standify.org\/es\/wp-json\/wp\/v2\/product\/31906\/revisions"}],"predecessor-version":[{"id":31942,"href":"https:\/\/standify.org\/es\/wp-json\/wp\/v2\/product\/31906\/revisions\/31942"}],"wp:featuredmedia":[{"embeddable":true,"href":"https:\/\/standify.org\/es\/wp-json\/wp\/v2\/media\/34622"}],"wp:attachment":[{"href":"https:\/\/standify.org\/es\/wp-json\/wp\/v2\/media?parent=31906"}],"wp:term":[{"taxonomy":"product_brand","embeddable":true,"href":"https:\/\/standify.org\/es\/wp-json\/wp\/v2\/product_brand?post=31906"},{"taxonomy":"product_cat","embeddable":true,"href":"https:\/\/standify.org\/es\/wp-json\/wp\/v2\/product_cat?post=31906"},{"taxonomy":"product_tag","embeddable":true,"href":"https:\/\/standify.org\/es\/wp-json\/wp\/v2\/product_tag?post=31906"}],"curies":[{"name":"wp","href":"https:\/\/api.w.org\/{rel}","templated":true}]}}