{"id":31887,"date":"2025-07-16T22:07:05","date_gmt":"2025-07-16T12:07:05","guid":{"rendered":"https:\/\/standify.org\/shop\/lapras-controller-stand\/"},"modified":"2025-09-18T01:19:25","modified_gmt":"2025-09-17T15:19:25","slug":"lapras-controller-stand","status":"publish","type":"product","link":"https:\/\/standify.org\/es\/tienda\/lapras-controller-stand\/","title":{"rendered":"Soporte para mando Lapras"},"content":{"rendered":"<p><em>Zarpe hacia una organizaci\u00f3n cargada de nostalgia.<\/em><\/p>\n<p>\u00bfRecuerdas la emoci\u00f3n de deslizarte por aguas cristalinas a lomos de Lapras? Ahora ese mismo gigante gentil est\u00e1 listo para proteger la \u00fanica cosa que impulsa cada b\u00fasqueda \u00e9pica: tu mando. Ac\u00f3plalo entre batallas, mant\u00e9n tu escritorio suave como una ola y deja que cada mirada te recuerde por qu\u00e9 te enamoraste de los juegos en primer lugar.<\/p>\n<p>Por qu\u00e9 gusta a los entrenadores<\/p>\n<ul>\n<li><strong>Cuna universal a prueba de bamboleos<\/strong> - moldeado para abrazar Switch Pro, PS5 DualSense, Xbox Series X|S y la mayor\u00eda de los pads de terceros con cero vuelcos.<\/li>\n<li><strong>Listo para regalo <\/strong>- provoca una alegr\u00eda instant\u00e1nea desde el momento en que se desenvuelve.<\/li>\n<\/ul>\n<p>Creado para jugadores, respaldado por entrenadores<\/p>\n<p>Hemos creado este soporte para los jugadores que odian el desorden tanto como aman la aventura. \u00bfEl resultado? Menos caos en el escritorio, m\u00e1s orgullo en su configuraci\u00f3n, y un golpe diario de la maravilla de la infancia. Si Lapras no te hace sonre\u00edr cada vez que te sientas a jugar, tienes nuestra garant\u00eda de devoluci\u00f3n de 30 d\u00edas \u201cIndigo Plateau\u201d, sin preguntas.<\/p>\n<blockquote><p>\u201cSe ve incre\u00edble en mi battlestation y por fin evita que mi Pro Controller ruede por el suelo\u201d. - Jess, Entrenador verificado \u2b50\u2b50\u2b50\u2b50\u2b50<\/p><\/blockquote>\n<hr \/>\n<h3>\u26a1 Coge el tuyo antes de que se esfume<\/h3>\n<p>Se trata de una peque\u00f1a tirada hecha por fans (no afiliados a Nintendo) y cada oleada se agota r\u00e1pidamente. A\u00f1ade <em>dos<\/em> a su cesta y autom\u00e1ticamente llevaremos <strong>10% off<\/strong>-para que el Jugador 2 nunca se sienta abandonado.<\/p>\n<p><strong>\u00bfListo para ordenar tu escritorio y revivir la magia?<\/strong><br \/>\nHit <strong>A\u00d1ADIR AL CARRITO<\/strong> ahora y deja que Lapras vigile tu pr\u00f3xima aventura.<\/p>","protected":false},"excerpt":{"rendered":"<p>Zarpe hacia una organizaci\u00f3n cargada de nostalgia. \u00bfRecuerda la emoci\u00f3n de deslizarse por aguas cristalinas a lomos de Lapras? Ahora que<\/p>","protected":false},"featured_media":31874,"comment_status":"open","ping_status":"closed","template":"","meta":[],"product_brand":[],"product_cat":[25],"product_tag":[21,24,413],"class_list":{"0":"post-31887","1":"product","2":"type-product","3":"status-publish","4":"has-post-thumbnail","6":"product_cat-controller-stand","7":"product_tag-decoration","8":"product_tag-controller-stand","9":"product_tag-pokemon","11":"first","12":"instock","13":"sale","14":"taxable","15":"shipping-taxable","16":"purchasable","17":"product-type-simple"},"jetpack_sharing_enabled":true,"_links":{"self":[{"href":"https:\/\/standify.org\/es\/wp-json\/wp\/v2\/product\/31887","targetHints":{"allow":["GET"]}}],"collection":[{"href":"https:\/\/standify.org\/es\/wp-json\/wp\/v2\/product"}],"about":[{"href":"https:\/\/standify.org\/es\/wp-json\/wp\/v2\/types\/product"}],"replies":[{"embeddable":true,"href":"https:\/\/standify.org\/es\/wp-json\/wp\/v2\/comments?post=31887"}],"version-history":[{"count":2,"href":"https:\/\/standify.org\/es\/wp-json\/wp\/v2\/product\/31887\/revisions"}],"predecessor-version":[{"id":32807,"href":"https:\/\/standify.org\/es\/wp-json\/wp\/v2\/product\/31887\/revisions\/32807"}],"wp:featuredmedia":[{"embeddable":true,"href":"https:\/\/standify.org\/es\/wp-json\/wp\/v2\/media\/31874"}],"wp:attachment":[{"href":"https:\/\/standify.org\/es\/wp-json\/wp\/v2\/media?parent=31887"}],"wp:term":[{"taxonomy":"product_brand","embeddable":true,"href":"https:\/\/standify.org\/es\/wp-json\/wp\/v2\/product_brand?post=31887"},{"taxonomy":"product_cat","embeddable":true,"href":"https:\/\/standify.org\/es\/wp-json\/wp\/v2\/product_cat?post=31887"},{"taxonomy":"product_tag","embeddable":true,"href":"https:\/\/standify.org\/es\/wp-json\/wp\/v2\/product_tag?post=31887"}],"curies":[{"name":"wp","href":"https:\/\/api.w.org\/{rel}","templated":true}]}}