{"id":302,"date":"2024-03-07T12:25:16","date_gmt":"2024-03-07T12:25:16","guid":{"rendered":"https:\/\/standify.org\/?post_type=product&#038;p=302"},"modified":"2024-11-19T03:35:59","modified_gmt":"2024-11-18T17:35:59","slug":"29cm-vegeta-figurine","status":"publish","type":"product","link":"https:\/\/standify.org\/es\/tienda\/29cm-vegeta-figurine\/","title":{"rendered":"Figurita de Vegeta de 29 cm"},"content":{"rendered":"<p data-mce-fragment=\"1\">Da rienda suelta al Saiyan que llevas dentro con nuestras impresionantes figuras de Vegeta de 29 cm. Cada figura es el sue\u00f1o de cualquier coleccionista y encarna el ardiente esp\u00edritu del Pr\u00edncipe Saiyan.<\/p>\n<p data-mce-fragment=\"1\">\ud83c\udf1f <strong data-mce-fragment=\"1\">Dynamic Blue Evolution Vegeta<\/strong> - Esta figura vibra con el poder de los dioses. Adornado con la electrizante forma Super Saiyan Blue Evolution, la esencia guerrera de Vegeta ha sido capturada con todo lujo de detalles. Desde su intensa y f\u00e9rrea mirada azul hasta su espigado pelo azulado erguido en actitud desafiante, esta figura es un testimonio de su inquebrantable voluntad.<\/p>\n<p data-mce-fragment=\"1\">\ud83d\udd25 <strong data-mce-fragment=\"1\">Super Saiyan Vegeta cl\u00e1sico<\/strong> - Retrocede en el tiempo con el cl\u00e1sico que lo empez\u00f3 todo. Ba\u00f1ado en el aura dorada de su transformaci\u00f3n Super Saiyan, esta figura de Vegeta es una explosi\u00f3n del pasado, mostrando el esp\u00edritu ardiente que ha inspirado a los fans durante generaciones. La meticulosa atenci\u00f3n al detalle de su ic\u00f3nica armadura y la intensidad de su postura te transportar\u00e1n a \u00e9picas batallas y victorias.<\/p>\n<p data-mce-fragment=\"1\">Cada una se vende por separado, estas figuras te invitan a elegir tu favorita o a hacer doblete para el escaparate definitivo de Vegeta. \ud83c\udf81<\/p>\n<p data-mce-fragment=\"1\">Fabricadas con pasi\u00f3n, cada figura es un s\u00edmbolo de durabilidad y atenci\u00f3n al detalle, con la armadura de Vegeta reluciente y sus m\u00fasculos esculpidos a la perfecci\u00f3n. Tanto para exhibir como para jugar, estas figuras est\u00e1n hechas para durar.<\/p>\n<p data-mce-fragment=\"1\">\u00bfEst\u00e1s listo para reclamar tu parte de la leyenda Saiyan? \u00a1A\u00f1\u00e1delo al carrito ahora y deja que el esp\u00edritu indomable de Vegeta transforme tu colecci\u00f3n! \ud83d\udcaa\ud83d\uded2<\/p>","protected":false},"excerpt":{"rendered":"<p>Da rienda suelta al Saiyan que llevas dentro con nuestras impresionantes figuras de Vegeta de 29 cm. Cada figura es el sue\u00f1o de cualquier coleccionista y encarna el esp\u00edritu ardiente de Vegeta.<\/p>","protected":false},"featured_media":305,"comment_status":"open","ping_status":"closed","template":"","meta":[],"product_brand":[],"product_cat":[641,16,18],"product_tag":[21,143,17],"class_list":{"0":"post-302","1":"product","2":"type-product","3":"status-publish","4":"has-post-thumbnail","6":"product_cat-dragon-ball-z-super-saiyan","7":"product_cat-standify","8":"product_cat-action-figure","9":"product_tag-decoration","10":"product_tag-dbz","11":"product_tag-figurine","13":"first","14":"instock","15":"taxable","16":"shipping-taxable","17":"purchasable","18":"product-type-variable","19":"has-default-attributes"},"jetpack_sharing_enabled":true,"_links":{"self":[{"href":"https:\/\/standify.org\/es\/wp-json\/wp\/v2\/product\/302","targetHints":{"allow":["GET"]}}],"collection":[{"href":"https:\/\/standify.org\/es\/wp-json\/wp\/v2\/product"}],"about":[{"href":"https:\/\/standify.org\/es\/wp-json\/wp\/v2\/types\/product"}],"replies":[{"embeddable":true,"href":"https:\/\/standify.org\/es\/wp-json\/wp\/v2\/comments?post=302"}],"version-history":[{"count":0,"href":"https:\/\/standify.org\/es\/wp-json\/wp\/v2\/product\/302\/revisions"}],"wp:featuredmedia":[{"embeddable":true,"href":"https:\/\/standify.org\/es\/wp-json\/wp\/v2\/media\/305"}],"wp:attachment":[{"href":"https:\/\/standify.org\/es\/wp-json\/wp\/v2\/media?parent=302"}],"wp:term":[{"taxonomy":"product_brand","embeddable":true,"href":"https:\/\/standify.org\/es\/wp-json\/wp\/v2\/product_brand?post=302"},{"taxonomy":"product_cat","embeddable":true,"href":"https:\/\/standify.org\/es\/wp-json\/wp\/v2\/product_cat?post=302"},{"taxonomy":"product_tag","embeddable":true,"href":"https:\/\/standify.org\/es\/wp-json\/wp\/v2\/product_tag?post=302"}],"curies":[{"name":"wp","href":"https:\/\/api.w.org\/{rel}","templated":true}]}}