{"id":281,"date":"2024-03-07T12:25:13","date_gmt":"2024-03-07T12:25:13","guid":{"rendered":"https:\/\/standify.org\/?post_type=product&#038;p=281"},"modified":"2024-11-19T03:36:00","modified_gmt":"2024-11-18T17:36:00","slug":"25cm-vegeta-cross-armed-figurine","status":"publish","type":"product","link":"https:\/\/standify.org\/es\/tienda\/25cm-vegeta-cross-armed-figurine\/","title":{"rendered":"Figurita de 25 cm Vegeta armado en cruz"},"content":{"rendered":"<p>Da rienda suelta al poder del pr\u00edncipe Saiyan en tu colecci\u00f3n con la impresionante figura de Vegeta de 24 cm, fabricada meticulosamente en PVC de primera calidad para una mayor durabilidad y un acabado impresionante. Este feroz guerrero adopta una pose dominante, mostrando su ic\u00f3nico traje de combate azul real y dorado, con la tradicional armadura Saiyan que forma parte de \u00e9l tanto como su esp\u00edritu guerrero.<\/p>\n<p>\ud83d\udc51 Cada cent\u00edmetro de esta figura ha sido esculpido con precisi\u00f3n, desde sus penetrantes ojos hasta las puntas de su pelo negro azabache hacia arriba. El musculoso f\u00edsico de Vegeta est\u00e1 pintado con gran atenci\u00f3n al detalle, dando un aspecto realista a su postura de combate.<\/p>\n<p>\ud83c\udf1f Caracter\u00edsticas:<\/p>\n<ul>\n<li><strong>Construcci\u00f3n robusta de PVC:<\/strong> Hecho para durar y resistir las batallas m\u00e1s feroces en su estanter\u00eda de exposici\u00f3n.<\/li>\n<li><strong>Pose din\u00e1mica:<\/strong> Captura el esp\u00edritu confiado e inquebrantable de Vegeta, como si hubiera salido directamente de una \u00e9pica batalla espacial.<\/li>\n<li><strong>Colores ricos:<\/strong> Colorido vibrante y preciso que da vida al personaje.<\/li>\n<li><strong>Tama\u00f1o perfecto:<\/strong> Con 25 cm de altura, esta figura es la pieza central ideal para cualquier colecci\u00f3n de Dragon Ball.<\/li>\n<\/ul>\n<p>\ud83d\udca5 Ideal tanto para el coleccionista veterano como para el nuevo fan, esta figurita de Vegeta es imprescindible. No es solo un objeto de colecci\u00f3n; es una declaraci\u00f3n de la pasi\u00f3n y el apasionante mundo de Dragon Ball. A\u00f1\u00e1dela a tu estanter\u00eda, escritorio o reg\u00e1lala, \u00a1seguro que enciende el fuego saiyan en cualquier fan!<\/p>\n<p>\ud83d\udd25 No esperes a que un esc\u00e1ner de nivel de poder te diga lo impresionante que es esta pieza. \u00a1Ll\u00e9vate a casa el poder de Vegeta hoy mismo y deja que tu colecci\u00f3n ascienda al estatus de Super Saiyan!<\/p>","protected":false},"excerpt":{"rendered":"<p>Da rienda suelta al poder del pr\u00edncipe saiyan en tu colecci\u00f3n con la impresionante figura de Vegeta de 24 cm, meticulosamente elaborada con materiales de primera calidad.<\/p>","protected":false},"featured_media":11499,"comment_status":"open","ping_status":"closed","template":"","meta":[],"product_brand":[],"product_cat":[641,16,18],"product_tag":[17],"class_list":{"0":"post-281","1":"product","2":"type-product","3":"status-publish","4":"has-post-thumbnail","6":"product_cat-dragon-ball-z-super-saiyan","7":"product_cat-standify","8":"product_cat-action-figure","9":"product_tag-figurine","11":"first","12":"instock","13":"taxable","14":"shipping-taxable","15":"purchasable","16":"product-type-variable","17":"has-default-attributes"},"jetpack_sharing_enabled":true,"_links":{"self":[{"href":"https:\/\/standify.org\/es\/wp-json\/wp\/v2\/product\/281","targetHints":{"allow":["GET"]}}],"collection":[{"href":"https:\/\/standify.org\/es\/wp-json\/wp\/v2\/product"}],"about":[{"href":"https:\/\/standify.org\/es\/wp-json\/wp\/v2\/types\/product"}],"replies":[{"embeddable":true,"href":"https:\/\/standify.org\/es\/wp-json\/wp\/v2\/comments?post=281"}],"version-history":[{"count":0,"href":"https:\/\/standify.org\/es\/wp-json\/wp\/v2\/product\/281\/revisions"}],"wp:featuredmedia":[{"embeddable":true,"href":"https:\/\/standify.org\/es\/wp-json\/wp\/v2\/media\/11499"}],"wp:attachment":[{"href":"https:\/\/standify.org\/es\/wp-json\/wp\/v2\/media?parent=281"}],"wp:term":[{"taxonomy":"product_brand","embeddable":true,"href":"https:\/\/standify.org\/es\/wp-json\/wp\/v2\/product_brand?post=281"},{"taxonomy":"product_cat","embeddable":true,"href":"https:\/\/standify.org\/es\/wp-json\/wp\/v2\/product_cat?post=281"},{"taxonomy":"product_tag","embeddable":true,"href":"https:\/\/standify.org\/es\/wp-json\/wp\/v2\/product_tag?post=281"}],"curies":[{"name":"wp","href":"https:\/\/api.w.org\/{rel}","templated":true}]}}