{"id":17546,"date":"2024-11-05T01:02:26","date_gmt":"2024-11-04T15:02:26","guid":{"rendered":"https:\/\/standify.org\/shop\/dbz-printed-drawstring-backpack-bag\/"},"modified":"2024-12-25T23:20:51","modified_gmt":"2024-12-25T13:20:51","slug":"dbz-printed-drawstring-backpack-bag","status":"publish","type":"product","link":"https:\/\/standify.org\/es\/tienda\/dbz-printed-drawstring-backpack-bag\/","title":{"rendered":"Mochila con cord\u00f3n estampado DBZ"},"content":{"rendered":"<p><strong>\ud83d\udd25 Dragon Ball Z impreso bolsa mochila con cord\u00f3n \ud83d\udd25<\/strong><\/p>\n<p>Da rienda suelta a tu Saiyan interior con este \u00e9pico <em>Dragon Ball Z<\/em> \u00a1mochila con cord\u00f3n! \ud83c\udf0c Perfecta para los fans que quieren llevar el poder de Goku, Vegeta y el equipo de DBZ all\u00e1 donde vayan. Esta mochila no es solo funcional, es una declaraci\u00f3n audaz para cualquier amante del anime. \ud83c\udf92<\/p>\n<ul>\n<li><strong>\u26a1 Obra de arte en negrita de DBZ<\/strong>: Presume de impresionantes gr\u00e1ficos con transformaciones Super Saiyan e intensas escenas de acci\u00f3n que hacen girar cabezas.<\/li>\n<li><strong>\ud83d\udcaa Ligero y duradero<\/strong>: Hecho de material resistente de alta calidad para soportar todas tus aventuras.<\/li>\n<li><strong>\ud83d\udd17 Cierre f\u00e1cil con cord\u00f3n<\/strong>: Su sencillo dise\u00f1o de apertura y cierre permite acceder r\u00e1pidamente a su equipo.<\/li>\n<li><strong>\ud83c\udf1f Uso polivalente<\/strong>: Ideal para la escuela, gimnasio, viajes, o simplemente mostrar su amor por <em>Dragon Ball Z<\/em>.<\/li>\n<\/ul>\n<p><strong>\ud83d\udca5 \u00a1CONSIGUE EL TUYO HOY!<\/strong> \u00a1Ll\u00e9vate el esp\u00edritu saiyan contigo all\u00e1 donde vayas! \ud83d\udc09\u2728<\/p>","protected":false},"excerpt":{"rendered":"<p>\ud83d\udd25 Dragon Ball Z impreso bolsa mochila con cord\u00f3n \ud83d\udd25 Da rienda suelta a tu Saiyan interior con este \u00e9pico cord\u00f3n de Dragon Ball Z.<\/p>","protected":false},"featured_media":17539,"comment_status":"open","ping_status":"closed","template":"","meta":[],"product_brand":[],"product_cat":[641,20],"product_tag":[143],"class_list":{"0":"post-17546","1":"product","2":"type-product","3":"status-publish","4":"has-post-thumbnail","6":"product_cat-dragon-ball-z-super-saiyan","7":"product_cat-apparel","8":"product_tag-dbz","10":"first","11":"instock","12":"sale","13":"taxable","14":"shipping-taxable","15":"purchasable","16":"product-type-variable"},"jetpack_sharing_enabled":true,"_links":{"self":[{"href":"https:\/\/standify.org\/es\/wp-json\/wp\/v2\/product\/17546","targetHints":{"allow":["GET"]}}],"collection":[{"href":"https:\/\/standify.org\/es\/wp-json\/wp\/v2\/product"}],"about":[{"href":"https:\/\/standify.org\/es\/wp-json\/wp\/v2\/types\/product"}],"replies":[{"embeddable":true,"href":"https:\/\/standify.org\/es\/wp-json\/wp\/v2\/comments?post=17546"}],"version-history":[{"count":1,"href":"https:\/\/standify.org\/es\/wp-json\/wp\/v2\/product\/17546\/revisions"}],"predecessor-version":[{"id":17878,"href":"https:\/\/standify.org\/es\/wp-json\/wp\/v2\/product\/17546\/revisions\/17878"}],"wp:featuredmedia":[{"embeddable":true,"href":"https:\/\/standify.org\/es\/wp-json\/wp\/v2\/media\/17539"}],"wp:attachment":[{"href":"https:\/\/standify.org\/es\/wp-json\/wp\/v2\/media?parent=17546"}],"wp:term":[{"taxonomy":"product_brand","embeddable":true,"href":"https:\/\/standify.org\/es\/wp-json\/wp\/v2\/product_brand?post=17546"},{"taxonomy":"product_cat","embeddable":true,"href":"https:\/\/standify.org\/es\/wp-json\/wp\/v2\/product_cat?post=17546"},{"taxonomy":"product_tag","embeddable":true,"href":"https:\/\/standify.org\/es\/wp-json\/wp\/v2\/product_tag?post=17546"}],"curies":[{"name":"wp","href":"https:\/\/api.w.org\/{rel}","templated":true}]}}