{"id":1696,"date":"2024-02-28T23:11:57","date_gmt":"2024-02-28T13:11:57","guid":{"rendered":"https:\/\/standify.org\/?post_type=product&#038;p=1696"},"modified":"2024-12-25T14:13:10","modified_gmt":"2024-12-25T04:13:10","slug":"anime-sonic-figure-hedgehog-phone-holder-switch-ps4-ps5-xbox-game-controller-holder-action-figure-model-toys-children-fans-gift","status":"publish","type":"product","link":"https:\/\/standify.org\/es\/tienda\/anime-sonic-figure-hedgehog-phone-holder-switch-ps4-ps5-xbox-game-controller-holder-action-figure-model-toys-children-fans-gift\/","title":{"rendered":"Soporte para mando Sonic The Hedgehog"},"content":{"rendered":"<p>Eleva tu estaci\u00f3n de juego o tu espacio de trabajo con un toque de nostalgia gamer. Nuestro soporte para tel\u00e9fono y mando de Sonic The Hedgehog no es un soporte m\u00e1s; es una declaraci\u00f3n de tu pasi\u00f3n, un tema de conversaci\u00f3n y una pieza \u00fanica.<\/p>\n<p><strong>\ud83c\udf1f \u00bfPor qu\u00e9 elegir el soporte Sonic Controller?<\/strong><br \/>\n<strong><span data-mce-fragment=\"1\">\ud83d\udc4c\u00a0<\/span>Artesan\u00eda de alta calidad:<\/strong> Fabricado con la m\u00e1xima atenci\u00f3n al detalle, est\u00e1 forjado con material de PVC de primera calidad, lo que garantiza una durabilidad que resiste el paso del tiempo.<br \/>\n<strong><span data-mce-fragment=\"1\">\ud83e\udd94\u00a0<\/span>Ic\u00f3nica Pose Din\u00e1mica de Choque:<\/strong> Sonic entra en acci\u00f3n con las manos extendidas, listo para mantener tu tel\u00e9fono o mando a salvo de cualquier obst\u00e1culo de la vida real.<br \/>\n<strong><span data-mce-fragment=\"1\">\ud83d\udc8e\u00a0<\/span>S\u00f3lido y fiable:<\/strong> Con su robusta base, tenga la seguridad de que sus preciadas posesiones permanecer\u00e1n a salvo, sin tambaleos ni contratiempos.<br \/>\n<strong><span data-mce-fragment=\"1\">\ud83c\udf81\u00a0<\/span>Para el mejor aficionado:<\/strong> No se trata de un simple soporte, sino de un gui\u00f1o a un cl\u00e1sico. Tanto si coleccionas recuerdos de Sonic como si acabas de empezar, esta es una pieza esencial que no querr\u00e1s perderte.<br \/>\n<strong><span data-mce-fragment=\"1\">\ud83c\udfae\u00a0<\/span>Vers\u00e1til y polivalente:<\/strong> M\u00e1s all\u00e1 de su deslumbrante aspecto, tiene dos usos. L\u00facelo como pieza decorativa o aprovecha su funcionalidad para sujetar el mando o el tel\u00e9fono.<\/p>\n<p><strong>Especificaciones:<\/strong><\/p>\n<ul>\n<li><strong>Tama\u00f1o:<\/strong> 18 cm de pura nostalgia ic\u00f3nica.<\/li>\n<li><strong>Material:<\/strong> PVC de primera calidad<\/li>\n<li><strong>Dise\u00f1o:<\/strong> Doble funci\u00f3n: un soporte funcional que tambi\u00e9n es una obra de arte decorativa.<\/li>\n<\/ul>\n<p>No dejes pasar esta velocidad. A\u00f1ade un toque del universo Sonic a tu espacio hoy mismo. Ya sea para jugar o para exhibirlo, el soporte para tel\u00e9fono y mando de Sonic The Hedgehog es la actualizaci\u00f3n que estabas esperando. \ud83c\udf00\ud83c\udfae <em>Hazte ya con el tuyo.<\/em><\/p>\n<div class=\"detailmodule_html\">\n<div class=\"detail-desc-decorate-richtext\"><\/div>\n<\/div>","protected":false},"excerpt":{"rendered":"<p>Eleve su estaci\u00f3n de juego o espacio de trabajo con un toque de nostalgia de los juegos. Nuestro tel\u00e9fono y mando Sonic The Hedgehog<\/p>","protected":false},"featured_media":10932,"comment_status":"open","ping_status":"closed","template":"","meta":[],"product_brand":[],"product_cat":[16,25],"product_tag":[22,24],"class_list":{"0":"post-1696","1":"product","2":"type-product","3":"status-publish","4":"has-post-thumbnail","6":"product_cat-standify","7":"product_cat-controller-stand","8":"product_tag-for-her","9":"product_tag-controller-stand","11":"first","12":"instock","13":"sale","14":"taxable","15":"shipping-taxable","16":"purchasable","17":"product-type-simple"},"jetpack_sharing_enabled":true,"_links":{"self":[{"href":"https:\/\/standify.org\/es\/wp-json\/wp\/v2\/product\/1696","targetHints":{"allow":["GET"]}}],"collection":[{"href":"https:\/\/standify.org\/es\/wp-json\/wp\/v2\/product"}],"about":[{"href":"https:\/\/standify.org\/es\/wp-json\/wp\/v2\/types\/product"}],"replies":[{"embeddable":true,"href":"https:\/\/standify.org\/es\/wp-json\/wp\/v2\/comments?post=1696"}],"version-history":[{"count":1,"href":"https:\/\/standify.org\/es\/wp-json\/wp\/v2\/product\/1696\/revisions"}],"predecessor-version":[{"id":21971,"href":"https:\/\/standify.org\/es\/wp-json\/wp\/v2\/product\/1696\/revisions\/21971"}],"wp:featuredmedia":[{"embeddable":true,"href":"https:\/\/standify.org\/es\/wp-json\/wp\/v2\/media\/10932"}],"wp:attachment":[{"href":"https:\/\/standify.org\/es\/wp-json\/wp\/v2\/media?parent=1696"}],"wp:term":[{"taxonomy":"product_brand","embeddable":true,"href":"https:\/\/standify.org\/es\/wp-json\/wp\/v2\/product_brand?post=1696"},{"taxonomy":"product_cat","embeddable":true,"href":"https:\/\/standify.org\/es\/wp-json\/wp\/v2\/product_cat?post=1696"},{"taxonomy":"product_tag","embeddable":true,"href":"https:\/\/standify.org\/es\/wp-json\/wp\/v2\/product_tag?post=1696"}],"curies":[{"name":"wp","href":"https:\/\/api.w.org\/{rel}","templated":true}]}}