{"id":16880,"date":"2024-10-16T22:45:12","date_gmt":"2024-10-16T12:45:12","guid":{"rendered":"https:\/\/standify.org\/shop\/luffy-gear-up-for-battle-crouching-power-figurine\/"},"modified":"2026-03-07T03:17:15","modified_gmt":"2026-03-06T17:17:15","slug":"luffy-gear-up-for-battle-crouching-power-figurine","status":"publish","type":"product","link":"https:\/\/standify.org\/es\/tienda\/luffy-gear-up-for-battle-crouching-power-figurine\/","title":{"rendered":"Luffy: Prep\u00e1rate para la batalla - Figurilla Crouching Power"},"content":{"rendered":"<p>\ud83c\udf00 <strong>17cm Luffy Crouching Power Up Figurine<\/strong> \ud83c\udf00<\/p>\n<p>\u00danete a <strong>miles de fans de One Piece<\/strong> \u00a1que ya tienen esta \u00e9pica figura de Luffy en su colecci\u00f3n! \ud83d\udca5 Esta figura altamente detallada <strong>pose potenciadora<\/strong> captura a Luffy en plena acci\u00f3n, \u00a1listo para enfrentarse a cualquier desaf\u00edo con su imparable energ\u00eda! \u26a1<\/p>\n<p><strong>Por qu\u00e9 los fans adoran esta figura:<\/strong><\/p>\n<ul>\n<li>\ud83d\udcaf <em>Dise\u00f1o aut\u00e9ntico<\/em> que capta la feroz expresi\u00f3n de Luffy y su ic\u00f3nico atuendo.<\/li>\n<li>\ud83d\udca5 <em>Postura din\u00e1mica<\/em> - Luffy agazapado y listo para la batalla, \u00a1uno de los favoritos de los fans!<\/li>\n<li>\ud83d\udd25 <em>Detalle exclusivo<\/em> con efectos de energ\u00eda transparente envolviendo su brazo \ud83d\udcaa<\/li>\n<li>\ud83d\udccf <em>Tama\u00f1o perfecto<\/em> - 17 cm de alto, el complemento ideal para cualquier colecci\u00f3n de One Piece<\/li>\n<\/ul>\n<p>\ud83d\udcac <strong>Lo que dicen otros aficionados:<\/strong><br \/>\n<em>\"\u00a1Se ve incre\u00edble en mi estanter\u00eda! Los detalles son una locura\".<\/em> - \u2605\u2605\u2605\u2605\u2605<br \/>\n<em>\"\u00a1Imprescindible para cualquier fan de One Piece! Mis amigos siempre me preguntan d\u00f3nde lo compr\u00e9\".<\/em> - \u2605\u2605\u2605\u2605\u2605<\/p>\n<p>\u26a1\ufe0f No se lo pierda <strong>edici\u00f3n limitada<\/strong> \u00a1figurita! A\u00f1\u00e1dela a tu colecci\u00f3n y demuestra tu amor por One Piece \ud83c\udff4\u200d\u2620\ufe0f<\/p>","protected":false},"excerpt":{"rendered":"<p>\ud83c\udf00 17cm Luffy Crouching Power Up Figurine \ud83c\udf00 \u00danete a miles de fans de One Piece que ya tienen este \u00e9pico Luffy.<\/p>","protected":false},"featured_media":16766,"comment_status":"open","ping_status":"closed","template":"","meta":[],"product_brand":[],"product_cat":[696,18],"product_tag":[683,684],"class_list":{"0":"post-16880","1":"product","2":"type-product","3":"status-publish","4":"has-post-thumbnail","6":"product_cat-one-piece","7":"product_cat-action-figure","8":"product_tag-one-piece","9":"product_tag-luffy","11":"first","12":"instock","13":"sale","14":"taxable","15":"shipping-taxable","16":"purchasable","17":"product-type-simple"},"jetpack_sharing_enabled":true,"_links":{"self":[{"href":"https:\/\/standify.org\/es\/wp-json\/wp\/v2\/product\/16880","targetHints":{"allow":["GET"]}}],"collection":[{"href":"https:\/\/standify.org\/es\/wp-json\/wp\/v2\/product"}],"about":[{"href":"https:\/\/standify.org\/es\/wp-json\/wp\/v2\/types\/product"}],"replies":[{"embeddable":true,"href":"https:\/\/standify.org\/es\/wp-json\/wp\/v2\/comments?post=16880"}],"version-history":[{"count":2,"href":"https:\/\/standify.org\/es\/wp-json\/wp\/v2\/product\/16880\/revisions"}],"predecessor-version":[{"id":16884,"href":"https:\/\/standify.org\/es\/wp-json\/wp\/v2\/product\/16880\/revisions\/16884"}],"wp:featuredmedia":[{"embeddable":true,"href":"https:\/\/standify.org\/es\/wp-json\/wp\/v2\/media\/16766"}],"wp:attachment":[{"href":"https:\/\/standify.org\/es\/wp-json\/wp\/v2\/media?parent=16880"}],"wp:term":[{"taxonomy":"product_brand","embeddable":true,"href":"https:\/\/standify.org\/es\/wp-json\/wp\/v2\/product_brand?post=16880"},{"taxonomy":"product_cat","embeddable":true,"href":"https:\/\/standify.org\/es\/wp-json\/wp\/v2\/product_cat?post=16880"},{"taxonomy":"product_tag","embeddable":true,"href":"https:\/\/standify.org\/es\/wp-json\/wp\/v2\/product_tag?post=16880"}],"curies":[{"name":"wp","href":"https:\/\/api.w.org\/{rel}","templated":true}]}}