{"id":16876,"date":"2024-10-16T22:44:53","date_gmt":"2024-10-16T12:44:53","guid":{"rendered":"https:\/\/standify.org\/shop\/luffys-gear-power-masterpiece-figurine-15cm\/"},"modified":"2026-03-02T10:19:39","modified_gmt":"2026-03-02T00:19:39","slug":"luffys-gear-power-masterpiece-figurine-15cm","status":"publish","type":"product","link":"https:\/\/standify.org\/es\/tienda\/luffys-gear-power-masterpiece-figurine-15cm\/","title":{"rendered":"Luffy's Gear Power Masterpiece Figurine (15cm)"},"content":{"rendered":"<p>\ud83c\udf1f \u00a1Llamando a todos los fans de One Piece! \ud83c\udf1f<\/p>\n<p>Este <strong>\ud83d\udd25 Luffy's Gear Power Masterpiece (15cm) \ud83c\udff4\u200d\u2620\ufe0f<\/strong> es su oportunidad de llevar el legendario <em>Capit\u00e1n Sombrero de Paja<\/em> \u00a1en tu estanter\u00eda! Con un tama\u00f1o ideal de 15 cm, esta figura es perfecta para cualquier fan que desee una pieza de exposici\u00f3n compacta pero impactante. Realizada con todo lujo de detalles, \u00a1captura a Monkey D. Luffy en plena acci\u00f3n, blandiendo su ardiente poder y su caracter\u00edstico esp\u00edritu de sombrero de paja!<\/p>\n<p><strong>Por qu\u00e9 NECESITAS esta obra maestra:<\/strong><\/p>\n<ul>\n<li>\ud83c\udff4\u200d\u2620\ufe0f <strong>Dise\u00f1o \u00e9pico<\/strong> - Con Luffy al completo <em>Modo de marcha<\/em>con efectos realistas de fuego y humo.<\/li>\n<li>\ud83d\udca5 <strong>Postura llena de acci\u00f3n<\/strong> - Siente la energ\u00eda mientras Luffy salta a la batalla, listo para desatar su poder.<\/li>\n<li>\ud83c\udfa8 <strong>Incre\u00edble artesan\u00eda<\/strong> - Cada detalle, desde su expresi\u00f3n decidida hasta su ic\u00f3nico atuendo, est\u00e1 perfectamente recreado.<\/li>\n<li>\ud83d\udccf <strong>Tama\u00f1o perfecto (15 cm)<\/strong> - Tiene el tama\u00f1o justo para caber en su escritorio o estanter\u00eda, por lo que es a la vez compacto y llamativo.<\/li>\n<li>\ud83c\udfc6 <strong>\u00danete a la tripulaci\u00f3n<\/strong> - M\u00e1s de <em>10.000 fans satisfechos<\/em> han hecho de Luffy su centro de atenci\u00f3n. \u00bfTe unir\u00e1s a ellos?<\/li>\n<\/ul>\n<p>\u00a1No se lo pierda! A\u00f1adir <strong>\ud83d\udd25 Luffy's Gear Power Masterpiece (15cm) \ud83c\udff4\u200d\u2620\ufe0f<\/strong> a tu colecci\u00f3n y muestra tu orgullo por One Piece.<\/p>\n<p><strong>Existencias limitadas: \u00a1hazte con el tuyo antes de que se agote! \ud83c\udfc3\u200d\u2642\ufe0f\ud83d\udca8<\/strong><\/p>","protected":false},"excerpt":{"rendered":"<p>\ud83c\udf1f \u00a1Llamando a todos los fans de One Piece! \ud83c\udf1f Este \ud83d\udd25 Luffy's Gear Power Masterpiece (15cm) \ud83c\udff4\u200d\u2620\ufe0f es tu oportunidad de llevar a<\/p>","protected":false},"featured_media":16805,"comment_status":"open","ping_status":"closed","template":"","meta":[],"product_brand":[],"product_cat":[696],"product_tag":[683,684],"class_list":{"0":"post-16876","1":"product","2":"type-product","3":"status-publish","4":"has-post-thumbnail","6":"product_cat-one-piece","7":"product_tag-one-piece","8":"product_tag-luffy","10":"first","11":"instock","12":"sale","13":"taxable","14":"shipping-taxable","15":"purchasable","16":"product-type-simple"},"jetpack_sharing_enabled":true,"_links":{"self":[{"href":"https:\/\/standify.org\/es\/wp-json\/wp\/v2\/product\/16876","targetHints":{"allow":["GET"]}}],"collection":[{"href":"https:\/\/standify.org\/es\/wp-json\/wp\/v2\/product"}],"about":[{"href":"https:\/\/standify.org\/es\/wp-json\/wp\/v2\/types\/product"}],"replies":[{"embeddable":true,"href":"https:\/\/standify.org\/es\/wp-json\/wp\/v2\/comments?post=16876"}],"version-history":[{"count":1,"href":"https:\/\/standify.org\/es\/wp-json\/wp\/v2\/product\/16876\/revisions"}],"predecessor-version":[{"id":16886,"href":"https:\/\/standify.org\/es\/wp-json\/wp\/v2\/product\/16876\/revisions\/16886"}],"wp:featuredmedia":[{"embeddable":true,"href":"https:\/\/standify.org\/es\/wp-json\/wp\/v2\/media\/16805"}],"wp:attachment":[{"href":"https:\/\/standify.org\/es\/wp-json\/wp\/v2\/media?parent=16876"}],"wp:term":[{"taxonomy":"product_brand","embeddable":true,"href":"https:\/\/standify.org\/es\/wp-json\/wp\/v2\/product_brand?post=16876"},{"taxonomy":"product_cat","embeddable":true,"href":"https:\/\/standify.org\/es\/wp-json\/wp\/v2\/product_cat?post=16876"},{"taxonomy":"product_tag","embeddable":true,"href":"https:\/\/standify.org\/es\/wp-json\/wp\/v2\/product_tag?post=16876"}],"curies":[{"name":"wp","href":"https:\/\/api.w.org\/{rel}","templated":true}]}}