{"id":16803,"date":"2024-10-16T22:43:42","date_gmt":"2024-10-16T12:43:42","guid":{"rendered":"https:\/\/standify.org\/shop\/vinsmoke-sanji-all-blue-dream-collectible-figure-37cm\/"},"modified":"2026-04-19T21:56:28","modified_gmt":"2026-04-19T11:56:28","slug":"vinsmoke-sanji-all-blue-dream-collectible-figure-37cm","status":"publish","type":"product","link":"https:\/\/standify.org\/es\/tienda\/vinsmoke-sanji-all-blue-dream-collectible-figure-37cm\/","title":{"rendered":"Vinsmoke Sanji \"All Blue Dream\" Figura Coleccionable 37cm"},"content":{"rendered":"<p><strong>\ud83d\udd25 VINSMOKE SANJI FIGURA - EL FUTURO TODO AZUL COCINERO DE ONE PIECE\u2122 \ud83d\udd25<\/strong><\/p>\n<p>\ud83d\udda4 Amada por fans de todo el mundo, esta impresionante figura de Vinsmoke Sanji es tu oportunidad de poseer un pedazo de <strong>One Piece\u2122<\/strong> \u00a1Leyenda!<\/p>\n<p><strong>\u00a1\u00danete a los miles de coleccionistas que ya atesoran esta \u00e9pica figura!<\/strong><\/p>\n<p>\ud83d\udca5 <strong>\u00bfQu\u00e9 hace que esta figura sea imprescindible?<\/strong><\/p>\n<ul>\n<li>\ud83d\udd25 <strong>Dise\u00f1o din\u00e1mico<\/strong>: Con llamas feroces y el estilo caracter\u00edstico de Sanji, esta figura captura a la perfecci\u00f3n su genial personalidad.<\/li>\n<li>\ud83d\udd74\ufe0f <strong>Dos looks ic\u00f3nicos<\/strong>: Tanto si prefieres su elegante traje negro como si prefieres el blanco, \u00a1esta figura viene con ambos looks!<\/li>\n<li>\ud83d\udcaa <strong>Perfecto para aficionados<\/strong>: El viaje de Sanji para encontrar al legendario All Blue es uno de los arcos m\u00e1s inspiradores, y esta figura simboliza esa aventura.<\/li>\n<\/ul>\n<p><strong>Por qu\u00e9 Sanji es el favorito de los fans:<\/strong><\/p>\n<ul>\n<li>\ud83c\udf73 \u00a1Cocinero de clase mundial para los Piratas del Sombrero de Paja!<\/li>\n<li>\ud83d\udc4a \u00a1Inmejorables habilidades de combate con sus ardientes patadas!<\/li>\n<li>\ud83d\udc94 \u00a1Coraz\u00f3n de oro y caballerosidad para las damas!<\/li>\n<\/ul>\n<p>\ud83d\udd17 <strong>No se lo pierda.<\/strong> Otros fans est\u00e1n entusiasmados con este coleccionable: \u00a1a\u00f1\u00e1delo a tu colecci\u00f3n hoy mismo!<\/p>","protected":false},"excerpt":{"rendered":"<p>\ud83d\udd25 VINSMOKE SANJI FIGURE - EL FUTURO COCINERO TODO AZUL DE UNA PIEZA\u2122 \ud83d\udd25 \ud83d\udda4 Amado por los fans de todo el mundo.<\/p>","protected":false},"featured_media":16715,"comment_status":"open","ping_status":"closed","template":"","meta":[],"product_brand":[],"product_cat":[696],"product_tag":[683],"class_list":{"0":"post-16803","1":"product","2":"type-product","3":"status-publish","4":"has-post-thumbnail","6":"product_cat-one-piece","7":"product_tag-one-piece","9":"first","10":"instock","11":"sale","12":"taxable","13":"shipping-taxable","14":"purchasable","15":"product-type-variable","16":"has-default-attributes"},"jetpack_sharing_enabled":true,"_links":{"self":[{"href":"https:\/\/standify.org\/es\/wp-json\/wp\/v2\/product\/16803","targetHints":{"allow":["GET"]}}],"collection":[{"href":"https:\/\/standify.org\/es\/wp-json\/wp\/v2\/product"}],"about":[{"href":"https:\/\/standify.org\/es\/wp-json\/wp\/v2\/types\/product"}],"replies":[{"embeddable":true,"href":"https:\/\/standify.org\/es\/wp-json\/wp\/v2\/comments?post=16803"}],"version-history":[{"count":2,"href":"https:\/\/standify.org\/es\/wp-json\/wp\/v2\/product\/16803\/revisions"}],"predecessor-version":[{"id":16900,"href":"https:\/\/standify.org\/es\/wp-json\/wp\/v2\/product\/16803\/revisions\/16900"}],"wp:featuredmedia":[{"embeddable":true,"href":"https:\/\/standify.org\/es\/wp-json\/wp\/v2\/media\/16715"}],"wp:attachment":[{"href":"https:\/\/standify.org\/es\/wp-json\/wp\/v2\/media?parent=16803"}],"wp:term":[{"taxonomy":"product_brand","embeddable":true,"href":"https:\/\/standify.org\/es\/wp-json\/wp\/v2\/product_brand?post=16803"},{"taxonomy":"product_cat","embeddable":true,"href":"https:\/\/standify.org\/es\/wp-json\/wp\/v2\/product_cat?post=16803"},{"taxonomy":"product_tag","embeddable":true,"href":"https:\/\/standify.org\/es\/wp-json\/wp\/v2\/product_tag?post=16803"}],"curies":[{"name":"wp","href":"https:\/\/api.w.org\/{rel}","templated":true}]}}