{"id":16801,"date":"2024-10-16T22:43:39","date_gmt":"2024-10-16T12:43:39","guid":{"rendered":"https:\/\/standify.org\/shop\/luffy-zoro-car-vent-companions\/"},"modified":"2026-05-01T06:27:56","modified_gmt":"2026-04-30T20:27:56","slug":"luffy-zoro-car-vent-companions","status":"publish","type":"product","link":"https:\/\/standify.org\/es\/tienda\/luffy-zoro-car-vent-companions\/","title":{"rendered":"Compa\u00f1eros de Ventilaci\u00f3n Luffy y Zoro"},"content":{"rendered":"<p>\ud83d\ude97 <strong>Luffy\/Zoro Figurita Ventilaci\u00f3n Coche One Piece<\/strong> - Imprescindible para los fans de los piratas \ud83c\udff4\u200d\u2620\ufe0f<\/p>\n<p>\ud83c\udf00 <strong>Transforme su veh\u00edculo:<\/strong> Lleva tus aventuras en el coche a otro nivel con estas ic\u00f3nicas figuras de Luffy y Zoro, tus piratas del Sombrero de Paja favoritos, \u00a1que te har\u00e1n compa\u00f1\u00eda en cada viaje! Tanto si te diriges al trabajo como si pones rumbo a nuevos destinos, \u00a1estas din\u00e1micas figuras dar\u00e1n un toque de aventura y estilo a tu coche!<\/p>\n<p>\u2728 <strong>Por qu\u00e9 te encantar\u00e1:<\/strong><\/p>\n<ul>\n<li>\ud83d\udca8 <strong>Se adapta perfectamente a cualquier respiradero de coche<\/strong> - Muy f\u00e1cil de poner y quitar.<\/li>\n<li>\ud83c\udfc6 <strong>Muy valorado por los aficionados<\/strong> - \u00danete a los miles de amantes de One Piece que han conseguido que sus coches molen m\u00e1s.<\/li>\n<li>\ud83c\udf81 <strong>Regalo perfecto para los fans de One Piece<\/strong> - El accesorio automovil\u00edstico definitivo para coleccionistas y aficionados.<\/li>\n<li>\ud83d\udca5 <strong>Duradero y de alta calidad<\/strong> - \u00a1Estas figuras est\u00e1n dise\u00f1adas para resistir los golpes de tus viajes!<\/li>\n<\/ul>\n<p>\ud83d\udcac <strong>Lo que dicen otros aficionados:<\/strong><\/p>\n<ul>\n<li>\"\u00a1Luffy hace que mi conducci\u00f3n sea mucho m\u00e1s divertida!\". \ud83e\udde2\ud83c\udf0a<\/li>\n<li>\"Zoro me mantiene en el buen camino... \u00a1aunque a veces se pierda!\" \ud83d\udde1\ufe0f<\/li>\n<li>\"Me regalaron los dos, \u00a1ahora mi coche se siente como el Thousand Sunny!\". \ud83d\udea2<\/li>\n<\/ul>\n<p>\ud83d\udd17 <strong>Pida el suyo ahora<\/strong> \u00a1y \u00fanete a la tripulaci\u00f3n de Sombrero de Paja sobre la marcha! \ud83c\udf1f<\/p>","protected":false},"excerpt":{"rendered":"<p>\ud83d\ude97 Luffy\/Zoro One Piece Car Vent Figurine \u2013 A Must-Have for Every Pirate Fan! \ud83c\udff4\u200d\u2620\ufe0f \ud83c\udf00 Transform Your Ride: Take<\/p>","protected":false},"featured_media":16791,"comment_status":"open","ping_status":"closed","template":"","meta":[],"product_brand":[],"product_cat":[696,18],"product_tag":[683,684],"class_list":{"0":"post-16801","1":"product","2":"type-product","3":"status-publish","4":"has-post-thumbnail","6":"product_cat-one-piece","7":"product_cat-action-figure","8":"product_tag-one-piece","9":"product_tag-luffy","11":"first","12":"instock","13":"sale","14":"taxable","15":"shipping-taxable","16":"purchasable","17":"product-type-variable"},"jetpack_sharing_enabled":true,"_links":{"self":[{"href":"https:\/\/standify.org\/es\/wp-json\/wp\/v2\/product\/16801","targetHints":{"allow":["GET"]}}],"collection":[{"href":"https:\/\/standify.org\/es\/wp-json\/wp\/v2\/product"}],"about":[{"href":"https:\/\/standify.org\/es\/wp-json\/wp\/v2\/types\/product"}],"replies":[{"embeddable":true,"href":"https:\/\/standify.org\/es\/wp-json\/wp\/v2\/comments?post=16801"}],"version-history":[{"count":3,"href":"https:\/\/standify.org\/es\/wp-json\/wp\/v2\/product\/16801\/revisions"}],"predecessor-version":[{"id":16901,"href":"https:\/\/standify.org\/es\/wp-json\/wp\/v2\/product\/16801\/revisions\/16901"}],"wp:featuredmedia":[{"embeddable":true,"href":"https:\/\/standify.org\/es\/wp-json\/wp\/v2\/media\/16791"}],"wp:attachment":[{"href":"https:\/\/standify.org\/es\/wp-json\/wp\/v2\/media?parent=16801"}],"wp:term":[{"taxonomy":"product_brand","embeddable":true,"href":"https:\/\/standify.org\/es\/wp-json\/wp\/v2\/product_brand?post=16801"},{"taxonomy":"product_cat","embeddable":true,"href":"https:\/\/standify.org\/es\/wp-json\/wp\/v2\/product_cat?post=16801"},{"taxonomy":"product_tag","embeddable":true,"href":"https:\/\/standify.org\/es\/wp-json\/wp\/v2\/product_tag?post=16801"}],"curies":[{"name":"wp","href":"https:\/\/api.w.org\/{rel}","templated":true}]}}