{"id":16790,"date":"2024-10-16T22:43:36","date_gmt":"2024-10-16T12:43:36","guid":{"rendered":"https:\/\/standify.org\/shop\/roronoa-zoro-three-sword-style-haki-action-figure-one-piece-collectible-16-cm\/"},"modified":"2026-04-10T00:52:43","modified_gmt":"2026-04-09T14:52:43","slug":"roronoa-zoro-three-sword-style-haki-action-figure-one-piece-collectible-16-cm","status":"publish","type":"product","link":"https:\/\/standify.org\/es\/tienda\/roronoa-zoro-three-sword-style-haki-action-figure-one-piece-collectible-16-cm\/","title":{"rendered":"Roronoa Zoro Figura de Acci\u00f3n Haki Estilo Tres Espadas - Coleccionable One Piece (16 cm)"},"content":{"rendered":"<p>\ud83d\udd25 <strong>\u00a1\u00danete a miles de fans de One Piece!<\/strong> Este <strong>Roronoa Zoro<\/strong> es una de las favoritas de los fans. Los coleccionistas y entusiastas est\u00e1n entusiasmados con sus incre\u00edbles detalles y artesan\u00eda. No te pierdas la oportunidad de a\u00f1adir esta ic\u00f3nica pieza a tu colecci\u00f3n. \ud83d\ude0d<\/p>\n<p><strong>\ud83c\udf1f Por qu\u00e9 necesitas esta figura \u00e9pica:<\/strong><\/p>\n<ul>\n<li>\ud83d\udde1\ufe0f <strong>Tres espadas legendarias<\/strong> - Wado Ichimonji, Sandai Kitetsu y Enma, \u00a1todos perfectamente recreados!<\/li>\n<li>\ud83d\udca5 <strong>Infundido con Haki Power<\/strong> - \u00a1Siente la intensidad del Haki de Zoro irradiando de cada hoja!<\/li>\n<li>\ud83d\udcaa <strong>Pose de acci\u00f3n din\u00e1mica<\/strong> - Captura el Santoryu (estilo de las tres espadas) de Zoro en todo su esplendor.<\/li>\n<li>\ud83c\udfa8 <strong>Artesan\u00eda superior<\/strong> - Meticulosamente detallado, desde sus cicatrices de batalla hasta su poderosa postura.<\/li>\n<li>\ud83c\udfaf <strong>16 cm de pura genialidad<\/strong> - Un tama\u00f1o perfecto para exponer en cualquier estanter\u00eda o escritorio.<\/li>\n<\/ul>\n<p><strong>Lo que dicen los fans:<\/strong> \ud83d\udcac <em>\"\u00a1Esta figura es tan realista que casi puedes sentir la fuerza de Zoro!\".<\/em><br \/>\n\ud83d\udcac <em>\"\u00a1Imprescindible para todo amante de One Piece!\"<\/em><br \/>\n\ud83d\udcac <em>\"\u00a1El detalle es incre\u00edble, sobre todo el efecto Haki en las espadas!\".<\/em><\/p>\n<p>\ud83c\udff4\u200d\u2620\ufe0f <strong>Forme parte de la tripulaci\u00f3n<\/strong> Tanto si eres un fan incondicional de One Piece como un coleccionista de figuras \u00e9picas, esta estatua de Zoro es un complemento esencial para tu colecci\u00f3n. La legendaria fuerza, determinaci\u00f3n y lealtad de Zoro son capturadas en esta impresionante pose. \u2694\ufe0f<\/p>\n<p>\ud83d\udca5 <strong>Existencias limitadas - \u00a1No espere!<\/strong> Haz clic en \"A\u00f1adir a la cesta\" ahora y reclama tu lugar entre los miles que ya han hecho de esta figura de Zoro la joya de la corona de su colecci\u00f3n.<\/p>","protected":false},"excerpt":{"rendered":"<p>\ud83d\udd25 Join Thousands of One Piece Fans! This Roronoa Zoro figure is a fan favorite! Collectors and enthusiasts are raving<\/p>","protected":false},"featured_media":16767,"comment_status":"open","ping_status":"closed","template":"","meta":[],"product_brand":[],"product_cat":[696,18],"product_tag":[683],"class_list":{"0":"post-16790","1":"product","2":"type-product","3":"status-publish","4":"has-post-thumbnail","6":"product_cat-one-piece","7":"product_cat-action-figure","8":"product_tag-one-piece","10":"first","11":"instock","12":"sale","13":"taxable","14":"shipping-taxable","15":"purchasable","16":"product-type-simple"},"jetpack_sharing_enabled":true,"_links":{"self":[{"href":"https:\/\/standify.org\/es\/wp-json\/wp\/v2\/product\/16790","targetHints":{"allow":["GET"]}}],"collection":[{"href":"https:\/\/standify.org\/es\/wp-json\/wp\/v2\/product"}],"about":[{"href":"https:\/\/standify.org\/es\/wp-json\/wp\/v2\/types\/product"}],"replies":[{"embeddable":true,"href":"https:\/\/standify.org\/es\/wp-json\/wp\/v2\/comments?post=16790"}],"version-history":[{"count":2,"href":"https:\/\/standify.org\/es\/wp-json\/wp\/v2\/product\/16790\/revisions"}],"predecessor-version":[{"id":16887,"href":"https:\/\/standify.org\/es\/wp-json\/wp\/v2\/product\/16790\/revisions\/16887"}],"wp:featuredmedia":[{"embeddable":true,"href":"https:\/\/standify.org\/es\/wp-json\/wp\/v2\/media\/16767"}],"wp:attachment":[{"href":"https:\/\/standify.org\/es\/wp-json\/wp\/v2\/media?parent=16790"}],"wp:term":[{"taxonomy":"product_brand","embeddable":true,"href":"https:\/\/standify.org\/es\/wp-json\/wp\/v2\/product_brand?post=16790"},{"taxonomy":"product_cat","embeddable":true,"href":"https:\/\/standify.org\/es\/wp-json\/wp\/v2\/product_cat?post=16790"},{"taxonomy":"product_tag","embeddable":true,"href":"https:\/\/standify.org\/es\/wp-json\/wp\/v2\/product_tag?post=16790"}],"curies":[{"name":"wp","href":"https:\/\/api.w.org\/{rel}","templated":true}]}}