{"id":16746,"date":"2024-10-16T22:42:43","date_gmt":"2024-10-16T12:42:43","guid":{"rendered":"https:\/\/standify.org\/shop\/luffy-gear-action-led-figure-lamp-one-piece-collectors-edition\/"},"modified":"2026-04-18T03:02:10","modified_gmt":"2026-04-17T17:02:10","slug":"luffy-gear-action-led-figure-lamp-one-piece-collectors-edition","status":"publish","type":"product","link":"https:\/\/standify.org\/es\/tienda\/luffy-gear-action-led-figure-lamp-one-piece-collectors-edition\/","title":{"rendered":"Luffy Gear Action LED Figure Lamp - One Piece Collector's Edition"},"content":{"rendered":"<p>\ud83c\udf1f <strong>\u00danase a la tripulaci\u00f3n de clientes satisfechos<\/strong> \ud83c\udf1f<br \/>\nMiles de <strong>Fans de One Piece<\/strong> iluminan sus habitaciones con este <strong>Luffy Figura L\u00e1mpara<\/strong>\u00a1! Forma parte de la afici\u00f3n que lleva el esp\u00edritu de aventura a su espacio.<\/p>\n<p>\ud83d\udd2e <strong>Por qu\u00e9 te encantar\u00e1:<\/strong><\/p>\n<ul>\n<li>\ud83d\ude80 <em>La ic\u00f3nica pose Gear de Luffy<\/em> - dise\u00f1o din\u00e1mico y lleno de acci\u00f3n<\/li>\n<li>\ud83c\udf15 <em>Efecto de brillo lunar<\/em> - perfecto como luz nocturna o centro de mesa de coleccionista.<\/li>\n<li>\ud83c\udfa8 <em>Detalles de gran calidad<\/em> - Pintado a mano con materiales de primera calidad para colores duraderos.<\/li>\n<li>\ud83d\udecb\ufe0f <em>Ideal para decoraci\u00f3n anime<\/em> - a\u00f1ade un toque atrevido a cualquier habitaci\u00f3n u oficina.<\/li>\n<\/ul>\n<p>\ud83e\uddd1\u200d\ud83e\udd1d\u200d\ud83e\uddd1 <strong>Lo que dicen los fans:<\/strong><\/p>\n<ul>\n<li>\u2b50\ufe0f\u2b50\ufe0f\u2b50\ufe0f\u2b50\ufe0f\u2b50\ufe0f \"\u00a1Una calidad incre\u00edble, es igual que Luffy en el anime!\"<\/li>\n<li>\u2b50\ufe0f\u2b50\ufe0f\u2b50\ufe0f\u2b50\ufe0f\u2b50\ufe0f \"\u00a1Me encanta el suave resplandor que desprende por la noche!\"<\/li>\n<li>\u2b50\ufe0f\u2b50\ufe0f\u2b50\ufe0f\u2b50\ufe0f\u2b50\ufe0f \"Regalo perfecto para cualquier amante de One Piece\".<\/li>\n<\/ul>\n<p>\ud83d\udccf <strong>Detalles que debe conocer:<\/strong><\/p>\n<ul>\n<li>\ud83e\udded <strong>Tama\u00f1o:<\/strong> 14 cm: compacto y f\u00e1cil de colocar en cualquier lugar.<\/li>\n<li>\ud83d\udca1 <strong>Funci\u00f3n:<\/strong> L\u00e1mpara LED y figura combinadas<\/li>\n<li>\ud83c\udf81 <strong>Envases listos para regalo<\/strong> - \u00a1perfecto para cumplea\u00f1os, vacaciones o simplemente porque s\u00ed!<\/li>\n<\/ul>\n<p>\ud83d\uded2 <strong>Consiga el suyo hoy mismo<\/strong> - \u00a1y \u00fanete a las filas de miles de felices coleccionistas de One Piece! \ud83c\udf0a<\/p>","protected":false},"excerpt":{"rendered":"<p>\ud83c\udf1f \u00a1\u00danete a la tripulaci\u00f3n de clientes felices! \ud83c\udf1f Miles de fans de One Piece est\u00e1n iluminando sus habitaciones con este<\/p>","protected":false},"featured_media":16734,"comment_status":"open","ping_status":"closed","template":"","meta":[],"product_brand":[],"product_cat":[699,696,18],"product_tag":[684,683],"class_list":{"0":"post-16746","1":"product","2":"type-product","3":"status-publish","4":"has-post-thumbnail","6":"product_cat-figurine-lamps","7":"product_cat-one-piece","8":"product_cat-action-figure","9":"product_tag-luffy","10":"product_tag-one-piece","12":"first","13":"instock","14":"sale","15":"taxable","16":"shipping-taxable","17":"purchasable","18":"product-type-simple"},"jetpack_sharing_enabled":true,"_links":{"self":[{"href":"https:\/\/standify.org\/es\/wp-json\/wp\/v2\/product\/16746","targetHints":{"allow":["GET"]}}],"collection":[{"href":"https:\/\/standify.org\/es\/wp-json\/wp\/v2\/product"}],"about":[{"href":"https:\/\/standify.org\/es\/wp-json\/wp\/v2\/types\/product"}],"replies":[{"embeddable":true,"href":"https:\/\/standify.org\/es\/wp-json\/wp\/v2\/comments?post=16746"}],"version-history":[{"count":2,"href":"https:\/\/standify.org\/es\/wp-json\/wp\/v2\/product\/16746\/revisions"}],"predecessor-version":[{"id":16906,"href":"https:\/\/standify.org\/es\/wp-json\/wp\/v2\/product\/16746\/revisions\/16906"}],"wp:featuredmedia":[{"embeddable":true,"href":"https:\/\/standify.org\/es\/wp-json\/wp\/v2\/media\/16734"}],"wp:attachment":[{"href":"https:\/\/standify.org\/es\/wp-json\/wp\/v2\/media?parent=16746"}],"wp:term":[{"taxonomy":"product_brand","embeddable":true,"href":"https:\/\/standify.org\/es\/wp-json\/wp\/v2\/product_brand?post=16746"},{"taxonomy":"product_cat","embeddable":true,"href":"https:\/\/standify.org\/es\/wp-json\/wp\/v2\/product_cat?post=16746"},{"taxonomy":"product_tag","embeddable":true,"href":"https:\/\/standify.org\/es\/wp-json\/wp\/v2\/product_tag?post=16746"}],"curies":[{"name":"wp","href":"https:\/\/api.w.org\/{rel}","templated":true}]}}