{"id":1623,"date":"2024-02-28T13:11:58","date_gmt":"2024-02-28T13:11:58","guid":{"rendered":"https:\/\/standify.org\/?post_type=product&#038;p=1623"},"modified":"2026-01-25T23:17:28","modified_gmt":"2026-01-25T13:17:28","slug":"silicon-cases-for-nintendo-switch","status":"publish","type":"product","link":"https:\/\/standify.org\/es\/tienda\/silicon-cases-for-nintendo-switch\/","title":{"rendered":"Fundas de silicona para Nintendo Switch"},"content":{"rendered":"<h3>\ud83c\udf1f Protecci\u00f3n definitiva para tu Nintendo Switch - Fundas de silicona blanda \ud83c\udfae<\/h3>\n<h4>\ud83d\udee1\ufe0f \u00a1Mant\u00e9n tu consola de juegos segura y con estilo!<\/h4>\n<p>\ud83d\udc49 <strong>Resumen del producto:<\/strong><\/p>\n<ul>\n<li><strong>Material:<\/strong> Silicona blanda de primera calidad<\/li>\n<li><strong>Compatibilidad:<\/strong> Se adapta perfectamente a Nintendo Switch<\/li>\n<li><strong>Variedad:<\/strong> Disponible en varios colores<\/li>\n<\/ul>\n<p>\ud83c\udfa8 <strong>Vibrante y llamativo:<\/strong><\/p>\n<ul>\n<li>Elija entre una gama de colores que se adapte a su estilo.<\/li>\n<li>Tonos brillantes y resistentes a la decoloraci\u00f3n que mantienen tu Switch con un aspecto estupendo.<\/li>\n<\/ul>\n<p>\ud83d\udee1\ufe0f <strong>Protecci\u00f3n superior:<\/strong><\/p>\n<ul>\n<li>El material de silicona de alta calidad protege el dispositivo de ca\u00eddas y ara\u00f1azos.<\/li>\n<li>Dise\u00f1o flexible y amortiguador para la m\u00e1xima protecci\u00f3n.<\/li>\n<\/ul>\n<p>\ud83d\udc4c <strong>Dise\u00f1o ergon\u00f3mico:<\/strong><\/p>\n<ul>\n<li>Mejora la comodidad de juego.<\/li>\n<li>F\u00e1cil acceso a todos los botones y puertos sin quitar la funda.<\/li>\n<\/ul>\n<p>\ud83c\udf0d <strong>Respetuoso con el medio ambiente y duradero:<\/strong><\/p>\n<ul>\n<li>Fabricado con materiales ecol\u00f3gicos.<\/li>\n<li>Duradero y f\u00e1cil de limpiar.<\/li>\n<\/ul>\n<p>\ud83d\ude80 <strong>F\u00e1cil instalaci\u00f3n:<\/strong><\/p>\n<ul>\n<li>Ajuste ce\u00f1ido para facilitar su colocaci\u00f3n y retirada.<\/li>\n<li>No se necesitan herramientas.<\/li>\n<\/ul>\n<p>\ud83d\udca1 <strong>\u00bfPor qu\u00e9 elegir nuestras fundas de silicona para Nintendo Switch?<\/strong><\/p>\n<ul>\n<li>\ud83c\udf1f Elegante y pr\u00e1ctico.<\/li>\n<li>\ud83d\udee1\ufe0f Protecci\u00f3n sin igual.<\/li>\n<li>\ud83d\udcaf Garant\u00eda de satisfacci\u00f3n.<\/li>\n<\/ul>\n<p>\ud83d\uded2 <strong>A\u00f1adir a la cesta<\/strong> \u00a1para una experiencia de juego m\u00e1s segura y colorida! \ud83c\udf89<\/p>","protected":false},"excerpt":{"rendered":"<p>\ud83c\udf1f Ultimate Protection for Your Nintendo Switch &#8211; Soft Silicon Cases \ud83c\udfae \ud83d\udee1\ufe0f Keep Your Gaming Console Safe and Stylish!<\/p>","protected":false},"featured_media":1642,"comment_status":"open","ping_status":"closed","template":"","meta":[],"product_brand":[],"product_cat":[16],"product_tag":[22],"class_list":{"0":"post-1623","1":"product","2":"type-product","3":"status-publish","4":"has-post-thumbnail","6":"product_cat-standify","7":"product_tag-for-her","9":"first","10":"instock","11":"taxable","12":"shipping-taxable","13":"purchasable","14":"product-type-variable"},"jetpack_sharing_enabled":true,"_links":{"self":[{"href":"https:\/\/standify.org\/es\/wp-json\/wp\/v2\/product\/1623","targetHints":{"allow":["GET"]}}],"collection":[{"href":"https:\/\/standify.org\/es\/wp-json\/wp\/v2\/product"}],"about":[{"href":"https:\/\/standify.org\/es\/wp-json\/wp\/v2\/types\/product"}],"replies":[{"embeddable":true,"href":"https:\/\/standify.org\/es\/wp-json\/wp\/v2\/comments?post=1623"}],"version-history":[{"count":1,"href":"https:\/\/standify.org\/es\/wp-json\/wp\/v2\/product\/1623\/revisions"}],"predecessor-version":[{"id":35783,"href":"https:\/\/standify.org\/es\/wp-json\/wp\/v2\/product\/1623\/revisions\/35783"}],"wp:featuredmedia":[{"embeddable":true,"href":"https:\/\/standify.org\/es\/wp-json\/wp\/v2\/media\/1642"}],"wp:attachment":[{"href":"https:\/\/standify.org\/es\/wp-json\/wp\/v2\/media?parent=1623"}],"wp:term":[{"taxonomy":"product_brand","embeddable":true,"href":"https:\/\/standify.org\/es\/wp-json\/wp\/v2\/product_brand?post=1623"},{"taxonomy":"product_cat","embeddable":true,"href":"https:\/\/standify.org\/es\/wp-json\/wp\/v2\/product_cat?post=1623"},{"taxonomy":"product_tag","embeddable":true,"href":"https:\/\/standify.org\/es\/wp-json\/wp\/v2\/product_tag?post=1623"}],"curies":[{"name":"wp","href":"https:\/\/api.w.org\/{rel}","templated":true}]}}