{"id":1613,"date":"2023-10-05T16:47:25","date_gmt":"2023-10-05T16:47:25","guid":{"rendered":"https:\/\/standify.org\/?product=samurai-controller-stand"},"modified":"2026-03-01T19:52:50","modified_gmt":"2026-03-01T09:52:50","slug":"for-ghost-of-tsushima-gaming-controller-holder-one-more-life-controller-holder-figure-headphone-stand-for-ps5-ps4-ns-k7a5","status":"publish","type":"product","link":"https:\/\/standify.org\/es\/tienda\/for-ghost-of-tsushima-gaming-controller-holder-one-more-life-controller-holder-figure-headphone-stand-for-ps5-ps4-ns-k7a5\/","title":{"rendered":"Soporte para mando de Ghost Tsushima"},"content":{"rendered":"<p>Eleva tu configuraci\u00f3n de juego con este exquisito soporte para mando Samurai. \ud83c\udf8c No s\u00f3lo sujeta con seguridad tu mando, sino que tambi\u00e9n sirve como cautivador adorno, mostrando tu pasi\u00f3n por el juego \u00e9pico. \ud83d\udde1\ufe0f<\/p>\n<p><strong>\ud83c\udfa8 Dise\u00f1o distintivo:<\/strong> Inspirado en la inquietante belleza de Tsushima, este soporte captura la esencia del juego.<br \/>\n<strong>\ud83d\udd04 Doble uso:<\/strong> Un pr\u00e1ctico soporte y una pieza decorativa, todo en uno.<br \/>\n<strong>\ud83c\udf81 Listo para regalar:<\/strong> Ideal para los jugadores m\u00e1s \u00e1vidos o para darse un capricho.<\/p>\n<p>Experimenta una fusi\u00f3n de funcionalidad y arte. Mejora tu espacio de juego con el soporte para mandos Samurai. \u2694\ufe0f<\/p>\n<p>Compatibilidad universal con PS5\/4, Xbox y Switch<\/p>\n<p>Tama\u00f1o de la base: 13,8 x 8,5 x 7,0 cm \/ 5,4\u2033 x 3,3in x 2,7in<\/p>","protected":false},"excerpt":{"rendered":"<p>Eleva tu configuraci\u00f3n de juego con este exquisito soporte para mandos Samurai. \ud83c\udf8c No s\u00f3lo sujeta con seguridad tu mando, sino que<\/p>","protected":false},"featured_media":1615,"comment_status":"open","ping_status":"closed","template":"","meta":[],"product_brand":[],"product_cat":[16,25],"product_tag":[24],"class_list":{"0":"post-1613","1":"product","2":"type-product","3":"status-publish","4":"has-post-thumbnail","6":"product_cat-standify","7":"product_cat-controller-stand","8":"product_tag-controller-stand","10":"first","11":"instock","12":"sale","13":"taxable","14":"shipping-taxable","15":"purchasable","16":"product-type-simple"},"jetpack_sharing_enabled":true,"_links":{"self":[{"href":"https:\/\/standify.org\/es\/wp-json\/wp\/v2\/product\/1613","targetHints":{"allow":["GET"]}}],"collection":[{"href":"https:\/\/standify.org\/es\/wp-json\/wp\/v2\/product"}],"about":[{"href":"https:\/\/standify.org\/es\/wp-json\/wp\/v2\/types\/product"}],"replies":[{"embeddable":true,"href":"https:\/\/standify.org\/es\/wp-json\/wp\/v2\/comments?post=1613"}],"version-history":[{"count":0,"href":"https:\/\/standify.org\/es\/wp-json\/wp\/v2\/product\/1613\/revisions"}],"wp:featuredmedia":[{"embeddable":true,"href":"https:\/\/standify.org\/es\/wp-json\/wp\/v2\/media\/1615"}],"wp:attachment":[{"href":"https:\/\/standify.org\/es\/wp-json\/wp\/v2\/media?parent=1613"}],"wp:term":[{"taxonomy":"product_brand","embeddable":true,"href":"https:\/\/standify.org\/es\/wp-json\/wp\/v2\/product_brand?post=1613"},{"taxonomy":"product_cat","embeddable":true,"href":"https:\/\/standify.org\/es\/wp-json\/wp\/v2\/product_cat?post=1613"},{"taxonomy":"product_tag","embeddable":true,"href":"https:\/\/standify.org\/es\/wp-json\/wp\/v2\/product_tag?post=1613"}],"curies":[{"name":"wp","href":"https:\/\/api.w.org\/{rel}","templated":true}]}}