{"id":14281,"date":"2024-06-25T04:06:30","date_gmt":"2024-06-24T18:06:30","guid":{"rendered":"https:\/\/standify.org\/shop\/anime-gym-shorts\/"},"modified":"2026-04-17T04:44:58","modified_gmt":"2026-04-16T18:44:58","slug":"anime-gym-shorts","status":"publish","type":"product","link":"https:\/\/standify.org\/es\/tienda\/anime-gym-shorts\/","title":{"rendered":"Anime Gym Shorts"},"content":{"rendered":"<p><strong>Material excepcional: Los pantalones cortos de hombre 2 en 1 est\u00e1n hechos de tejido mejorado de poli\u00e9ster + spandex, suave y c\u00f3modo, la tecnolog\u00eda de estiramiento de 4 v\u00edas promueve el movimiento flexible y libre. El tejido de secado r\u00e1pido no se siente sofocante durante el ejercicio, fresco, transpirable y c\u00f3modo.<\/strong><\/p>\n<p>Dise\u00f1o perfecto: El cord\u00f3n de la cintura se puede ajustar seg\u00fan tu figura, y la cintura el\u00e1stica proporciona la m\u00e1xima comodidad. Dos bolsillos laterales, suficientes para llevar el tel\u00e9fono, la cartera y otros objetos peque\u00f1os.<\/p>\n<p>Forro mejorado: El forro interior est\u00e1 reforzado y es m\u00e1s el\u00e1stico. Usted puede sentir la diferencia entre \u00e9l y los pantalones cortos ordinarios cuando lo toca, y tiene una experiencia de mayor calidad. La tela es fina en la mano de obra, delicada y c\u00f3moda, y no tiene mala sensaci\u00f3n como la fricci\u00f3n.<\/p>\n<p>Impresi\u00f3n \u00fanica: Dise\u00f1o gr\u00e1fico impreso ofrece un aspecto elegante, inspirado en su personaje de anime favorito, de moda y fresco.<\/p>\n<p>Escenarios aplicables: Los pantalones cortos 2 en 1 son adecuados para llevar en casa, correr al aire libre, deportes, gimnasio, ejercicio, yoga, playa y otras ocasiones, con gran comodidad, estilo cl\u00e1sico y de moda.<\/p>\n<p>Consejos de lavado: Se puede lavar a mano o a m\u00e1quina. El color no se desvanecer\u00e1 despu\u00e9s de la limpieza repetida. No usar lej\u00eda.<br \/>\n<img decoding=\"async\" src=\"https:\/\/ae01.alicdn.com\/kf\/S7696f4a1b2a7483fbbfa3933408d6b6fz.jpg?width=606&amp;height=340&amp;hash=946\" alt=\"Standify Anime Dragon Ball Z figuritas y Goku soporte para auriculares\"><br \/>\n<img decoding=\"async\" src=\"https:\/\/ae01.alicdn.com\/kf\/Sfdae12f0a0b54f5ea6f1c6e12f26aebbB.jpg?width=800&amp;height=800&amp;hash=1600\" alt=\"Standify Anime Dragon Ball Z figuritas y Goku soporte para auriculares\"><br \/>\n<strong>. <\/strong> <img decoding=\"async\" src=\"https:\/\/ae01.alicdn.com\/kf\/Sb9bc18c5b15d4a6f89911f7bb4a35161d.jpg?width=800&amp;height=800&amp;hash=1600\" alt=\"Standify Anime Dragon Ball Z figuritas y Goku soporte para auriculares\">\u00a0<img decoding=\"async\" src=\"https:\/\/ae01.alicdn.com\/kf\/Sdae5e77c1f224ec2a2765f75c49da18aQ.jpg?width=750&amp;height=1333&amp;hash=2083\" alt=\"Standify Anime Dragon Ball Z figuritas y Goku soporte para auriculares\"> <img decoding=\"async\" src=\"https:\/\/ae01.alicdn.com\/kf\/S2b118ff0eeff486c81e12e57f35b580eH.jpg?width=800&amp;height=800&amp;hash=1600\" alt=\"Standify Anime Dragon Ball Z figuritas y Goku soporte para auriculares\"> <img decoding=\"async\" src=\"https:\/\/ae01.alicdn.com\/kf\/S93043a3799ce48549641fa1c266d6e2eI.jpg?width=800&amp;height=800&amp;hash=1600\" alt=\"Standify Anime Dragon Ball Z figuritas y Goku soporte para auriculares\"> <img decoding=\"async\" src=\"https:\/\/ae01.alicdn.com\/kf\/Sf06bec503a9a47389f8fc3b8ec2d225eU.jpg?width=800&amp;height=800&amp;hash=1600\" alt=\"Standify Anime Dragon Ball Z figuritas y Goku soporte para auriculares\"> <img decoding=\"async\" src=\"https:\/\/ae01.alicdn.com\/kf\/S4a24b1b0b9bd45dca0d8c52cedde39eaW.jpg?width=800&amp;height=800&amp;hash=1600\" alt=\"Standify Anime Dragon Ball Z figuritas y Goku soporte para auriculares\"><\/p>","protected":false},"excerpt":{"rendered":"<p>Outstanding Material: The 2 In 1 men&#8217;s shorts are made of polyester + spandex upgraded fabric, soft and comfortable, the<\/p>","protected":false},"featured_media":14227,"comment_status":"open","ping_status":"closed","template":"","meta":[],"product_brand":[],"product_cat":[641,16,20],"product_tag":[],"class_list":{"0":"post-14281","1":"product","2":"type-product","3":"status-publish","4":"has-post-thumbnail","6":"product_cat-dragon-ball-z-super-saiyan","7":"product_cat-standify","8":"product_cat-apparel","10":"first","11":"instock","12":"sale","13":"taxable","14":"shipping-taxable","15":"purchasable","16":"product-type-variable"},"jetpack_sharing_enabled":true,"_links":{"self":[{"href":"https:\/\/standify.org\/es\/wp-json\/wp\/v2\/product\/14281","targetHints":{"allow":["GET"]}}],"collection":[{"href":"https:\/\/standify.org\/es\/wp-json\/wp\/v2\/product"}],"about":[{"href":"https:\/\/standify.org\/es\/wp-json\/wp\/v2\/types\/product"}],"replies":[{"embeddable":true,"href":"https:\/\/standify.org\/es\/wp-json\/wp\/v2\/comments?post=14281"}],"version-history":[{"count":0,"href":"https:\/\/standify.org\/es\/wp-json\/wp\/v2\/product\/14281\/revisions"}],"wp:featuredmedia":[{"embeddable":true,"href":"https:\/\/standify.org\/es\/wp-json\/wp\/v2\/media\/14227"}],"wp:attachment":[{"href":"https:\/\/standify.org\/es\/wp-json\/wp\/v2\/media?parent=14281"}],"wp:term":[{"taxonomy":"product_brand","embeddable":true,"href":"https:\/\/standify.org\/es\/wp-json\/wp\/v2\/product_brand?post=14281"},{"taxonomy":"product_cat","embeddable":true,"href":"https:\/\/standify.org\/es\/wp-json\/wp\/v2\/product_cat?post=14281"},{"taxonomy":"product_tag","embeddable":true,"href":"https:\/\/standify.org\/es\/wp-json\/wp\/v2\/product_tag?post=14281"}],"curies":[{"name":"wp","href":"https:\/\/api.w.org\/{rel}","templated":true}]}}