{"id":1391,"date":"2024-02-28T13:11:58","date_gmt":"2024-02-28T13:11:58","guid":{"rendered":"https:\/\/standify.org\/?post_type=product&#038;p=1391"},"modified":"2026-02-10T03:26:29","modified_gmt":"2026-02-09T17:26:29","slug":"playstation-premium-rgb-3mm-desk-pads-15-designs","status":"publish","type":"product","link":"https:\/\/standify.org\/es\/tienda\/playstation-premium-rgb-3mm-desk-pads-15-designs\/","title":{"rendered":"Playstation Premium RGB 3mm Desk Pads - 16 Dise\u00f1os"},"content":{"rendered":"<p>Entra en un reino donde el ic\u00f3nico mundo de PlayStation se encuentra con un dise\u00f1o de vanguardia con nuestras alfombrillas de escritorio RGB de la serie PlayStation. Transforma tu escritorio en un centro neur\u00e1lgico de juego que dejar\u00e1 atr\u00e1s a las alfombrillas de rat\u00f3n normales.<\/p>\n<p>Por qu\u00e9 este es EL Desk Pad que todo gamer necesita: \ud83d\udd25 Temas de PlayStation inigualables: Elige entre una amplia gama de 19 llamativos dise\u00f1os personalizados de alta calidad. Sum\u00e9rgete en el universo de PlayStation con im\u00e1genes v\u00edvidas que diferencian tu estaci\u00f3n de juego.<\/p>\n<p>\ud83c\udf0c Excelencia RGB: Eleve su escritorio con algo m\u00e1s que color. Disfruta de la iluminaci\u00f3n LED RGB din\u00e1mica y personalizable, dise\u00f1ada para reflejar cualquier estado de \u00e1nimo y sesi\u00f3n de juego.<\/p>\n<p>\ud83d\uddb1\ufe0f Rendimiento superior en juegos: Deje atr\u00e1s las alfombrillas de rat\u00f3n finas y mediocres. Nuestras alfombrillas de escritorio tienen un grosor de 3 mm, lo que garantiza un deslizamiento suave y amortiguado en cada movimiento del rat\u00f3n, ya sea en intensas batallas de juego o navegando por el trabajo.<\/p>\n<p>Material de alta calidad: Fabricadas con caucho de primera calidad, estas almohadillas de escritorio son algo m\u00e1s que apariencia. Disfrute de una estabilidad inigualable con una base antideslizante y una durabilidad que supera a la competencia.<\/p>\n<p>Caracter\u00edsticas que nos distinguen:<\/p>\n<p>Funciones avanzadas de retroiluminaci\u00f3n y LED: No te conformes con lo ordinario. Ilumine sus juegos con brillantes efectos de iluminaci\u00f3n. Equipamiento de juego esencial: Esto es m\u00e1s que una alfombrilla de rat\u00f3n; es una parte esencial de su arsenal de juego. Orgullo PlayStation: Demuestre su amor por PlayStation con estas alfombrillas de escritorio de tem\u00e1tica \u00fanica. Tama\u00f1o \u00f3ptimo para cada configuraci\u00f3n: Desp\u00eddase de las almohadillas peque\u00f1as e inadecuadas. Nuestra gama de tama\u00f1os garantiza una cobertura perfecta para cualquier escritorio. Tama\u00f1os disponibles para todos los jugadores:<\/p>\n<p>RGB 300x600x3mm RGB 300x700x3mm RGB 250x350x3mm RGB 300x800x3mm RGB 400x900x3mm \u00bfPor qu\u00e9 conformarse con lo ordinario cuando puede elevarse a la excelencia en los juegos? Nuestra PlayStation Series RGB Desk Pad no es s\u00f3lo una actualizaci\u00f3n; es una declaraci\u00f3n de su destreza en los juegos. No se pierda el accesorio de juego definitivo. \u00a1Transforma tu escritorio en una zona de poder PlayStation! \ud83c\udf1f\ud83c\udfae<\/p>","protected":false},"excerpt":{"rendered":"<p>Ad\u00e9ntrese en un mundo en el que el ic\u00f3nico mundo de PlayStation se une al dise\u00f1o de vanguardia con nuestras almohadillas de escritorio RGB de la serie PlayStation.<\/p>","protected":false},"featured_media":1488,"comment_status":"open","ping_status":"closed","template":"","meta":[],"product_brand":[],"product_cat":[16,28],"product_tag":[],"class_list":{"0":"post-1391","1":"product","2":"type-product","3":"status-publish","4":"has-post-thumbnail","6":"product_cat-standify","7":"product_cat-desk-pad","9":"first","10":"instock","11":"taxable","12":"shipping-taxable","13":"purchasable","14":"product-type-variable"},"jetpack_sharing_enabled":true,"_links":{"self":[{"href":"https:\/\/standify.org\/es\/wp-json\/wp\/v2\/product\/1391","targetHints":{"allow":["GET"]}}],"collection":[{"href":"https:\/\/standify.org\/es\/wp-json\/wp\/v2\/product"}],"about":[{"href":"https:\/\/standify.org\/es\/wp-json\/wp\/v2\/types\/product"}],"replies":[{"embeddable":true,"href":"https:\/\/standify.org\/es\/wp-json\/wp\/v2\/comments?post=1391"}],"version-history":[{"count":0,"href":"https:\/\/standify.org\/es\/wp-json\/wp\/v2\/product\/1391\/revisions"}],"wp:featuredmedia":[{"embeddable":true,"href":"https:\/\/standify.org\/es\/wp-json\/wp\/v2\/media\/1488"}],"wp:attachment":[{"href":"https:\/\/standify.org\/es\/wp-json\/wp\/v2\/media?parent=1391"}],"wp:term":[{"taxonomy":"product_brand","embeddable":true,"href":"https:\/\/standify.org\/es\/wp-json\/wp\/v2\/product_brand?post=1391"},{"taxonomy":"product_cat","embeddable":true,"href":"https:\/\/standify.org\/es\/wp-json\/wp\/v2\/product_cat?post=1391"},{"taxonomy":"product_tag","embeddable":true,"href":"https:\/\/standify.org\/es\/wp-json\/wp\/v2\/product_tag?post=1391"}],"curies":[{"name":"wp","href":"https:\/\/api.w.org\/{rel}","templated":true}]}}