{"id":1254,"date":"2024-02-28T13:13:24","date_gmt":"2024-02-28T13:13:24","guid":{"rendered":"https:\/\/standify.org\/?post_type=product&#038;p=1254"},"modified":"2024-11-19T03:37:42","modified_gmt":"2024-11-18T17:37:42","slug":"holographic-dbz-stickers-25-designs%ef%bc%89","status":"publish","type":"product","link":"https:\/\/standify.org\/es\/tienda\/holographic-dbz-stickers-25-designs%ef%bc%89\/","title":{"rendered":"Pegatinas hologr\u00e1ficas DBZ (25 dise\u00f1os\uff09"},"content":{"rendered":"<p><strong>\u00a0Pegatinas l\u00e1ser hologr\u00e1ficas de dibujos animados (25 dise\u00f1os)<\/p>\n<p>~Impermeable, a prueba de tormentas, resistente al sol, no da\u00f1a la pintura del coche y extra\u00edble.<\/p>\n<p>~Esta calcoman\u00eda est\u00e1 hecha con Vinilo de Alta Calidad.<\/p>\n<p>~Todas nuestras calcas son removibles, pero NO reposicionables.<\/p>\n<p>~\u00a1Estas calcoman\u00edas se ven incre\u00edbles y a\u00f1aden un aspecto personalizado!<\/p>\n<p>~Las calcoman\u00edas se adhieren f\u00e1cilmente a cualquier superficie lisa.<\/p>\n<p>~Computadoras troqueladas. No hay fondo en estas calcoman\u00edas.<\/p>\n<p>~Material de vinilo ecol\u00f3gico y autoadhesivo.<\/p>\n<p>~Impermeable y extremadamente resistente a la intemperie.<\/p>\n<p>~Se aplica f\u00e1cilmente y se retira sin dejar residuos.<\/p>\n<p>Nota: Los colores del art\u00edculo que usted consigue pueden variar levemente debido a diversos ajustes del monitor, equipo del tiroteo, condiciones de iluminaci\u00f3n, etc, esperanza que usted puede entender.<br \/>\n<strong><strong><img decoding=\"async\" src=\"https:\/\/ae01.alicdn.com\/kf\/S24e588a3cb6b46ada3a8ff3210ae44f86.jpg?width=1200&amp;height=1200&amp;hash=2400\" alt=\"Standify Anime Dragon Ball Z figuritas y Goku soporte para auriculares\"><strong><strong><img decoding=\"async\" src=\"https:\/\/ae01.alicdn.com\/kf\/S7b2e9525279e43a2a879ca91f4d05cedX.jpg?width=1001&amp;height=1001&amp;hash=2002\" alt=\"Standify Anime Dragon Ball Z figuritas y Goku soporte para auriculares\"><\/strong><\/strong><\/strong><\/strong><\/strong><br \/>\n\u00a0<\/p>\n<p>\u00a0<\/p>\n<p>\u00a0<\/p>","protected":false},"excerpt":{"rendered":"<p>\u00a0Cartoon Holographic Anime Laser Stickers (25 dise\u00f1os) ~A prueba de agua, a prueba de tormentas, a prueba de sol, no da\u00f1a la pintura del coche y es removible. ~Esta calcoman\u00eda es<\/p>","protected":false},"featured_media":1280,"comment_status":"open","ping_status":"closed","template":"","meta":[],"product_brand":[],"product_cat":[641,16],"product_tag":[],"class_list":{"0":"post-1254","1":"product","2":"type-product","3":"status-publish","4":"has-post-thumbnail","6":"product_cat-dragon-ball-z-super-saiyan","7":"product_cat-standify","9":"first","10":"instock","11":"taxable","12":"shipping-taxable","13":"purchasable","14":"product-type-variable"},"jetpack_sharing_enabled":true,"_links":{"self":[{"href":"https:\/\/standify.org\/es\/wp-json\/wp\/v2\/product\/1254","targetHints":{"allow":["GET"]}}],"collection":[{"href":"https:\/\/standify.org\/es\/wp-json\/wp\/v2\/product"}],"about":[{"href":"https:\/\/standify.org\/es\/wp-json\/wp\/v2\/types\/product"}],"replies":[{"embeddable":true,"href":"https:\/\/standify.org\/es\/wp-json\/wp\/v2\/comments?post=1254"}],"version-history":[{"count":0,"href":"https:\/\/standify.org\/es\/wp-json\/wp\/v2\/product\/1254\/revisions"}],"wp:featuredmedia":[{"embeddable":true,"href":"https:\/\/standify.org\/es\/wp-json\/wp\/v2\/media\/1280"}],"wp:attachment":[{"href":"https:\/\/standify.org\/es\/wp-json\/wp\/v2\/media?parent=1254"}],"wp:term":[{"taxonomy":"product_brand","embeddable":true,"href":"https:\/\/standify.org\/es\/wp-json\/wp\/v2\/product_brand?post=1254"},{"taxonomy":"product_cat","embeddable":true,"href":"https:\/\/standify.org\/es\/wp-json\/wp\/v2\/product_cat?post=1254"},{"taxonomy":"product_tag","embeddable":true,"href":"https:\/\/standify.org\/es\/wp-json\/wp\/v2\/product_tag?post=1254"}],"curies":[{"name":"wp","href":"https:\/\/api.w.org\/{rel}","templated":true}]}}