{"id":1168,"date":"2024-02-28T13:13:24","date_gmt":"2024-02-28T13:13:24","guid":{"rendered":"https:\/\/standify.org\/?post_type=product&#038;p=1168"},"modified":"2026-04-17T04:46:00","modified_gmt":"2026-04-16T18:46:00","slug":"deskbuddy-fluffy-keyboard-rugs","status":"publish","type":"product","link":"https:\/\/standify.org\/es\/tienda\/deskbuddy-fluffy-keyboard-rugs\/","title":{"rendered":"DeskBuddy Alfombrillas mullidas para teclado"},"content":{"rendered":"<p class=\"p1\">\ud83e\udd32 <strong>Artesan\u00eda de alta calidad hecha a mano:<\/strong> Cada puntada se elabora con esmero, garantizando un complemento duradero y bello para su escritorio. \ud83d\udee0\ufe0f<\/p>\n<p class=\"p1\"><span class=\"s1\"> \ud83e\uddf8 <strong>Suave y de apoyo:<\/strong> Los materiales afelpados acarician tus mu\u00f1ecas, reduciendo la fatiga y haciendo que cada minuto en tu escritorio sea m\u00e1s agradable. \ud83c\udfae<\/span><\/p>\n<p class=\"p1\"><span class=\"s1\"> \ud83c\udfa8 <strong>Obras de arte vibrantes:<\/strong> Deja que tu escritorio brille con los colores y las caras de tus h\u00e9roes de anime y Pok\u00e9mon favoritos. \ud83d\uddbc\ufe0f<\/span><\/p>\n<p class=\"p1\"><span class=\"s1\"> <a href=\"https:\/\/standify.org\/wp-content\/uploads\/2024\/02\/copy_611DF126-309E-4851-9F5D-3789E50B4C51-ezgif.com-video-to-webp-converter.webp\"><img fetchpriority=\"high\" decoding=\"async\" class=\"alignnone size-full wp-image-11660\" src=\"https:\/\/standify.org\/wp-content\/uploads\/2024\/02\/copy_611DF126-309E-4851-9F5D-3789E50B4C51-ezgif.com-video-to-webp-converter.webp\" alt=\"Standify Anime Dragon Ball Z figuritas y Goku soporte para auriculares\" width=\"500\" height=\"550\" srcset=\"https:\/\/standify.org\/wp-content\/uploads\/2024\/02\/copy_611DF126-309E-4851-9F5D-3789E50B4C51-ezgif.com-video-to-webp-converter.webp 500w, https:\/\/standify.org\/wp-content\/uploads\/2024\/02\/copy_611DF126-309E-4851-9F5D-3789E50B4C51-ezgif.com-video-to-webp-converter-273x300.webp 273w, https:\/\/standify.org\/wp-content\/uploads\/2024\/02\/copy_611DF126-309E-4851-9F5D-3789E50B4C51-ezgif.com-video-to-webp-converter-150x165.webp 150w\" sizes=\"(max-width: 500px) 100vw, 500px\" \/><\/a><\/span><\/p>\n<p class=\"p1\"><span class=\"s1\">\ud83d\udcd0 <strong>Tama\u00f1o perfecto:<\/strong> Fits beautifully in any gaming or work setup, enhancing both aesthetics and comfort. \ud83c\udfe0<\/span><\/p>\n<p class=\"p1\"><span class=\"s1\"><a href=\"https:\/\/standify.org\/wp-content\/uploads\/2024\/02\/WhatsAppVideo2024-03-09at12.55.25_86e7e510-ezgif.com-video-to-webp-converter.webp\"><img decoding=\"async\" class=\"alignnone size-full wp-image-11662\" src=\"https:\/\/standify.org\/wp-content\/uploads\/2024\/02\/WhatsAppVideo2024-03-09at12.55.25_86e7e510-ezgif.com-video-to-webp-converter.webp\" alt=\"Standify Anime Dragon Ball Z figuritas y Goku soporte para auriculares\" width=\"360\" height=\"640\" srcset=\"https:\/\/standify.org\/wp-content\/uploads\/2024\/02\/WhatsAppVideo2024-03-09at12.55.25_86e7e510-ezgif.com-video-to-webp-converter.webp 360w, https:\/\/standify.org\/wp-content\/uploads\/2024\/02\/WhatsAppVideo2024-03-09at12.55.25_86e7e510-ezgif.com-video-to-webp-converter-169x300.webp 169w, https:\/\/standify.org\/wp-content\/uploads\/2024\/02\/WhatsAppVideo2024-03-09at12.55.25_86e7e510-ezgif.com-video-to-webp-converter-150x267.webp 150w\" sizes=\"(max-width: 360px) 100vw, 360px\" \/><\/a><\/span><\/p>\n<p class=\"p1\"><span class=\"s1\">\ud83d\udca1 <strong>Por qu\u00e9 deber\u00edas hacerte con uno:<\/strong><\/span><\/p>\n<p class=\"p1\"><span class=\"s1\"> Mejora tu configuraci\u00f3n de juego: Encaja a la perfecci\u00f3n en tu mundo gaming, a\u00f1adiendo un toque funcional que complementa tus intensas sesiones de juego. \ud83c\udf08<\/span><\/p>\n<p class=\"p1\"><span class=\"s1\"> \ud83c\udf89 Muestra tu afici\u00f3n: Perfecto para expresar tu amor por el anime y Pok\u00e9mon, convirtiendo tu pasi\u00f3n en una celebraci\u00f3n diaria. \ud83c\udfc6<\/span><\/p>\n<p class=\"p1\"><span class=\"s1\"> \ud83c\udf81 Deliciosa idea de regalo: Sorprende al aficionado al anime o a los videojuegos de tu vida con un regalo tan atento como emocionante. \ud83c\udf81<\/span><\/p>\n<p class=\"p1\"><span class=\"s1\">\ud83c\udf08 Imagina esto:<\/span><\/p>\n<p class=\"p1\"><span class=\"s1\">Cada vez que se sienta, esta alfombrilla para teclado le da la bienvenida, convirtiendo la rutina en alegr\u00eda. Tanto si juegas hasta altas horas de la noche como si te pones manos a la obra, a\u00f1ade un toque de fantas\u00eda y comodidad a tu d\u00eda a d\u00eda. Eleva tu escritorio con esta encantadora y funcional pieza de arte y deja que cada pulsaci\u00f3n te dibuje una sonrisa \ud83d\ude0a.<\/span><\/p>\n<p class=\"p1\"><span class=\"s1\">\u00bfListo para hacer de su escritorio el punto culminante de su habitaci\u00f3n? A\u00f1ade esta alfombra a tu carrito y empieza hoy mismo a disfrutar de una configuraci\u00f3n m\u00e1s colorida y c\u00f3moda. \ud83c\udf1f<\/span><\/p>\n<p>&nbsp;<\/p>\n<p>&nbsp;<\/p>\n<p><a href=\"https:\/\/standify.org\/wp-content\/uploads\/2024\/02\/WhatsAppVideo2024-02-23at21.21.40_b54c580b-ezgif.com-video-to-webp-converter.webp\"><img decoding=\"async\" class=\"alignnone size-full wp-image-11663\" src=\"https:\/\/standify.org\/wp-content\/uploads\/2024\/02\/WhatsAppVideo2024-02-23at21.21.40_b54c580b-ezgif.com-video-to-webp-converter.webp\" alt=\"Standify Anime Dragon Ball Z figuritas y Goku soporte para auriculares\" width=\"360\" height=\"640\" srcset=\"https:\/\/standify.org\/wp-content\/uploads\/2024\/02\/WhatsAppVideo2024-02-23at21.21.40_b54c580b-ezgif.com-video-to-webp-converter.webp 360w, https:\/\/standify.org\/wp-content\/uploads\/2024\/02\/WhatsAppVideo2024-02-23at21.21.40_b54c580b-ezgif.com-video-to-webp-converter-169x300.webp 169w, https:\/\/standify.org\/wp-content\/uploads\/2024\/02\/WhatsAppVideo2024-02-23at21.21.40_b54c580b-ezgif.com-video-to-webp-converter-150x267.webp 150w\" sizes=\"(max-width: 360px) 100vw, 360px\" \/><\/a><\/p>","protected":false},"excerpt":{"rendered":"<p>\ud83c\udf08 Haz de tu escritorio un espacio feliz<br \/>\n\u2b50 Incre\u00edble regalo<br \/>\n\ud83d\udc96 Te trae alegr\u00eda diaria<\/p>","protected":false},"featured_media":12676,"comment_status":"open","ping_status":"closed","template":"","meta":[],"product_brand":[],"product_cat":[199,16,28],"product_tag":[21,22],"class_list":{"0":"post-1168","1":"product","2":"type-product","3":"status-publish","4":"has-post-thumbnail","6":"product_cat-keyboard-rugs","7":"product_cat-standify","8":"product_cat-desk-pad","9":"product_tag-decoration","10":"product_tag-for-her","12":"first","13":"instock","14":"sale","15":"taxable","16":"shipping-taxable","17":"purchasable","18":"product-type-variable","19":"has-default-attributes"},"jetpack_sharing_enabled":true,"_links":{"self":[{"href":"https:\/\/standify.org\/es\/wp-json\/wp\/v2\/product\/1168","targetHints":{"allow":["GET"]}}],"collection":[{"href":"https:\/\/standify.org\/es\/wp-json\/wp\/v2\/product"}],"about":[{"href":"https:\/\/standify.org\/es\/wp-json\/wp\/v2\/types\/product"}],"replies":[{"embeddable":true,"href":"https:\/\/standify.org\/es\/wp-json\/wp\/v2\/comments?post=1168"}],"version-history":[{"count":3,"href":"https:\/\/standify.org\/es\/wp-json\/wp\/v2\/product\/1168\/revisions"}],"predecessor-version":[{"id":18269,"href":"https:\/\/standify.org\/es\/wp-json\/wp\/v2\/product\/1168\/revisions\/18269"}],"wp:featuredmedia":[{"embeddable":true,"href":"https:\/\/standify.org\/es\/wp-json\/wp\/v2\/media\/12676"}],"wp:attachment":[{"href":"https:\/\/standify.org\/es\/wp-json\/wp\/v2\/media?parent=1168"}],"wp:term":[{"taxonomy":"product_brand","embeddable":true,"href":"https:\/\/standify.org\/es\/wp-json\/wp\/v2\/product_brand?post=1168"},{"taxonomy":"product_cat","embeddable":true,"href":"https:\/\/standify.org\/es\/wp-json\/wp\/v2\/product_cat?post=1168"},{"taxonomy":"product_tag","embeddable":true,"href":"https:\/\/standify.org\/es\/wp-json\/wp\/v2\/product_tag?post=1168"}],"curies":[{"name":"wp","href":"https:\/\/api.w.org\/{rel}","templated":true}]}}