{"id":1163,"date":"2024-02-28T13:13:24","date_gmt":"2024-02-28T13:13:24","guid":{"rendered":"https:\/\/standify.org\/?post_type=product&#038;p=1163"},"modified":"2026-05-15T19:53:16","modified_gmt":"2026-05-15T09:53:16","slug":"goku-spirit-bomb-lamp","status":"publish","type":"product","link":"https:\/\/standify.org\/es\/tienda\/goku-spirit-bomb-lamp\/","title":{"rendered":"L\u00e1mpara Goku Spirit Bomb"},"content":{"rendered":"<p>\u00a1Ilumina tu habitaci\u00f3n con el poder de un guerrero saiyan! Presentamos la l\u00e1mpara Goku Spirit Bomb, imprescindible para cualquier <em>Dragon Ball Z<\/em> entusiasta. Fabricada con precisi\u00f3n, esta electrizante pieza mide 25 cm de alto y es un s\u00edmbolo de la emblem\u00e1tica lucha final de Goku contra el mal. He aqu\u00ed por qu\u00e9 necesitas esta pieza de coleccionista:<\/p>\n<ul>\n<li><strong>Dise\u00f1o feroz<\/strong> \ud83d\udd25: Capturando la intensa concentraci\u00f3n de Goku mientras aprovecha la energ\u00eda de todos los seres vivos, esta l\u00e1mpara emite un brillo vibrante que simboliza la poderosa Bomba Espiritual.<\/li>\n<li><strong>Tama\u00f1o perfecto<\/strong> \ud83d\udccf: Con unos notables 25 cm de altura, tiene el tama\u00f1o ideal para escritorios, estanter\u00edas o como luz nocturna para mantener a raya la oscuridad con la fuerza de un Super Saiyan.<\/li>\n<li><strong>Material de alta calidad<\/strong> \ud83d\udee0\ufe0f: Fabricado con materiales duraderos y de alta calidad, est\u00e1 dise\u00f1ado para durar tanto como el legado de Goku.<\/li>\n<li><strong>Ideal para regalar<\/strong> \ud83c\udf81: Ya sea para un cumplea\u00f1os, vacaciones o simplemente porque s\u00ed, esta l\u00e1mpara es un regalo fant\u00e1stico para cualquier <em>DBZ<\/em> ventilador.<\/li>\n<\/ul>\n<p><strong>Caracter\u00edsticas del producto:<\/strong><\/p>\n<ul>\n<li><strong>Iluminaci\u00f3n viva<\/strong> \ud83d\udca1: Disfruta de una luz c\u00e1lida y ambiental ideal para ambientar cualquier estancia de forma heroica.<\/li>\n<li><strong>Artesan\u00eda detallada<\/strong> \ud83c\udfa8: Desde el aura ardiente hasta la expresi\u00f3n decidida de Goku, cada detalle est\u00e1 meticulosamente elaborado para una aut\u00e9ntica <em>DBZ<\/em> experiencia.<\/li>\n<li><strong>Eficiencia energ\u00e9tica<\/strong> \ud83d\udc9a: La iluminaci\u00f3n LED garantiza que tu Spirit Bomb brille con luz propia a la vez que ahorra energ\u00eda.<\/li>\n<\/ul>\n<p><em>Tenga en cuenta que es necesario fijar las aletas laterales azules. La esfera inferior no se ilumina.\u00a0<\/em><\/p>","protected":false},"excerpt":{"rendered":"<p>Light up your room with the power of a Saiyan warrior! Introducing the Goku Spirit Bomb Lamp, a must-have for<\/p>","protected":false},"featured_media":1166,"comment_status":"open","ping_status":"closed","template":"","meta":[],"product_brand":[],"product_cat":[641,16,18,20,183],"product_tag":[17,21,143],"class_list":{"0":"post-1163","1":"product","2":"type-product","3":"status-publish","4":"has-post-thumbnail","6":"product_cat-dragon-ball-z-super-saiyan","7":"product_cat-standify","8":"product_cat-action-figure","9":"product_cat-apparel","10":"product_cat-featured-items","11":"product_tag-figurine","12":"product_tag-decoration","13":"product_tag-dbz","15":"first","16":"instock","17":"sale","18":"featured","19":"taxable","20":"shipping-taxable","21":"purchasable","22":"product-type-variable","23":"has-default-attributes"},"jetpack_sharing_enabled":true,"_links":{"self":[{"href":"https:\/\/standify.org\/es\/wp-json\/wp\/v2\/product\/1163","targetHints":{"allow":["GET"]}}],"collection":[{"href":"https:\/\/standify.org\/es\/wp-json\/wp\/v2\/product"}],"about":[{"href":"https:\/\/standify.org\/es\/wp-json\/wp\/v2\/types\/product"}],"replies":[{"embeddable":true,"href":"https:\/\/standify.org\/es\/wp-json\/wp\/v2\/comments?post=1163"}],"version-history":[{"count":12,"href":"https:\/\/standify.org\/es\/wp-json\/wp\/v2\/product\/1163\/revisions"}],"predecessor-version":[{"id":17354,"href":"https:\/\/standify.org\/es\/wp-json\/wp\/v2\/product\/1163\/revisions\/17354"}],"wp:featuredmedia":[{"embeddable":true,"href":"https:\/\/standify.org\/es\/wp-json\/wp\/v2\/media\/1166"}],"wp:attachment":[{"href":"https:\/\/standify.org\/es\/wp-json\/wp\/v2\/media?parent=1163"}],"wp:term":[{"taxonomy":"product_brand","embeddable":true,"href":"https:\/\/standify.org\/es\/wp-json\/wp\/v2\/product_brand?post=1163"},{"taxonomy":"product_cat","embeddable":true,"href":"https:\/\/standify.org\/es\/wp-json\/wp\/v2\/product_cat?post=1163"},{"taxonomy":"product_tag","embeddable":true,"href":"https:\/\/standify.org\/es\/wp-json\/wp\/v2\/product_tag?post=1163"}],"curies":[{"name":"wp","href":"https:\/\/api.w.org\/{rel}","templated":true}]}}