{"id":1119,"date":"2024-02-28T13:13:24","date_gmt":"2024-02-28T13:13:24","guid":{"rendered":"https:\/\/standify.org\/?post_type=product&#038;p=1119"},"modified":"2026-04-06T13:36:26","modified_gmt":"2026-04-06T03:36:26","slug":"dragon-ball-z-shenlong-dragon-night-lights","status":"publish","type":"product","link":"https:\/\/standify.org\/es\/tienda\/dragon-ball-z-shenlong-dragon-night-lights\/","title":{"rendered":"Dragon Ball Z Shenrong L\u00e1mpara de 7 Bolas de Cristal"},"content":{"rendered":"<p>Invoca el poder de las Bolas de Drag\u00f3n con las luces nocturnas de las figuras de acci\u00f3n LED de Bandai Dragon Ball Z Anime Shenrong. Esta pieza intrincadamente detallada es una necesidad para todos los fans de Dragon Ball Z por ah\u00ed.<\/p>\n<p>Tama\u00f1o:<br \/>\n<span data-mce-fragment=\"1\">Shenrong<\/span>: Aproximadamente 15 cm de altura<br \/>\nBolas de cristal: 3,5 cm de di\u00e1metro<br \/>\nC\u00edrculo: 15 cm de di\u00e1metro<\/p>\n<p>Caracter\u00edsticas:<br \/>\n\ud83c\udf1f Impresionantes luces LED que crean un resplandor m\u00e1gico<br \/>\n\u2705 Viene con un mando a distancia para facilitar su manejo<br \/>\n\ud83d\udd2e Siete bolas de cristal de 3,5 cm de di\u00e1metro para vivir una aut\u00e9ntica experiencia Dragon Ball<br \/>\n\ud83d\udcaa Fabricado con material PVA+Cristal resistente<br \/>\n\ud83d\udc09 Detallado <span data-mce-fragment=\"1\">Shenrong<\/span>\u00a0figura que a\u00f1ade un toque de acci\u00f3n a su habitaci\u00f3n<\/p>","protected":false},"excerpt":{"rendered":"<p>Summon the power of the Dragon Balls with the Bandai Dragon Ball Z Anime Shenrong LED Action Figures Night Lights!<\/p>","protected":false},"featured_media":1121,"comment_status":"open","ping_status":"closed","template":"","meta":[],"product_brand":[],"product_cat":[641,16,18,183],"product_tag":[21],"class_list":{"0":"post-1119","1":"product","2":"type-product","3":"status-publish","4":"has-post-thumbnail","6":"product_cat-dragon-ball-z-super-saiyan","7":"product_cat-standify","8":"product_cat-action-figure","9":"product_cat-featured-items","10":"product_tag-decoration","12":"first","13":"instock","14":"sale","15":"taxable","16":"shipping-taxable","17":"purchasable","18":"product-type-simple"},"jetpack_sharing_enabled":true,"_links":{"self":[{"href":"https:\/\/standify.org\/es\/wp-json\/wp\/v2\/product\/1119","targetHints":{"allow":["GET"]}}],"collection":[{"href":"https:\/\/standify.org\/es\/wp-json\/wp\/v2\/product"}],"about":[{"href":"https:\/\/standify.org\/es\/wp-json\/wp\/v2\/types\/product"}],"replies":[{"embeddable":true,"href":"https:\/\/standify.org\/es\/wp-json\/wp\/v2\/comments?post=1119"}],"version-history":[{"count":1,"href":"https:\/\/standify.org\/es\/wp-json\/wp\/v2\/product\/1119\/revisions"}],"predecessor-version":[{"id":16252,"href":"https:\/\/standify.org\/es\/wp-json\/wp\/v2\/product\/1119\/revisions\/16252"}],"wp:featuredmedia":[{"embeddable":true,"href":"https:\/\/standify.org\/es\/wp-json\/wp\/v2\/media\/1121"}],"wp:attachment":[{"href":"https:\/\/standify.org\/es\/wp-json\/wp\/v2\/media?parent=1119"}],"wp:term":[{"taxonomy":"product_brand","embeddable":true,"href":"https:\/\/standify.org\/es\/wp-json\/wp\/v2\/product_brand?post=1119"},{"taxonomy":"product_cat","embeddable":true,"href":"https:\/\/standify.org\/es\/wp-json\/wp\/v2\/product_cat?post=1119"},{"taxonomy":"product_tag","embeddable":true,"href":"https:\/\/standify.org\/es\/wp-json\/wp\/v2\/product_tag?post=1119"}],"curies":[{"name":"wp","href":"https:\/\/api.w.org\/{rel}","templated":true}]}}