{"id":10882,"date":"2024-03-08T00:31:36","date_gmt":"2024-03-07T14:31:36","guid":{"rendered":"https:\/\/standify.org\/?page_id=10882"},"modified":"2024-03-08T00:31:37","modified_gmt":"2024-03-07T14:31:37","slug":"ccpa-opt-out","status":"publish","type":"page","link":"https:\/\/standify.org\/es\/ccpa-opt-out\/","title":{"rendered":"Exclusi\u00f3n voluntaria de la CCPA"},"content":{"rendered":"<h2 class=\"wp-block-heading\">No vender ni compartir mis datos personales<\/h2>\n\n\n\n<p>Como se describe en nuestra Pol\u00edtica de Privacidad, recogemos informaci\u00f3n personal de sus interacciones con nosotros y nuestro sitio web, incluso a trav\u00e9s de cookies y tecnolog\u00edas similares. Tambi\u00e9n podemos compartir esta informaci\u00f3n personal con terceros, incluidos socios publicitarios. Hacemos esto para mostrarle anuncios en otros sitios web que sean m\u00e1s relevantes para sus intereses y por otras razones descritas en nuestra pol\u00edtica de privacidad.<\/p>\n\n\n\n<p>El intercambio de informaci\u00f3n personal para publicidad dirigida basada en su interacci\u00f3n en diferentes sitios web puede considerarse \"venta\", \"intercambio\" o \"publicidad dirigida\" en virtud de determinadas leyes de privacidad de los estados de Estados Unidos. Dependiendo de su lugar de residencia, usted puede optar por no participar en estas actividades. Si desea ejercer este derecho, siga las instrucciones que se indican a continuaci\u00f3n.<\/p>\n\n\n\n<p>Si visita nuestro sitio web con la se\u00f1al de preferencia de exclusi\u00f3n del Control Global de Privacidad activada, dependiendo de d\u00f3nde se encuentre, trataremos esto como una solicitud de exclusi\u00f3n de la actividad que pueda considerarse una \"venta\" o \"compartici\u00f3n\" de informaci\u00f3n personal u otros usos que puedan considerarse publicidad dirigida para el dispositivo y el navegador que utiliz\u00f3 para visitar nuestro sitio web.<\/p>","protected":false},"excerpt":{"rendered":"<p>No vender o compartir mi informaci\u00f3n personal Como se describe en nuestra Pol\u00edtica de Privacidad, recogemos informaci\u00f3n personal de su<\/p>","protected":false},"author":1,"featured_media":0,"parent":0,"menu_order":0,"comment_status":"closed","ping_status":"closed","template":"","meta":{"footnotes":""},"class_list":["post-10882","page","type-page","status-publish","hentry"],"jetpack_sharing_enabled":true,"_links":{"self":[{"href":"https:\/\/standify.org\/es\/wp-json\/wp\/v2\/pages\/10882","targetHints":{"allow":["GET"]}}],"collection":[{"href":"https:\/\/standify.org\/es\/wp-json\/wp\/v2\/pages"}],"about":[{"href":"https:\/\/standify.org\/es\/wp-json\/wp\/v2\/types\/page"}],"author":[{"embeddable":true,"href":"https:\/\/standify.org\/es\/wp-json\/wp\/v2\/users\/1"}],"replies":[{"embeddable":true,"href":"https:\/\/standify.org\/es\/wp-json\/wp\/v2\/comments?post=10882"}],"version-history":[{"count":0,"href":"https:\/\/standify.org\/es\/wp-json\/wp\/v2\/pages\/10882\/revisions"}],"wp:attachment":[{"href":"https:\/\/standify.org\/es\/wp-json\/wp\/v2\/media?parent=10882"}],"curies":[{"name":"wp","href":"https:\/\/api.w.org\/{rel}","templated":true}]}}