{"id":10862,"date":"2024-03-08T00:14:13","date_gmt":"2024-03-07T14:14:13","guid":{"rendered":"https:\/\/standify.org\/?page_id=10862"},"modified":"2024-03-08T00:14:16","modified_gmt":"2024-03-07T14:14:16","slug":"shipping-policy","status":"publish","type":"page","link":"https:\/\/standify.org\/es\/shipping-policy\/","title":{"rendered":"Pol\u00edtica de env\u00edos"},"content":{"rendered":"<p>Tiempo estimado de env\u00edo: 1-3 d\u00edas<\/p>\n\n\n\n<p>Plazos de entrega estimados<\/p>\n\n\n\n<p>EE.UU.: 6-10 d\u00edas<\/p>\n\n\n\n<p>Australia: 7-12 d\u00edas<\/p>\n\n\n\n<p>Francia: 5-10 d\u00edas<\/p>\n\n\n\n<p>Reino Unido: 6-11 d\u00edas<\/p>\n\n\n\n<p>Env\u00edo Asegurado garantiza el reembolso en caso de que la mercanc\u00eda resulte da\u00f1ada y se considere inaceptable durante el env\u00edo.&nbsp;<\/p>","protected":false},"excerpt":{"rendered":"<p>Estimated Dispatch Time: 1-3 Days Estimated Delivery Times USA: 6-10 Days Australia: 7-12 Days France: 5-10 Days UK: 6-11 Days<\/p>","protected":false},"author":1,"featured_media":0,"parent":0,"menu_order":0,"comment_status":"closed","ping_status":"closed","template":"","meta":{"footnotes":""},"class_list":["post-10862","page","type-page","status-publish","hentry"],"jetpack_sharing_enabled":true,"_links":{"self":[{"href":"https:\/\/standify.org\/es\/wp-json\/wp\/v2\/pages\/10862","targetHints":{"allow":["GET"]}}],"collection":[{"href":"https:\/\/standify.org\/es\/wp-json\/wp\/v2\/pages"}],"about":[{"href":"https:\/\/standify.org\/es\/wp-json\/wp\/v2\/types\/page"}],"author":[{"embeddable":true,"href":"https:\/\/standify.org\/es\/wp-json\/wp\/v2\/users\/1"}],"replies":[{"embeddable":true,"href":"https:\/\/standify.org\/es\/wp-json\/wp\/v2\/comments?post=10862"}],"version-history":[{"count":0,"href":"https:\/\/standify.org\/es\/wp-json\/wp\/v2\/pages\/10862\/revisions"}],"wp:attachment":[{"href":"https:\/\/standify.org\/es\/wp-json\/wp\/v2\/media?parent=10862"}],"curies":[{"name":"wp","href":"https:\/\/api.w.org\/{rel}","templated":true}]}}