{"id":464,"date":"2023-11-07T15:03:41","date_gmt":"2023-11-07T15:03:41","guid":{"rendered":"https:\/\/standify.org\/?product=controller-stand-zombie-hand"},"modified":"2025-12-17T03:35:32","modified_gmt":"2025-12-16T17:35:32","slug":"controller-stand-zombie-hand","status":"publish","type":"product","link":"https:\/\/standify.org\/de\/shop\/controller-stand-zombie-hand\/","title":{"rendered":"Controller St\u00e4nder Zombie Hand"},"content":{"rendered":"<p>Erwecke die Untoten zum Organisieren deiner Gaming-Ausr\u00fcstung mit der Zombie Hand - dem ultimativen Controller- und Kopfh\u00f6rerst\u00e4nder, der verspricht, deiner Gaming-Station Leben einzuhauchen!<\/p>\n<p>\ud83c\udfae <strong>Kopfh\u00f6rerhalterung - Der W\u00e4chter Ihrer Ger\u00e4te<\/strong> Verbessern Sie Ihr Spiel mit einer Halterung, die nicht nur funktional, sondern auch teuflisch stylisch ist. Dies ist nicht nur ein Ort, an dem du dein Headset nach einer anstrengenden Gaming-Session aufh\u00e4ngen kannst, sondern auch ein Statement. Ein Leuchtfeuer in der Nacht, das schreit: \"Gut gespielt!\" Lass diese Zombiehand aus den Tiefen deines Schreibtisches aufsteigen, um deine Kopfh\u00f6rer zu halten, damit sie makellos, entwirrt und immer in Reichweite sind.<\/p>\n<p>\ud83c\udfa7 <strong>Controller Haven - Umarmung des Griffs der Untoten<\/strong> Keine Angst, dieser St\u00e4nder diskriminiert nicht, er ist ein Halter, der alle Chancengleichheit bietet. Ganz gleich, ob du der Xbox, der PlayStation oder der Switch treu bist, diese Hand nimmt deinen Controller auf und h\u00e4lt ihn stolz in die H\u00f6he. Gefertigt aus widerstandsf\u00e4higem Harz und sorgf\u00e4ltig von Hand bemalt, ist dies nicht nur ein St\u00e4nder - es ist eine Troph\u00e4e, die von unz\u00e4hligen Schlachten und Siegen zeugt. Er ist nicht nur gebaut - er ist f\u00fcr die Ewigkeit geschmiedet und verspricht unersch\u00fctterliche Unterst\u00fctzung f\u00fcr dein edelstes Handwerkszeug.<\/p>\n<p>\ud83c\udfae <strong>Phone Stand - Deine Technik, von den Toten ergriffen<\/strong> Haben Sie schon einmal daran gedacht, dass Ihr Telefon einen Hauch von Makabrem gebrauchen k\u00f6nnte? Suchen Sie nicht weiter. Dieser St\u00e4nder h\u00e4lt Ihr mobiles Ger\u00e4t mit den kalten, toten H\u00e4nden der Apokalypse fest und sorgt daf\u00fcr, dass Sie auch in der Hitze des Gefechts einen klaren Blick auf Ihr Display haben. iPhone oder Samsung, Google oder ein anderes - mit oder ohne H\u00fclle - dieser Zombie urteilt nicht. Er h\u00e4lt einfach fest... unerbittlich.<\/p>\n<p>\ud83c\udfa7 <strong>Die Gabe des Grabes - Unerh\u00f6rte \u00dcberraschung f\u00fcr Gamer<\/strong> Suchst du nach dem perfekten Geschenk, um einen Gaming-Liebhaber zu beeindrucken? Die Zombie Hand wird in einer Verpackung geliefert, die genauso sorgf\u00e4ltig gestaltet wurde wie der St\u00e4nder selbst, um sicherzustellen, dass er in tadellosem Zustand aus dem Jenseits zu dir nach Hause kommt. Mit den Ma\u00dfen 17x27x18,5 cm ist sie die ideale Ablage f\u00fcr die offiziellen Controller der PS5, XBOX Series X|S und die meisten markt\u00fcblichen Headsets.<\/p>\n<p>Wage es, deinem Setup mit diesem einzigartigen Gaming-Accessoire einen Hauch des Au\u00dfergew\u00f6hnlichen zu verleihen. Jeder Blick auf die Zombie-Hand wird dich daran erinnern, dass du in der Welt des gew\u00f6hnlichen Spielers der \u00dcberlebende bist, der Letzte, der noch steht, der Neid der Horde.<\/p>","protected":false},"excerpt":{"rendered":"<p>Entfessle die Untoten und organisiere deine Gaming-Ausr\u00fcstung mit der Zombie Hand - dem ultimativen Controller- und Kopfh\u00f6rerst\u00e4nder, der<\/p>","protected":false},"featured_media":466,"comment_status":"open","ping_status":"closed","template":"","meta":[],"product_brand":[],"product_cat":[16,25],"product_tag":[24],"class_list":{"0":"post-464","1":"product","2":"type-product","3":"status-publish","4":"has-post-thumbnail","6":"product_cat-standify","7":"product_cat-controller-stand","8":"product_tag-controller-stand","10":"first","11":"instock","12":"sale","13":"taxable","14":"shipping-taxable","15":"purchasable","16":"product-type-simple"},"jetpack_sharing_enabled":true,"_links":{"self":[{"href":"https:\/\/standify.org\/de\/wp-json\/wp\/v2\/product\/464","targetHints":{"allow":["GET"]}}],"collection":[{"href":"https:\/\/standify.org\/de\/wp-json\/wp\/v2\/product"}],"about":[{"href":"https:\/\/standify.org\/de\/wp-json\/wp\/v2\/types\/product"}],"replies":[{"embeddable":true,"href":"https:\/\/standify.org\/de\/wp-json\/wp\/v2\/comments?post=464"}],"version-history":[{"count":0,"href":"https:\/\/standify.org\/de\/wp-json\/wp\/v2\/product\/464\/revisions"}],"wp:featuredmedia":[{"embeddable":true,"href":"https:\/\/standify.org\/de\/wp-json\/wp\/v2\/media\/466"}],"wp:attachment":[{"href":"https:\/\/standify.org\/de\/wp-json\/wp\/v2\/media?parent=464"}],"wp:term":[{"taxonomy":"product_brand","embeddable":true,"href":"https:\/\/standify.org\/de\/wp-json\/wp\/v2\/product_brand?post=464"},{"taxonomy":"product_cat","embeddable":true,"href":"https:\/\/standify.org\/de\/wp-json\/wp\/v2\/product_cat?post=464"},{"taxonomy":"product_tag","embeddable":true,"href":"https:\/\/standify.org\/de\/wp-json\/wp\/v2\/product_tag?post=464"}],"curies":[{"name":"wp","href":"https:\/\/api.w.org\/{rel}","templated":true}]}}