{"id":31906,"date":"2025-07-16T22:35:55","date_gmt":"2025-07-16T12:35:55","guid":{"rendered":"https:\/\/standify.org\/shop\/pokemon-universal-game-controller-stand\/"},"modified":"2026-04-16T23:30:36","modified_gmt":"2026-04-16T13:30:36","slug":"pokemon-universal-game-controller-stand","status":"publish","type":"product","link":"https:\/\/standify.org\/de\/shop\/pokemon-universal-game-controller-stand\/","title":{"rendered":"Pokemon Universal Game Controller St\u00e4nder"},"content":{"rendered":"<p><em>Bringen Sie Ihre Lieblingspartner aus Pallet Town in Ihren Spielraum.<\/em><\/p>\n<p>Egal, ob du dich mit Squirtles frechem Grinsen angefreundet, die W\u00e4rme von Charmanders Schwanzflamme gesp\u00fcrt, Bulbasaur's erster Knospe beigewohnt, \u00fcber Psyduck's verwirrten Blick gelacht oder Cubone's tapferen Totenkopfhelm bewundert hast, diese St\u00e4nder halten deinen Controller sicher und deine Nostalgie lebendig.<\/p>\n<p>Warum Trainer die Kollektion w\u00e4hlen<\/p>\n<ul>\n<li><strong>Universelle, wackelfreie Halterung<\/strong><br \/>\nH\u00e4lt Switch Pro, DualSense, Xbox Series X|S und die meisten anderen Controller sicher, ohne zu kippen.<\/li>\n<li><strong>Perfekter 3D-Druck mit Charakter<\/strong><br \/>\nPLA-Anfertigungen auf Abruf fangen jedes Detail ein - die Panzerfurchen von Squirtle, den gewellten Schwanz von Charmander, das Bl\u00e4tterdach von Bulbasaur, die gro\u00dfen Augen von Psyduck, den Knochenkamm von Cubone - und das in lebendigen, Pok\u00e9mon-getreuen Farben.<\/li>\n<li><strong>Weiche TPU-St\u00fctzpolster<\/strong><br \/>\nIntegrierte Eins\u00e4tze d\u00e4mpfen Joysticks und Tasten und sch\u00fctzen die Oberfl\u00e4chen vor Kratzern.<\/li>\n<li><strong>Umweltbewusste Produktion<\/strong><br \/>\nAuf Bestellung gedruckt, um \u00dcberbest\u00e4nde und Abfall zu vermeiden - lokal, nachhaltig, von Ausbildern genehmigt.<\/li>\n<\/ul>\n<p>Nostalgie trifft auf Funktion<\/p>\n<p>Jeder St\u00e4nder ist nicht nur Dekoration - er ist ein Portal zur\u00fcck zu deinem ersten Kampf im Fitnessstudio, deinem ersten Handel, deinem ersten Sieg. Lege deinen Controller an und sp\u00fcre den Funken, der dich zum Trainer gemacht hat. Und wenn dein Begleiter dein Setup nicht aufhellt, kann unser <strong>30-Tage-Indigo-Plateau-Garantie<\/strong> hat Sie abgesichert - ohne Fragen zu stellen.<\/p>\n<blockquote><p>\u201cMein Bulbasaur-St\u00e4nder ist so toll - er macht mich so gl\u00fccklich, wenn ich ihn nur ansehe, und mein Controller sitzt wirklich gut.\u201d<br \/>\n- Riley, Gepr\u00fcfter Ausbilder \u2b50\u2b50\u2b50\u2b50\u2b50<\/p><\/blockquote>\n<hr \/>\n<h3>\ud83d\udecd\ufe0f Sammeln &amp; Sparen: Kaufen Sie 2, erhalten Sie 10% Rabatt<\/h3>\n<p>Kombinieren Sie zwei beliebige Teams - stellen Sie Ihre Traummannschaft zusammen und beobachten Sie <strong>10%<\/strong> automatisch an der Kasse abgeben.<\/p>\n<p><strong>Bist du bereit, deine Partner aus Kanto \u00fcber dein n\u00e4chstes Abenteuer wachen zu lassen?<\/strong><br \/>\nHit <strong>IN DEN WARENKORB F\u00dcGEN<\/strong> und versorge deinen Spielplatz mit Pok\u00e9-Stolz.<\/p>\n<p><em>Nicht mit Nintendo verbunden. Mit Leidenschaft von Trainerkollegen hergestellt.<\/em><\/p>","protected":false},"excerpt":{"rendered":"<p>Bring deine Lieblingspartner aus Pallet Town in deinen Spielraum. Egal, ob du dich mit Squirtles frechem Grinsen anfreundest, die<\/p>","protected":false},"featured_media":34622,"comment_status":"open","ping_status":"closed","template":"","meta":[],"product_brand":[],"product_cat":[25,861,16],"product_tag":[21,24,413],"class_list":{"0":"post-31906","1":"product","2":"type-product","3":"status-publish","4":"has-post-thumbnail","6":"product_cat-controller-stand","7":"product_cat-pokemon","8":"product_cat-standify","9":"product_tag-decoration","10":"product_tag-controller-stand","11":"product_tag-pokemon","13":"first","14":"instock","15":"sale","16":"taxable","17":"shipping-taxable","18":"purchasable","19":"product-type-variable","20":"has-default-attributes"},"jetpack_sharing_enabled":true,"_links":{"self":[{"href":"https:\/\/standify.org\/de\/wp-json\/wp\/v2\/product\/31906","targetHints":{"allow":["GET"]}}],"collection":[{"href":"https:\/\/standify.org\/de\/wp-json\/wp\/v2\/product"}],"about":[{"href":"https:\/\/standify.org\/de\/wp-json\/wp\/v2\/types\/product"}],"replies":[{"embeddable":true,"href":"https:\/\/standify.org\/de\/wp-json\/wp\/v2\/comments?post=31906"}],"version-history":[{"count":3,"href":"https:\/\/standify.org\/de\/wp-json\/wp\/v2\/product\/31906\/revisions"}],"predecessor-version":[{"id":31942,"href":"https:\/\/standify.org\/de\/wp-json\/wp\/v2\/product\/31906\/revisions\/31942"}],"wp:featuredmedia":[{"embeddable":true,"href":"https:\/\/standify.org\/de\/wp-json\/wp\/v2\/media\/34622"}],"wp:attachment":[{"href":"https:\/\/standify.org\/de\/wp-json\/wp\/v2\/media?parent=31906"}],"wp:term":[{"taxonomy":"product_brand","embeddable":true,"href":"https:\/\/standify.org\/de\/wp-json\/wp\/v2\/product_brand?post=31906"},{"taxonomy":"product_cat","embeddable":true,"href":"https:\/\/standify.org\/de\/wp-json\/wp\/v2\/product_cat?post=31906"},{"taxonomy":"product_tag","embeddable":true,"href":"https:\/\/standify.org\/de\/wp-json\/wp\/v2\/product_tag?post=31906"}],"curies":[{"name":"wp","href":"https:\/\/api.w.org\/{rel}","templated":true}]}}