{"id":31887,"date":"2025-07-16T22:07:05","date_gmt":"2025-07-16T12:07:05","guid":{"rendered":"https:\/\/standify.org\/shop\/lapras-controller-stand\/"},"modified":"2025-09-18T01:19:25","modified_gmt":"2025-09-17T15:19:25","slug":"lapras-controller-stand","status":"publish","type":"product","link":"https:\/\/standify.org\/de\/shop\/lapras-controller-stand\/","title":{"rendered":"Lapras Controller-St\u00e4nder"},"content":{"rendered":"<p><em>Setzen Sie die Segel f\u00fcr eine nostalgiegeladene Organisation.<\/em><\/p>\n<p>Erinnerst du dich an den Nervenkitzel, auf dem R\u00fccken von Lapras durch kristallklare Gew\u00e4sser zu gleiten? Jetzt ist derselbe sanfte Riese bereit, das zu sch\u00fctzen, was jedes epische Abenteuer antreibt - deinen Controller. Docken Sie ihn zwischen den K\u00e4mpfen an, halten Sie Ihren Schreibtisch wellenfrei und lassen Sie sich bei jedem Blick daran erinnern, warum Sie sich \u00fcberhaupt in das Spiel verliebt haben.<\/p>\n<p>Warum Ausbilder es lieben<\/p>\n<ul>\n<li><strong>Universelle, wackelfreie Halterung<\/strong> - Geformt f\u00fcr Switch Pro, PS5 DualSense, Xbox Series X|S und die meisten Pads von Drittanbietern, ohne dass diese umkippen.<\/li>\n<li><strong>Geschenkfertig <\/strong>- l\u00f6st sofortige Freude aus, sobald es ausgepackt wird.<\/li>\n<\/ul>\n<p>F\u00fcr Spieler entwickelt, von Trainern unterst\u00fctzt<\/p>\n<p>Wir haben diesen St\u00e4nder f\u00fcr Spieler entwickelt, die Unordnung ebenso hassen wie sie Abenteuer lieben. Das Ergebnis? Weniger Chaos auf dem Schreibtisch, mehr Stolz auf Ihre Einrichtung und ein t\u00e4glicher Hauch von Kindheitswunder. Wenn Lapras Ihnen nicht jedes Mal ein L\u00e4cheln ins Gesicht zaubert, wenn Sie sich zum Spielen hinsetzen, gilt unsere 30-t\u00e4gige \u201cIndigo Plateau\u201d-Geld-zur\u00fcck-Garantie - ohne Fragen zu stellen.<\/p>\n<blockquote><p>\u201cSieht unglaublich aus auf meiner Battlestation und verhindert endlich, dass mein Pro Controller auf den Boden rollt.\u201d - Jess, verifizierter Trainer \u2b50\u2b50\u2b50\u2b50\u2b50<\/p><\/blockquote>\n<hr \/>\n<h3>\u26a1 Schnapp dir deins, bevor es wegschwimmt<\/h3>\n<p>Es handelt sich um eine Kleinserie, die von Fans hergestellt wird (nicht mit Nintendo verbunden), und jede Welle ist schnell ausverkauft. hinzuf\u00fcgen <em>zwei<\/em> in den Warenkorb legen und wir nehmen automatisch <strong>10% aus<\/strong>-damit sich Spieler 2 nie zur\u00fcckgesetzt f\u00fchlt.<\/p>\n<p><strong>Sind Sie bereit, Ihren Schreibtisch aufzur\u00e4umen und die Magie neu zu erleben?<\/strong><br \/>\nHit <strong>IN DEN WARENKORB F\u00dcGEN<\/strong> jetzt und lassen Sie Lapras \u00fcber Ihr n\u00e4chstes Abenteuer wachen.<\/p>","protected":false},"excerpt":{"rendered":"<p>Setzen Sie die Segel f\u00fcr eine nostalgische Organisation. Erinnern Sie sich noch an den Nervenkitzel, auf dem R\u00fccken eines Lapras durch kristallklares Wasser zu gleiten? Jetzt, da<\/p>","protected":false},"featured_media":31874,"comment_status":"open","ping_status":"closed","template":"","meta":[],"product_brand":[],"product_cat":[25],"product_tag":[21,24,413],"class_list":{"0":"post-31887","1":"product","2":"type-product","3":"status-publish","4":"has-post-thumbnail","6":"product_cat-controller-stand","7":"product_tag-decoration","8":"product_tag-controller-stand","9":"product_tag-pokemon","11":"first","12":"instock","13":"sale","14":"taxable","15":"shipping-taxable","16":"purchasable","17":"product-type-simple"},"jetpack_sharing_enabled":true,"_links":{"self":[{"href":"https:\/\/standify.org\/de\/wp-json\/wp\/v2\/product\/31887","targetHints":{"allow":["GET"]}}],"collection":[{"href":"https:\/\/standify.org\/de\/wp-json\/wp\/v2\/product"}],"about":[{"href":"https:\/\/standify.org\/de\/wp-json\/wp\/v2\/types\/product"}],"replies":[{"embeddable":true,"href":"https:\/\/standify.org\/de\/wp-json\/wp\/v2\/comments?post=31887"}],"version-history":[{"count":2,"href":"https:\/\/standify.org\/de\/wp-json\/wp\/v2\/product\/31887\/revisions"}],"predecessor-version":[{"id":32807,"href":"https:\/\/standify.org\/de\/wp-json\/wp\/v2\/product\/31887\/revisions\/32807"}],"wp:featuredmedia":[{"embeddable":true,"href":"https:\/\/standify.org\/de\/wp-json\/wp\/v2\/media\/31874"}],"wp:attachment":[{"href":"https:\/\/standify.org\/de\/wp-json\/wp\/v2\/media?parent=31887"}],"wp:term":[{"taxonomy":"product_brand","embeddable":true,"href":"https:\/\/standify.org\/de\/wp-json\/wp\/v2\/product_brand?post=31887"},{"taxonomy":"product_cat","embeddable":true,"href":"https:\/\/standify.org\/de\/wp-json\/wp\/v2\/product_cat?post=31887"},{"taxonomy":"product_tag","embeddable":true,"href":"https:\/\/standify.org\/de\/wp-json\/wp\/v2\/product_tag?post=31887"}],"curies":[{"name":"wp","href":"https:\/\/api.w.org\/{rel}","templated":true}]}}