{"id":268,"date":"2024-03-07T12:25:18","date_gmt":"2024-03-07T12:25:18","guid":{"rendered":"https:\/\/standify.org\/?post_type=product&#038;p=268"},"modified":"2026-04-30T20:29:34","modified_gmt":"2026-04-30T10:29:34","slug":"24cm-anime-dragon-ball-super-saiyan-son-goku-kakarotto-spirit-bomb-action-figure-pvc-model-collection-toys-gift","status":"publish","type":"product","link":"https:\/\/standify.org\/de\/shop\/24cm-anime-dragon-ball-super-saiyan-son-goku-kakarotto-spirit-bomb-action-figure-pvc-model-collection-toys-gift\/","title":{"rendered":"25cm GOKU HEADPHONE STAND"},"content":{"rendered":"<p class=\"whitespace-pre-wrap break-words\">\ud83c\udf1f <strong>DAS BESTE GESCHENK, DAS SIE JEMALS MACHEN WERDEN<\/strong> \ud83c\udf1f<\/p>\n<p class=\"whitespace-pre-wrap break-words\">Hol dir unseren Goku-Kopfh\u00f6rerst\u00e4nder aus Dragon Ball! Er ist ideal f\u00fcr Fans der Serie. Dieser St\u00e4nder h\u00e4lt deine Kopfh\u00f6rer und sieht aus wie Goku. Er ist perfekt, um deinen Schreibtisch cool aussehen zu lassen.<\/p>\n<p class=\"whitespace-pre-wrap break-words\"><strong>GR\u00d6SSE:<\/strong> \ud83d\udccf 25cm gro\u00df, genau wie Goku. <strong>BASE:<\/strong> Im Lieferumfang sind zwei St\u00e4nder enthalten - eine orangefarbene Kn\u00f6chelhalterung und ein Kristallst\u00e4nder f\u00fcr zus\u00e4tzlichen Halt.<\/p>\n<p class=\"whitespace-pre-wrap break-words\"><strong>WAS GUT DARAN IST<\/strong>:<\/p>\n<p class=\"whitespace-pre-wrap break-words\">\u2728 <strong>WELL-MADE<\/strong>: Hergestellt aus robustem PVC-Kunststoff, so dass es eine lange Lebensdauer hat.<br \/>\n\u2600\ufe0f <strong>SIEHT AUS WIE GOKU<\/strong>: Zeigt Goku in seiner ber\u00fchmten Power-Up-Pose.<br \/>\n\ud83d\udc09 <strong>IDEAL F\u00dcR SAMMLER<\/strong>: Perfekt, wenn Sie Dragon Ball lieben.<br \/>\n\ud83d\udd25 <strong>SIEHT COOL AUS<\/strong>: Verleiht Ihrem Schreibtisch oder Ihrem Spielbereich ein au\u00dfergew\u00f6hnliches Aussehen.<\/p>\n<p class=\"whitespace-pre-wrap break-words\">\ud83c\udfa7 <strong>WARUM SIE DIESEN GOKU-KOPFH\u00d6RERST\u00c4NDER BRAUCHEN<\/strong> \ud83c\udfa7<\/p>\n<ul class=\"-mt-1 list-disc space-y-2 pl-8\">\n<li class=\"whitespace-normal break-words\"><strong>Einzigartiges Design<\/strong>: L\u00e4sst Ihren Schreibtisch cool aussehen.<\/li>\n<li class=\"whitespace-normal break-words\"><strong>N\u00fctzlich<\/strong>: Bewahrt Ihre Kopfh\u00f6rer sicher und griffbereit auf.<\/li>\n<li class=\"whitespace-normal break-words\"><strong>Gro\u00dfes Geschenk<\/strong>: Perfekt f\u00fcr Leute, die Spiele und Dragon Ball Z m\u00f6gen.<\/li>\n<\/ul>\n<p class=\"whitespace-pre-wrap break-words\">\ud83d\udea8 <strong>NICHT VIELE LINKS!<\/strong> \ud83d\udea8 Viele Leute wollen das, also kaufe schnell!<\/p>\n<p class=\"whitespace-pre-wrap break-words\">\ud83d\udca5 <strong>MACHEN SIE IHREN SCHREIBTISCH FANTASTISCH<\/strong> \ud83d\udca5 Kaufe jetzt und lass Goku sich um deine Kopfh\u00f6rer k\u00fcmmern! \ud83d\udc09\ud83c\udfa7<\/p>\n<p><strong>Schneller Versand | Zufriedenheitsgarantie | Sicherer Checkout<\/strong><\/p>\n<div style=\"font-size: 8px;\">Tags: DBZ Goku, Dragon Ball Z Kopfh\u00f6rerst\u00e4nder, Kopfh\u00f6rerhalter, DBZ Kopfh\u00f6rerst\u00e4nder, Super Saiyan Kopfh\u00f6rerst\u00e4nder, Anime, Dragon Ball Super, Turtle Beach Kopfh\u00f6rerhalter, Steel Series Kopfh\u00f6rerhalter, Corsair Kopfh\u00f6rer, standify epic anime accessories, Kopfh\u00f6rerst\u00e4nder und Controller<\/div>","protected":false},"excerpt":{"rendered":"<p><strong>\ud83c\udf81 Das beste Geschenk, das du je machen wirst!<\/strong><br \/>\n<strong>\ud83d\ude32 Neid garantiert<br \/>\n\ud83c\udfc6 Hohe Qualit\u00e4t<\/strong><br \/>\n<strong>\ud83d\ude9a Kostenloser schneller Versand<br \/>\n<\/strong><\/p>","protected":false},"featured_media":10904,"comment_status":"open","ping_status":"closed","template":"","meta":[],"product_brand":[],"product_cat":[641,16,18],"product_tag":[17,21,143],"class_list":{"0":"post-268","1":"product","2":"type-product","3":"status-publish","4":"has-post-thumbnail","6":"product_cat-dragon-ball-z-super-saiyan","7":"product_cat-standify","8":"product_cat-action-figure","9":"product_tag-figurine","10":"product_tag-decoration","11":"product_tag-dbz","13":"first","14":"instock","15":"sale","16":"featured","17":"taxable","18":"shipping-taxable","19":"purchasable","20":"product-type-variable","21":"has-default-attributes"},"jetpack_sharing_enabled":true,"_links":{"self":[{"href":"https:\/\/standify.org\/de\/wp-json\/wp\/v2\/product\/268","targetHints":{"allow":["GET"]}}],"collection":[{"href":"https:\/\/standify.org\/de\/wp-json\/wp\/v2\/product"}],"about":[{"href":"https:\/\/standify.org\/de\/wp-json\/wp\/v2\/types\/product"}],"replies":[{"embeddable":true,"href":"https:\/\/standify.org\/de\/wp-json\/wp\/v2\/comments?post=268"}],"version-history":[{"count":8,"href":"https:\/\/standify.org\/de\/wp-json\/wp\/v2\/product\/268\/revisions"}],"predecessor-version":[{"id":16440,"href":"https:\/\/standify.org\/de\/wp-json\/wp\/v2\/product\/268\/revisions\/16440"}],"wp:featuredmedia":[{"embeddable":true,"href":"https:\/\/standify.org\/de\/wp-json\/wp\/v2\/media\/10904"}],"wp:attachment":[{"href":"https:\/\/standify.org\/de\/wp-json\/wp\/v2\/media?parent=268"}],"wp:term":[{"taxonomy":"product_brand","embeddable":true,"href":"https:\/\/standify.org\/de\/wp-json\/wp\/v2\/product_brand?post=268"},{"taxonomy":"product_cat","embeddable":true,"href":"https:\/\/standify.org\/de\/wp-json\/wp\/v2\/product_cat?post=268"},{"taxonomy":"product_tag","embeddable":true,"href":"https:\/\/standify.org\/de\/wp-json\/wp\/v2\/product_tag?post=268"}],"curies":[{"name":"wp","href":"https:\/\/api.w.org\/{rel}","templated":true}]}}