{"id":17546,"date":"2024-11-05T01:02:26","date_gmt":"2024-11-04T15:02:26","guid":{"rendered":"https:\/\/standify.org\/shop\/dbz-printed-drawstring-backpack-bag\/"},"modified":"2024-12-25T23:20:51","modified_gmt":"2024-12-25T13:20:51","slug":"dbz-printed-drawstring-backpack-bag","status":"publish","type":"product","link":"https:\/\/standify.org\/de\/shop\/dbz-printed-drawstring-backpack-bag\/","title":{"rendered":"DBZ gedruckt Kordelzug Rucksack Tasche"},"content":{"rendered":"<p><strong>Dragon Ball Z Bedruckter Rucksack mit Kordelzug \ud83d\udd25 \ud83d\udd25<\/strong><\/p>\n<p>Entfessle deinen inneren Saiyan mit diesem epischen <em>Dragon Ball Z<\/em> Rucksack mit Kordelzug! Perfekt f\u00fcr Fans, die die Macht von Goku, Vegeta und der DBZ-Crew \u00fcberall hin mitnehmen wollen. Diese Tasche ist nicht nur funktional, sondern auch ein mutiges Statement f\u00fcr jeden Anime-Liebhaber. \ud83c\udf92<\/p>\n<ul>\n<li><strong>\u26a1 Fettes DBZ-Artwork<\/strong>: Zeige atemberaubende Grafiken mit Super Saiyan-Verwandlungen und intensiven Actionszenen, die f\u00fcr Aufsehen sorgen.<\/li>\n<li><strong>\ud83d\udcaa Leicht und langlebig<\/strong>: Aus hochwertigem, strapazierf\u00e4higem Material gefertigt, um all Ihre Abenteuer zu bestehen.<\/li>\n<li><strong>\ud83d\udd17 Einfacher Kordelzug-Verschluss<\/strong>: Einfaches \u00d6ffnen und Schlie\u00dfen f\u00fcr einen schnellen Zugriff auf Ihre Ausr\u00fcstung.<\/li>\n<li><strong>\ud83c\udf1f Mehrzwecknutzung<\/strong>: Ideal f\u00fcr die Schule, das Fitnessstudio, die Reise oder einfach nur, um deine Liebe zu zeigen <em>Dragon Ball Z<\/em>.<\/li>\n<\/ul>\n<p><strong>\ud83d\udca5 HOLEN SIE SICH IHRE NOCH HEUTE!<\/strong> Nimm den Saiyan-Geist mit, wohin du auch gehst! \ud83d\udc09\u2728<\/p>","protected":false},"excerpt":{"rendered":"<p>Dragon Ball Z bedruckter Kordelzug-Rucksack \ud83d\udd25 Entfessle deinen inneren Saiyan mit diesem epischen Dragon Ball Z Kordelzug<\/p>","protected":false},"featured_media":17539,"comment_status":"open","ping_status":"closed","template":"","meta":[],"product_brand":[],"product_cat":[641,20],"product_tag":[143],"class_list":{"0":"post-17546","1":"product","2":"type-product","3":"status-publish","4":"has-post-thumbnail","6":"product_cat-dragon-ball-z-super-saiyan","7":"product_cat-apparel","8":"product_tag-dbz","10":"first","11":"instock","12":"sale","13":"taxable","14":"shipping-taxable","15":"purchasable","16":"product-type-variable"},"jetpack_sharing_enabled":true,"_links":{"self":[{"href":"https:\/\/standify.org\/de\/wp-json\/wp\/v2\/product\/17546","targetHints":{"allow":["GET"]}}],"collection":[{"href":"https:\/\/standify.org\/de\/wp-json\/wp\/v2\/product"}],"about":[{"href":"https:\/\/standify.org\/de\/wp-json\/wp\/v2\/types\/product"}],"replies":[{"embeddable":true,"href":"https:\/\/standify.org\/de\/wp-json\/wp\/v2\/comments?post=17546"}],"version-history":[{"count":1,"href":"https:\/\/standify.org\/de\/wp-json\/wp\/v2\/product\/17546\/revisions"}],"predecessor-version":[{"id":17878,"href":"https:\/\/standify.org\/de\/wp-json\/wp\/v2\/product\/17546\/revisions\/17878"}],"wp:featuredmedia":[{"embeddable":true,"href":"https:\/\/standify.org\/de\/wp-json\/wp\/v2\/media\/17539"}],"wp:attachment":[{"href":"https:\/\/standify.org\/de\/wp-json\/wp\/v2\/media?parent=17546"}],"wp:term":[{"taxonomy":"product_brand","embeddable":true,"href":"https:\/\/standify.org\/de\/wp-json\/wp\/v2\/product_brand?post=17546"},{"taxonomy":"product_cat","embeddable":true,"href":"https:\/\/standify.org\/de\/wp-json\/wp\/v2\/product_cat?post=17546"},{"taxonomy":"product_tag","embeddable":true,"href":"https:\/\/standify.org\/de\/wp-json\/wp\/v2\/product_tag?post=17546"}],"curies":[{"name":"wp","href":"https:\/\/api.w.org\/{rel}","templated":true}]}}