{"id":1696,"date":"2024-02-28T23:11:57","date_gmt":"2024-02-28T13:11:57","guid":{"rendered":"https:\/\/standify.org\/?post_type=product&#038;p=1696"},"modified":"2024-12-25T14:13:10","modified_gmt":"2024-12-25T04:13:10","slug":"anime-sonic-figure-hedgehog-phone-holder-switch-ps4-ps5-xbox-game-controller-holder-action-figure-model-toys-children-fans-gift","status":"publish","type":"product","link":"https:\/\/standify.org\/de\/shop\/anime-sonic-figure-hedgehog-phone-holder-switch-ps4-ps5-xbox-game-controller-holder-action-figure-model-toys-children-fans-gift\/","title":{"rendered":"Sonic The Hedgehog Controller-St\u00e4nder"},"content":{"rendered":"<p>Werten Sie Ihre Gaming-Station oder Ihren Arbeitsbereich mit einem Hauch von Gaming-Nostalgie auf. Unser Sonic The Hedgehog Phone &amp; Controller Holder ist nicht einfach nur ein weiterer St\u00e4nder, sondern ein Statement deiner Leidenschaft, ein Gespr\u00e4chsanreger und ein Statement Piece.<\/p>\n<p><strong>\ud83c\udf1f Warum den Sonic Controller Stand w\u00e4hlen?<\/strong><br \/>\n<strong><span data-mce-fragment=\"1\">\ud83d\udc4c\u00a0<\/span>Hochwertige Handwerkskunst:<\/strong> Er wird mit viel Liebe zum Detail aus hochwertigem PVC-Material geschmiedet, das eine lange Lebensdauer garantiert.<br \/>\n<strong><span data-mce-fragment=\"1\">\ud83e\udd94\u00a0<\/span>Ikonische dynamische Crash-Pose:<\/strong> Sonic tritt mit ausgestreckten H\u00e4nden in Aktion und ist bereit, dein Handy oder deinen Controller vor allen Hindernissen zu sch\u00fctzen.<br \/>\n<strong><span data-mce-fragment=\"1\">\ud83d\udc8e\u00a0<\/span>Solide und vertrauensw\u00fcrdig:<\/strong> Dank des stabilen Sockels k\u00f6nnen Sie sicher sein, dass Ihre wertvollen Besitzt\u00fcmer sicher stehen bleiben, ohne zu wackeln oder zu verrutschen.<br \/>\n<strong><span data-mce-fragment=\"1\">\ud83c\udf81\u00a0<\/span>F\u00fcr den ultimativen Fan:<\/strong> Dies ist nicht nur ein Halter, sondern eine Anspielung auf einen Klassiker. Egal, ob du bereits Sonic-Memorabilia sammelst oder gerade erst damit anf\u00e4ngst, dies ist ein unverzichtbares St\u00fcck, das du nicht missen m\u00f6chtest.<br \/>\n<strong><span data-mce-fragment=\"1\">\ud83c\udfae\u00a0<\/span>Vielseitig und vielseitig einsetzbar:<\/strong> Er sieht nicht nur umwerfend aus, sondern ist auch vielseitig verwendbar. Stellen Sie ihn als dekoratives Element zur Schau oder nutzen Sie seine Funktionalit\u00e4t, um Ihren Controller oder Ihr Telefon zu halten.<\/p>\n<p><strong>Spezifikationen:<\/strong><\/p>\n<ul>\n<li><strong>Gr\u00f6\u00dfe:<\/strong> 18 cm pure, ikonische Nostalgie!<\/li>\n<li><strong>Material:<\/strong> Hochwertiges PVC<\/li>\n<li><strong>Entwurf:<\/strong> Zweifacher Zweck - Ein funktionaler St\u00e4nder, der gleichzeitig ein dekoratives Meisterwerk ist!<\/li>\n<\/ul>\n<p>Lassen Sie sich diese Geschwindigkeit nicht entgehen. Bringen Sie noch heute einen Hauch des Sonic-Universums in Ihren Raum. Ob zum Spielen oder zum Ausstellen, der Sonic The Hedgehog Phone &amp; Controller Holder ist das Upgrade, auf das Sie gewartet haben. \ud83c\udf00\ud83c\udfae <em>Holen Sie sich Ihre jetzt!<\/em><\/p>\n<div class=\"detailmodule_html\">\n<div class=\"detail-desc-decorate-richtext\"><\/div>\n<\/div>","protected":false},"excerpt":{"rendered":"<p>Peppen Sie Ihre Gaming-Station oder Ihren Arbeitsplatz mit einem Hauch von Gaming-Nostalgie auf. Unser Sonic The Hedgehog Telefon &amp; Controller<\/p>","protected":false},"featured_media":10932,"comment_status":"open","ping_status":"closed","template":"","meta":[],"product_brand":[],"product_cat":[16,25],"product_tag":[22,24],"class_list":{"0":"post-1696","1":"product","2":"type-product","3":"status-publish","4":"has-post-thumbnail","6":"product_cat-standify","7":"product_cat-controller-stand","8":"product_tag-for-her","9":"product_tag-controller-stand","11":"first","12":"instock","13":"sale","14":"taxable","15":"shipping-taxable","16":"purchasable","17":"product-type-simple"},"jetpack_sharing_enabled":true,"_links":{"self":[{"href":"https:\/\/standify.org\/de\/wp-json\/wp\/v2\/product\/1696","targetHints":{"allow":["GET"]}}],"collection":[{"href":"https:\/\/standify.org\/de\/wp-json\/wp\/v2\/product"}],"about":[{"href":"https:\/\/standify.org\/de\/wp-json\/wp\/v2\/types\/product"}],"replies":[{"embeddable":true,"href":"https:\/\/standify.org\/de\/wp-json\/wp\/v2\/comments?post=1696"}],"version-history":[{"count":1,"href":"https:\/\/standify.org\/de\/wp-json\/wp\/v2\/product\/1696\/revisions"}],"predecessor-version":[{"id":21971,"href":"https:\/\/standify.org\/de\/wp-json\/wp\/v2\/product\/1696\/revisions\/21971"}],"wp:featuredmedia":[{"embeddable":true,"href":"https:\/\/standify.org\/de\/wp-json\/wp\/v2\/media\/10932"}],"wp:attachment":[{"href":"https:\/\/standify.org\/de\/wp-json\/wp\/v2\/media?parent=1696"}],"wp:term":[{"taxonomy":"product_brand","embeddable":true,"href":"https:\/\/standify.org\/de\/wp-json\/wp\/v2\/product_brand?post=1696"},{"taxonomy":"product_cat","embeddable":true,"href":"https:\/\/standify.org\/de\/wp-json\/wp\/v2\/product_cat?post=1696"},{"taxonomy":"product_tag","embeddable":true,"href":"https:\/\/standify.org\/de\/wp-json\/wp\/v2\/product_tag?post=1696"}],"curies":[{"name":"wp","href":"https:\/\/api.w.org\/{rel}","templated":true}]}}